{"id":6866,"date":"2021-01-24T10:40:20","date_gmt":"2021-01-24T10:40:20","guid":{"rendered":"http:\/\/megapharm.al\/index.php\/product\/import-placeholder-for-3711\/"},"modified":"2021-01-24T10:40:28","modified_gmt":"2021-01-24T10:40:28","slug":"body-excellence-method","status":"publish","type":"product","link":"https:\/\/megapharm.al\/?product=body-excellence-method","title":{"rendered":"Body EXCELLENCE METHOD"},"content":{"rendered":"<p>Body Excellence \u00ebsht\u00eb fije resorbuese me shirita shum\u00ebdrejtues, t\u00eb dizajnuar posa\u00e7\u00ebrisht. Karakteristika unike rrit forc\u00ebn e mbajtjes s\u00eb indeve t\u00eb trupit. Gjembat shum\u00ebdrejtimor\u00eb mund t\u00eb shp\u00ebrndajn\u00eb stresin dhe t\u00eb mbajn\u00eb indet e buta m\u00eb t\u00eb forta pas futjes.<br \/>\nBody Excellence mund t\u00eb p\u00ebrdoret p\u00ebr p\u00ebrafrimin dhe rinimin e pjes\u00ebve t\u00eb ndryshme t\u00eb trupit: krah\u00ebt, gjoksin, barkun, vithet, kofsh\u00ebt e brendshme, gjunj\u00ebt.<br \/>\nDizajni efikas i Body Excellence rregullon t\u00eb gjith\u00eb zon\u00ebn e trajtimit p\u00ebrmes nj\u00eb procedure t\u00eb leht\u00eb dhe jo invazive.<br \/>\nFijet futen p\u00ebrmes kanul\u00ebs atraumatike, t\u00eb maj\u00ebs s\u00eb topitur, duke shmangur k\u00ebshtu gjakderdhje shtes\u00eb dhe \u00ebnjtje pas procedur\u00ebs.<br \/>\nMetoda \u00ebsht\u00eb e leht\u00eb dhe e shpejt\u00eb p\u00ebr tu realizuar dhe praktikisht nuk ka nevoj\u00eb p\u00ebr joproduktive. Si rezultat, l\u00ebkura rip\u00ebrcaktohet, v\u00ebllimi rikthehet dhe efektet e plakjes zvog\u00eblohen ndjesh\u00ebm.<br \/>\nLLN2GSSP<br \/>\nFije P (LA \/ CL) me gjemba USP 2\/0, EP 3, 240 mm &#8211; 15 cop\u00eb<br \/>\nGjilp\u00ebr\u00eb me maj\u00eb t\u00eb err\u00ebt 19Gx200 mm, e drejt\u00eb &#8211; 2 cop\u00eb<br \/>\nGjilp\u00ebr\u00eb e pik\u00ebs Lancet 18Gx40mm, drejt &#8211; 1 cop\u00eb<br \/>\nLidhje gjilp\u00ebre e heqshme<\/p>\n","protected":false},"excerpt":{"rendered":"<p>Body Excellence \u00ebsht\u00eb fije resorbuese me shirita shum\u00ebdrejtues, t\u00eb dizajnuar posa\u00e7\u00ebrisht. Karakteristika unike rrit forc\u00ebn e mbajtjes s\u00eb indeve t\u00eb trupit. Gjembat shum\u00ebdrejtimor\u00eb mund t\u00eb shp\u00ebrndajn\u00eb stresin dhe t\u00eb mbajn\u00eb indet e buta m\u00eb t\u00eb forta pas futjes.<br \/>\nBody Excellence mund t\u00eb p\u00ebrdoret p\u00ebr p\u00ebrafrimin dhe rinimin e pjes\u00ebve t\u00eb ndryshme t\u00eb trupit: krah\u00ebt, gjoksin, barkun, vithet, kofsh\u00ebt e brendshme, gjunj\u00ebt.<br \/>\nDizajni efikas i Body Excellence rregullon t\u00eb gjith\u00eb zon\u00ebn e trajtimit p\u00ebrmes nj\u00eb procedure t\u00eb leht\u00eb dhe jo invazive.<br \/>\nFijet futen p\u00ebrmes kanul\u00ebs atraumatike, t\u00eb maj\u00ebs s\u00eb topitur, duke shmangur k\u00ebshtu gjakderdhje shtes\u00eb dhe \u00ebnjtje pas procedur\u00ebs.<br \/>\nMetoda \u00ebsht\u00eb e leht\u00eb dhe e shpejt\u00eb p\u00ebr tu realizuar dhe praktikisht nuk ka nevoj\u00eb p\u00ebr joproduktive. Si rezultat, l\u00ebkura rip\u00ebrcaktohet, v\u00ebllimi rikthehet dhe efektet e plakjes zvog\u00eblohen ndjesh\u00ebm.<br \/>\nLLN2GSSP<br \/>\nFije P (LA \/ CL) me gjemba USP 2\/0, EP 3, 240 mm &#8211; 15 cop\u00eb<br \/>\nGjilp\u00ebr\u00eb me maj\u00eb t\u00eb err\u00ebt 19Gx200 mm, e drejt\u00eb &#8211; 2 cop\u00eb<br \/>\nGjilp\u00ebr\u00eb e pik\u00ebs Lancet 18Gx40mm, drejt &#8211; 1 cop\u00eb<br \/>\nLidhje gjilp\u00ebre e heqshme<\/p>\n","protected":false},"featured_media":5950,"comment_status":"open","ping_status":"closed","template":"","meta":[],"product_cat":[139],"product_tag":[],"class_list":{"0":"post-6866","1":"product","2":"type-product","3":"status-publish","4":"has-post-thumbnail","6":"product_cat-aptos","8":"first","9":"instock","10":"shipping-taxable","11":"product-type-simple"},"_links":{"self":[{"href":"https:\/\/megapharm.al\/index.php?rest_route=\/wp\/v2\/product\/6866","targetHints":{"allow":["GET"]}}],"collection":[{"href":"https:\/\/megapharm.al\/index.php?rest_route=\/wp\/v2\/product"}],"about":[{"href":"https:\/\/megapharm.al\/index.php?rest_route=\/wp\/v2\/types\/product"}],"replies":[{"embeddable":true,"href":"https:\/\/megapharm.al\/index.php?rest_route=%2Fwp%2Fv2%2Fcomments&post=6866"}],"wp:featuredmedia":[{"embeddable":true,"href":"https:\/\/megapharm.al\/index.php?rest_route=\/wp\/v2\/media\/5950"}],"wp:attachment":[{"href":"https:\/\/megapharm.al\/index.php?rest_route=%2Fwp%2Fv2%2Fmedia&parent=6866"}],"wp:term":[{"taxonomy":"product_cat","embeddable":true,"href":"https:\/\/megapharm.al\/index.php?rest_route=%2Fwp%2Fv2%2Fproduct_cat&post=6866"},{"taxonomy":"product_tag","embeddable":true,"href":"https:\/\/megapharm.al\/index.php?rest_route=%2Fwp%2Fv2%2Fproduct_tag&post=6866"}],"curies":[{"name":"wp","href":"https:\/\/api.w.org\/{rel}","templated":true}]}}