{"id":6865,"date":"2021-01-24T10:40:20","date_gmt":"2021-01-24T10:40:20","guid":{"rendered":"http:\/\/megapharm.al\/index.php\/product\/import-placeholder-for-3710\/"},"modified":"2021-01-24T10:40:28","modified_gmt":"2021-01-24T10:40:28","slug":"body-needle-method","status":"publish","type":"product","link":"https:\/\/megapharm.al\/?product=body-needle-method","title":{"rendered":"Body NEEDLE METHOD"},"content":{"rendered":"<p>Metoda e gjilp\u00ebr\u00ebs &#8211; Gjilp\u00ebr\u00eb me dy cepa jo-thith\u00ebse me fije polipropileni pa gjemba.<br \/>\nMetoda e gjilp\u00ebr\u00ebs Aptos p\u00ebrdoret p\u00ebr t\u00eb hequr &#8220;mjekr\u00ebn e dyfisht\u00eb&#8221;, p\u00ebr t\u00eb ngritur l\u00ebkur\u00ebn dhe indet e buta t\u00eb qaf\u00ebs. P\u00ebr t\u00eb krijuar konturin e zon\u00ebs maksillar dhe n\u00ebnmaksillar k\u00ebshillohet t\u00eb p\u00ebrdorni metod\u00ebn &#8220;Hammock&#8221;.<br \/>\nP\u00ebrdorni metod\u00ebn e gjilp\u00ebr\u00ebs Aptos:<br \/>\n\u2022 p\u00ebr t\u00eb korrigjuar deformimin e lindur t\u00eb nj\u00eb prehri veshi<br \/>\n\u2022 p\u00ebr t\u00eb krijuar nj\u00eb k\u00ebnd n\u00ebn prehrin e veshit dhe<br \/>\n\u2022 p\u00ebr t\u00eb korrigjuar nd\u00ebrlikimet pas ngritjes s\u00eb pasuksesshme t\u00eb fytyr\u00ebs<br \/>\nN\u00eb Pako:<br \/>\nMetoda e gjilp\u00ebr\u00ebs<br \/>\nFije polipropileni USP 2\/0, EP3, 1200 mm. &#8211; 1 cop\u00eb<br \/>\nGjilp\u00ebr\u00eb me pik\u00eb Trocar GRT1.6x150mm., Drejt &#8211; 1 cop\u00eb.<br \/>\nShtojc\u00eb standarde e gjilp\u00ebr\u00ebs<\/p>\n","protected":false},"excerpt":{"rendered":"<p>Metoda e gjilp\u00ebr\u00ebs &#8211; Gjilp\u00ebr\u00eb me dy cepa jo-thith\u00ebse me fije polipropileni pa gjemba.<br \/>\nMetoda e gjilp\u00ebr\u00ebs Aptos p\u00ebrdoret p\u00ebr t\u00eb hequr &#8220;mjekr\u00ebn e dyfisht\u00eb&#8221;, p\u00ebr t\u00eb ngritur l\u00ebkur\u00ebn dhe indet e buta t\u00eb qaf\u00ebs. P\u00ebr t\u00eb krijuar konturin e zon\u00ebs maksillar dhe n\u00ebnmaksillar k\u00ebshillohet t\u00eb p\u00ebrdorni metod\u00ebn &#8220;Hammock&#8221;.<br \/>\nP\u00ebrdorni metod\u00ebn e gjilp\u00ebr\u00ebs Aptos:<br \/>\n\u2022 p\u00ebr t\u00eb korrigjuar deformimin e lindur t\u00eb nj\u00eb prehri veshi<br \/>\n\u2022 p\u00ebr t\u00eb krijuar nj\u00eb k\u00ebnd n\u00ebn prehrin e veshit dhe<br \/>\n\u2022 p\u00ebr t\u00eb korrigjuar nd\u00ebrlikimet pas ngritjes s\u00eb pasuksesshme t\u00eb fytyr\u00ebs<br \/>\nN\u00eb Pako:<br \/>\nMetoda e gjilp\u00ebr\u00ebs<br \/>\nFije polipropileni USP 2\/0, EP3, 1200 mm. &#8211; 1 cop\u00eb<br \/>\nGjilp\u00ebr\u00eb me pik\u00eb Trocar GRT1.6x150mm., Drejt &#8211; 1 cop\u00eb.<br \/>\nShtojc\u00eb standarde e gjilp\u00ebr\u00ebs<\/p>\n","protected":false},"featured_media":0,"comment_status":"open","ping_status":"closed","template":"","meta":[],"product_cat":[139],"product_tag":[],"class_list":{"0":"post-6865","1":"product","2":"type-product","3":"status-publish","5":"product_cat-aptos","7":"first","8":"instock","9":"shipping-taxable","10":"product-type-simple"},"_links":{"self":[{"href":"https:\/\/megapharm.al\/index.php?rest_route=\/wp\/v2\/product\/6865","targetHints":{"allow":["GET"]}}],"collection":[{"href":"https:\/\/megapharm.al\/index.php?rest_route=\/wp\/v2\/product"}],"about":[{"href":"https:\/\/megapharm.al\/index.php?rest_route=\/wp\/v2\/types\/product"}],"replies":[{"embeddable":true,"href":"https:\/\/megapharm.al\/index.php?rest_route=%2Fwp%2Fv2%2Fcomments&post=6865"}],"wp:attachment":[{"href":"https:\/\/megapharm.al\/index.php?rest_route=%2Fwp%2Fv2%2Fmedia&parent=6865"}],"wp:term":[{"taxonomy":"product_cat","embeddable":true,"href":"https:\/\/megapharm.al\/index.php?rest_route=%2Fwp%2Fv2%2Fproduct_cat&post=6865"},{"taxonomy":"product_tag","embeddable":true,"href":"https:\/\/megapharm.al\/index.php?rest_route=%2Fwp%2Fv2%2Fproduct_tag&post=6865"}],"curies":[{"name":"wp","href":"https:\/\/api.w.org\/{rel}","templated":true}]}}