{"id":6864,"date":"2021-01-24T10:40:20","date_gmt":"2021-01-24T10:40:20","guid":{"rendered":"http:\/\/megapharm.al\/index.php\/product\/import-placeholder-for-3709\/"},"modified":"2021-01-24T10:40:27","modified_gmt":"2021-01-24T10:40:27","slug":"body-wire-method-2","status":"publish","type":"product","link":"https:\/\/megapharm.al\/?product=body-wire-method-2","title":{"rendered":"Body WIRE METHOD"},"content":{"rendered":"<p>Metoda e telit &#8211; Metoda e telit Aptos \u00ebsht\u00eb nj\u00eb mjet teli me nj\u00eb gjilp\u00ebr\u00eb t\u00eb drejt\u00eb.<br \/>\nMe Metod\u00ebn Wire \u00ebsht\u00eb e mundur t\u00eb kalohet gjilp\u00ebra p\u00ebrmes indeve hipodermike n\u00eb nj\u00eb kontur t\u00eb mbyllur pa prerje t\u00eb l\u00ebkur\u00ebs. Metoda mund t\u00eb p\u00ebrdoret n\u00eb kirurgjin\u00eb e p\u00ebrgjithshme plastike dhe estetike.<br \/>\nMetoda Aptos Wire heq rrudhat dhe palos plag\u00ebt atrofike dhe t\u00eb d\u00ebmtuara nga fytyra dhe trupi, si dhe pabarazia e l\u00ebkur\u00ebs dhe indeve n\u00ebnl\u00ebkurore q\u00eb rezultojn\u00eb nga nj\u00eb liposuksion i pasuksessh\u00ebm. Manipulimi kryhet pa prerje, vet\u00ebm p\u00ebrmes shpimeve me kunja, pa ndonj\u00eb mbush\u00ebs, duke p\u00ebrdorur nj\u00eb pajisje t\u00eb projektuar posa\u00e7\u00ebrisht.<br \/>\nN\u00eb Pako:<br \/>\nMetoda e telit<br \/>\nTeli \u00e7elik inox USP 3\/0, EP 2, 450 mm. &#8211; 2 cop\u00eb<br \/>\nGjilp\u00ebr\u00eb n\u00eb pik\u00ebn Trocar 0,8&#215;85 mm. &#8211; 1 cop\u00eb<br \/>\nShtojc\u00eb standarde e gjilp\u00ebr\u00ebs<\/p>\n","protected":false},"excerpt":{"rendered":"<p>Metoda e telit &#8211; Metoda e telit Aptos \u00ebsht\u00eb nj\u00eb mjet teli me nj\u00eb gjilp\u00ebr\u00eb t\u00eb drejt\u00eb.<br \/>\nMe Metod\u00ebn Wire \u00ebsht\u00eb e mundur t\u00eb kalohet gjilp\u00ebra p\u00ebrmes indeve hipodermike n\u00eb nj\u00eb kontur t\u00eb mbyllur pa prerje t\u00eb l\u00ebkur\u00ebs. Metoda mund t\u00eb p\u00ebrdoret n\u00eb kirurgjin\u00eb e p\u00ebrgjithshme plastike dhe estetike.<br \/>\nMetoda Aptos Wire heq rrudhat dhe palos plag\u00ebt atrofike dhe t\u00eb d\u00ebmtuara nga fytyra dhe trupi, si dhe pabarazia e l\u00ebkur\u00ebs dhe indeve n\u00ebnl\u00ebkurore q\u00eb rezultojn\u00eb nga nj\u00eb liposuksion i pasuksessh\u00ebm. Manipulimi kryhet pa prerje, vet\u00ebm p\u00ebrmes shpimeve me kunja, pa ndonj\u00eb mbush\u00ebs, duke p\u00ebrdorur nj\u00eb pajisje t\u00eb projektuar posa\u00e7\u00ebrisht.<br \/>\nN\u00eb Pako:<br \/>\nMetoda e telit<br \/>\nTeli \u00e7elik inox USP 3\/0, EP 2, 450 mm. &#8211; 2 cop\u00eb<br \/>\nGjilp\u00ebr\u00eb n\u00eb pik\u00ebn Trocar 0,8&#215;85 mm. &#8211; 1 cop\u00eb<br \/>\nShtojc\u00eb standarde e gjilp\u00ebr\u00ebs<\/p>\n","protected":false},"featured_media":5949,"comment_status":"open","ping_status":"closed","template":"","meta":[],"product_cat":[139],"product_tag":[],"class_list":{"0":"post-6864","1":"product","2":"type-product","3":"status-publish","4":"has-post-thumbnail","6":"product_cat-aptos","8":"first","9":"instock","10":"shipping-taxable","11":"product-type-simple"},"_links":{"self":[{"href":"https:\/\/megapharm.al\/index.php?rest_route=\/wp\/v2\/product\/6864","targetHints":{"allow":["GET"]}}],"collection":[{"href":"https:\/\/megapharm.al\/index.php?rest_route=\/wp\/v2\/product"}],"about":[{"href":"https:\/\/megapharm.al\/index.php?rest_route=\/wp\/v2\/types\/product"}],"replies":[{"embeddable":true,"href":"https:\/\/megapharm.al\/index.php?rest_route=%2Fwp%2Fv2%2Fcomments&post=6864"}],"wp:featuredmedia":[{"embeddable":true,"href":"https:\/\/megapharm.al\/index.php?rest_route=\/wp\/v2\/media\/5949"}],"wp:attachment":[{"href":"https:\/\/megapharm.al\/index.php?rest_route=%2Fwp%2Fv2%2Fmedia&parent=6864"}],"wp:term":[{"taxonomy":"product_cat","embeddable":true,"href":"https:\/\/megapharm.al\/index.php?rest_route=%2Fwp%2Fv2%2Fproduct_cat&post=6864"},{"taxonomy":"product_tag","embeddable":true,"href":"https:\/\/megapharm.al\/index.php?rest_route=%2Fwp%2Fv2%2Fproduct_tag&post=6864"}],"curies":[{"name":"wp","href":"https:\/\/api.w.org\/{rel}","templated":true}]}}