{"id":6861,"date":"2021-01-24T10:40:20","date_gmt":"2021-01-24T10:40:20","guid":{"rendered":"http:\/\/megapharm.al\/index.php\/product\/import-placeholder-for-3686\/"},"modified":"2021-01-24T10:40:26","modified_gmt":"2021-01-24T10:40:26","slug":"nano-excellence-method-ha","status":"publish","type":"product","link":"https:\/\/megapharm.al\/?product=nano-excellence-method-ha","title":{"rendered":"Nano EXCELLENCE METHOD HA"},"content":{"rendered":"<p>Nano Excellence \u00ebsht\u00eb fije universale e resorbueshme me shirita shum\u00ebdrejtues, t\u00eb projektuar posa\u00e7\u00ebrisht p\u00ebr blindimin dhe rigjall\u00ebrimin. Pasi futet n\u00eb indet e buta, Nano Excellence stimulon rritjen e re t\u00eb kolagjenit, q\u00eb gjeneron l\u00ebkur\u00eb t\u00eb re t\u00eb sh\u00ebndetshme.<br \/>\nNano Excellence mund t\u00eb p\u00ebrdoret p\u00ebr blindimin dhe rinimin e pjes\u00ebve t\u00eb ndryshme t\u00eb fytyr\u00ebs, qaf\u00ebs dhe trupit.<br \/>\nDizajni efikas i Nano Excellence forcon l\u00ebkur\u00ebn n\u00eb t\u00eb gjith\u00eb zon\u00ebn e trajtimit. Fijet futen p\u00ebrmes kanul\u00ebs s\u00eb maj\u00ebs s\u00eb topitur atraumatike duke shmangur k\u00ebshtu gjakderdhjen shtes\u00eb dhe \u00ebnjtjen pas procedur\u00ebs.<br \/>\nMetoda \u00ebsht\u00eb e leht\u00eb dhe e shpejt\u00eb p\u00ebr t\u2019u p\u00ebrdorur dhe praktikisht nuk ka nevoj\u00eb p\u00ebr joproduktive p\u00ebr pacientin.<br \/>\nNEHA<br \/>\nFije P (LA \/ CL + HA) me gjemba USP 2\/0, EP 3, 80 mm &#8211; 10 cop\u00eb<br \/>\nGjilp\u00ebr\u00eb e zbraz\u00ebt me maj\u00eb t\u00eb rrumbullak\u00ebt 21Gx70mm, e drejt\u00eb &#8211; 10 cop\u00eb<br \/>\nGjilp\u00ebr\u00eb e zbraz\u00ebt me maj\u00eb t\u00eb rrumbullak\u00ebt 23Gx80 mm, e drejt\u00eb &#8211; 1 cop\u00eb<br \/>\nGjilp\u00ebr\u00eb e pik\u00ebs Lancet 18Gx40mm, drejt &#8211; 1 cop\u00eb<br \/>\nLidhje gjilp\u00ebre e heqshme<\/p>\n","protected":false},"excerpt":{"rendered":"<p>Nano Excellence \u00ebsht\u00eb fije universale e resorbueshme me shirita shum\u00ebdrejtues, t\u00eb projektuar posa\u00e7\u00ebrisht p\u00ebr blindimin dhe rigjall\u00ebrimin. Pasi futet n\u00eb indet e buta, Nano Excellence stimulon rritjen e re t\u00eb kolagjenit, q\u00eb gjeneron l\u00ebkur\u00eb t\u00eb re t\u00eb sh\u00ebndetshme.<br \/>\nNano Excellence mund t\u00eb p\u00ebrdoret p\u00ebr blindimin dhe rinimin e pjes\u00ebve t\u00eb ndryshme t\u00eb fytyr\u00ebs, qaf\u00ebs dhe trupit.<br \/>\nDizajni efikas i Nano Excellence forcon l\u00ebkur\u00ebn n\u00eb t\u00eb gjith\u00eb zon\u00ebn e trajtimit. Fijet futen p\u00ebrmes kanul\u00ebs s\u00eb maj\u00ebs s\u00eb topitur atraumatike duke shmangur k\u00ebshtu gjakderdhjen shtes\u00eb dhe \u00ebnjtjen pas procedur\u00ebs.<br \/>\nMetoda \u00ebsht\u00eb e leht\u00eb dhe e shpejt\u00eb p\u00ebr t\u2019u p\u00ebrdorur dhe praktikisht nuk ka nevoj\u00eb p\u00ebr joproduktive p\u00ebr pacientin.<br \/>\nNEHA<br \/>\nFije P (LA \/ CL + HA) me gjemba USP 2\/0, EP 3, 80 mm &#8211; 10 cop\u00eb<br \/>\nGjilp\u00ebr\u00eb e zbraz\u00ebt me maj\u00eb t\u00eb rrumbullak\u00ebt 21Gx70mm, e drejt\u00eb &#8211; 10 cop\u00eb<br \/>\nGjilp\u00ebr\u00eb e zbraz\u00ebt me maj\u00eb t\u00eb rrumbullak\u00ebt 23Gx80 mm, e drejt\u00eb &#8211; 1 cop\u00eb<br \/>\nGjilp\u00ebr\u00eb e pik\u00ebs Lancet 18Gx40mm, drejt &#8211; 1 cop\u00eb<br \/>\nLidhje gjilp\u00ebre e heqshme<\/p>\n","protected":false},"featured_media":5947,"comment_status":"open","ping_status":"closed","template":"","meta":[],"product_cat":[139],"product_tag":[],"class_list":{"0":"post-6861","1":"product","2":"type-product","3":"status-publish","4":"has-post-thumbnail","6":"product_cat-aptos","8":"first","9":"instock","10":"shipping-taxable","11":"product-type-simple"},"_links":{"self":[{"href":"https:\/\/megapharm.al\/index.php?rest_route=\/wp\/v2\/product\/6861","targetHints":{"allow":["GET"]}}],"collection":[{"href":"https:\/\/megapharm.al\/index.php?rest_route=\/wp\/v2\/product"}],"about":[{"href":"https:\/\/megapharm.al\/index.php?rest_route=\/wp\/v2\/types\/product"}],"replies":[{"embeddable":true,"href":"https:\/\/megapharm.al\/index.php?rest_route=%2Fwp%2Fv2%2Fcomments&post=6861"}],"wp:featuredmedia":[{"embeddable":true,"href":"https:\/\/megapharm.al\/index.php?rest_route=\/wp\/v2\/media\/5947"}],"wp:attachment":[{"href":"https:\/\/megapharm.al\/index.php?rest_route=%2Fwp%2Fv2%2Fmedia&parent=6861"}],"wp:term":[{"taxonomy":"product_cat","embeddable":true,"href":"https:\/\/megapharm.al\/index.php?rest_route=%2Fwp%2Fv2%2Fproduct_cat&post=6861"},{"taxonomy":"product_tag","embeddable":true,"href":"https:\/\/megapharm.al\/index.php?rest_route=%2Fwp%2Fv2%2Fproduct_tag&post=6861"}],"curies":[{"name":"wp","href":"https:\/\/api.w.org\/{rel}","templated":true}]}}