{"id":6860,"date":"2021-01-24T10:40:19","date_gmt":"2021-01-24T10:40:19","guid":{"rendered":"http:\/\/megapharm.al\/index.php\/product\/import-placeholder-for-3685\/"},"modified":"2021-01-24T10:40:26","modified_gmt":"2021-01-24T10:40:26","slug":"visage-excellence-method-ha","status":"publish","type":"product","link":"https:\/\/megapharm.al\/?product=visage-excellence-method-ha","title":{"rendered":"Visage EXCELLENCE METHOD HA"},"content":{"rendered":"<p>Visage Excellence \u00ebsht\u00eb fije kirurgjikale universale e resorbueshme me shirita shum\u00ebdrejtimor\u00eb, t\u00eb projektuar posa\u00e7\u00ebrisht. Karakteristika unike rrit forc\u00ebn e mbajtjes s\u00eb indeve. Gjembat me shum\u00eb drejtime mund t\u00eb shp\u00ebrndajn\u00eb, stresojn\u00eb dhe mbajn\u00eb indet e buta m\u00eb t\u00eb forta pas futjes.<br \/>\nVisage Excellence mund t\u00eb p\u00ebrdoret p\u00ebr fiksimin e indeve n\u00ebnl\u00ebkurore t\u00eb fytyr\u00ebs dhe qaf\u00ebs.<br \/>\nDizajni efikas i Visage Excellence p\u00ebrafron t\u00eb gjith\u00eb zon\u00ebn e trajtimit p\u00ebrmes nj\u00eb procedure t\u00eb leht\u00eb dhe jo invazive. Fijet futen p\u00ebrmes kanul\u00ebs maja t\u00eb rrumbullak\u00ebt atraumatike, duke shmangur k\u00ebshtu nj\u00eb gjakderdhje shtes\u00eb dhe \u00ebnjtje pas procedur\u00ebs.<br \/>\nMetoda \u00ebsht\u00eb e leht\u00eb dhe e shpejt\u00eb p\u00ebr t\u2019u p\u00ebrdorur dhe ka nevoj\u00eb p\u00ebr minimum joproduktive p\u00ebr pacientin.<br \/>\nEVHA<br \/>\nFije P (LA \/ CL) me gjemba USP 2\/0, EP 3, 190 mm &#8211; 10 cop\u00eb<br \/>\nGjilp\u00ebr\u00eb e zbraz\u00ebt me maj\u00eb t\u00eb rrumbullak\u00ebt 20Gx150 mm, e drejt\u00eb &#8211; 10 cop\u00eb<br \/>\nGjilp\u00ebr\u00eb e zbraz\u00ebt me maj\u00eb t\u00eb rrumbullak\u00ebt 23Gx80 mm, e drejt\u00eb &#8211; 1 cop\u00eb<br \/>\nGjilp\u00ebr\u00eb e pik\u00ebs Lancet 18Gx40mm, drejt &#8211; 1 cop\u00eb<br \/>\nLidhje gjilp\u00ebre e heqshme<br \/>\nN\u00eb Pako:<br \/>\nP\u00ebrthithsh\u00ebm<\/p>\n","protected":false},"excerpt":{"rendered":"<p>Visage Excellence \u00ebsht\u00eb fije kirurgjikale universale e resorbueshme me shirita shum\u00ebdrejtimor\u00eb, t\u00eb projektuar posa\u00e7\u00ebrisht. Karakteristika unike rrit forc\u00ebn e mbajtjes s\u00eb indeve. Gjembat me shum\u00eb drejtime mund t\u00eb shp\u00ebrndajn\u00eb, stresojn\u00eb dhe mbajn\u00eb indet e buta m\u00eb t\u00eb forta pas futjes.<br \/>\nVisage Excellence mund t\u00eb p\u00ebrdoret p\u00ebr fiksimin e indeve n\u00ebnl\u00ebkurore t\u00eb fytyr\u00ebs dhe qaf\u00ebs.<br \/>\nDizajni efikas i Visage Excellence p\u00ebrafron t\u00eb gjith\u00eb zon\u00ebn e trajtimit p\u00ebrmes nj\u00eb procedure t\u00eb leht\u00eb dhe jo invazive. Fijet futen p\u00ebrmes kanul\u00ebs maja t\u00eb rrumbullak\u00ebt atraumatike, duke shmangur k\u00ebshtu nj\u00eb gjakderdhje shtes\u00eb dhe \u00ebnjtje pas procedur\u00ebs.<br \/>\nMetoda \u00ebsht\u00eb e leht\u00eb dhe e shpejt\u00eb p\u00ebr t\u2019u p\u00ebrdorur dhe ka nevoj\u00eb p\u00ebr minimum joproduktive p\u00ebr pacientin.<br \/>\nEVHA<br \/>\nFije P (LA \/ CL) me gjemba USP 2\/0, EP 3, 190 mm &#8211; 10 cop\u00eb<br \/>\nGjilp\u00ebr\u00eb e zbraz\u00ebt me maj\u00eb t\u00eb rrumbullak\u00ebt 20Gx150 mm, e drejt\u00eb &#8211; 10 cop\u00eb<br \/>\nGjilp\u00ebr\u00eb e zbraz\u00ebt me maj\u00eb t\u00eb rrumbullak\u00ebt 23Gx80 mm, e drejt\u00eb &#8211; 1 cop\u00eb<br \/>\nGjilp\u00ebr\u00eb e pik\u00ebs Lancet 18Gx40mm, drejt &#8211; 1 cop\u00eb<br \/>\nLidhje gjilp\u00ebre e heqshme<br \/>\nN\u00eb Pako:<br \/>\nP\u00ebrthithsh\u00ebm<\/p>\n","protected":false},"featured_media":5946,"comment_status":"open","ping_status":"closed","template":"","meta":[],"product_cat":[139],"product_tag":[],"class_list":{"0":"post-6860","1":"product","2":"type-product","3":"status-publish","4":"has-post-thumbnail","6":"product_cat-aptos","8":"first","9":"instock","10":"shipping-taxable","11":"product-type-simple"},"_links":{"self":[{"href":"https:\/\/megapharm.al\/index.php?rest_route=\/wp\/v2\/product\/6860","targetHints":{"allow":["GET"]}}],"collection":[{"href":"https:\/\/megapharm.al\/index.php?rest_route=\/wp\/v2\/product"}],"about":[{"href":"https:\/\/megapharm.al\/index.php?rest_route=\/wp\/v2\/types\/product"}],"replies":[{"embeddable":true,"href":"https:\/\/megapharm.al\/index.php?rest_route=%2Fwp%2Fv2%2Fcomments&post=6860"}],"wp:featuredmedia":[{"embeddable":true,"href":"https:\/\/megapharm.al\/index.php?rest_route=\/wp\/v2\/media\/5946"}],"wp:attachment":[{"href":"https:\/\/megapharm.al\/index.php?rest_route=%2Fwp%2Fv2%2Fmedia&parent=6860"}],"wp:term":[{"taxonomy":"product_cat","embeddable":true,"href":"https:\/\/megapharm.al\/index.php?rest_route=%2Fwp%2Fv2%2Fproduct_cat&post=6860"},{"taxonomy":"product_tag","embeddable":true,"href":"https:\/\/megapharm.al\/index.php?rest_route=%2Fwp%2Fv2%2Fproduct_tag&post=6860"}],"curies":[{"name":"wp","href":"https:\/\/api.w.org\/{rel}","templated":true}]}}