{"id":6859,"date":"2021-01-24T10:40:19","date_gmt":"2021-01-24T10:40:19","guid":{"rendered":"http:\/\/megapharm.al\/index.php\/product\/import-placeholder-for-3684\/"},"modified":"2021-01-24T10:40:26","modified_gmt":"2021-01-24T10:40:26","slug":"light-lift-spring-method-soft","status":"publish","type":"product","link":"https:\/\/megapharm.al\/?product=light-lift-spring-method-soft","title":{"rendered":"Light Lift SPRING METHOD Soft"},"content":{"rendered":"<p>Light Lift Spring \u00ebsht\u00eb nj\u00eb fije e mb\u00ebshtjell\u00eb spirale rreth gjilp\u00ebr\u00ebs me maj\u00eb t\u00eb maj\u00ebs. Versioni i but\u00eb i Light Lift Spring \u00ebsht\u00eb fije e mb\u00ebshtjell\u00eb spirale rreth kanul\u00ebs s\u00eb maj\u00ebs s\u00eb topitur.<br \/>\nThreads jan\u00eb n\u00eb dispozicion si n\u00eb nj\u00eb version t\u00eb resorbable dhe t\u00eb p\u00ebrhersh\u00ebm.<br \/>\nPranvera ruan elasticitetin dhe form\u00ebn e saj pas futjes dhe fikson linjat e marionet\u00ebs n\u00eb m\u00ebnyr\u00eb efektive. Pasi t\u00eb futet n\u00eb l\u00ebkur\u00eb, Pranvera stimulon prodhimin e kolagjenit dhe gjeneron l\u00ebkur\u00eb t\u00eb sh\u00ebndetshme dhe t\u00eb re.<br \/>\nFije e re pranverore ka p\u00ebrmir\u00ebsuar kujtes\u00ebn e form\u00ebs dhe mbillet nga nj\u00eb kanul me maj\u00eb t\u00eb topitur. Fal\u00eb saj, metoda e ngritjes s\u00eb fijeve \u00ebsht\u00eb b\u00ebr\u00eb m\u00eb e but\u00eb dhe m\u00eb efektive!<br \/>\nAptos Spring Soft b\u00ebn t\u00eb mundur ngritjen e cepave t\u00eb buz\u00ebve, duke marr\u00eb pjes\u00eb nj\u00ebkoh\u00ebsisht n\u00eb tkurrje dhe relaksim t\u00eb muskujve q\u00eb nuk imigrojn\u00eb shprehjen e fytyr\u00ebs.<br \/>\nLLSS<br \/>\nFije P (LA \/ CL) USP 2\/0, EP 3, 440 mm mb\u00ebshtjell\u00eb spirale rreth gjilp\u00ebr\u00ebs s\u00eb maj\u00ebs s\u00eb topitur 0,9&#215;90 mm, e drejt\u00eb &#8211; 2 cop\u00eb<br \/>\nFije P (LA \/ CL) USP 2\/0, EP 3, 470 mm mb\u00ebshtjell\u00eb spirale rreth gjilp\u00ebr\u00ebs s\u00eb maj\u00ebs s\u00eb topitur 1,1&#215;100 mm, drejt &#8211; 2 cop\u00eb<br \/>\nLidhje gjilp\u00ebre e heqshme<br \/>\nN\u00eb Pako:<br \/>\nP\u00ebrthithsh\u00ebm<br \/>\nLloji i gjilp\u00ebr\u00ebs: i but\u00eb<\/p>\n","protected":false},"excerpt":{"rendered":"<p>Light Lift Spring \u00ebsht\u00eb nj\u00eb fije e mb\u00ebshtjell\u00eb spirale rreth gjilp\u00ebr\u00ebs me maj\u00eb t\u00eb maj\u00ebs. Versioni i but\u00eb i Light Lift Spring \u00ebsht\u00eb fije e mb\u00ebshtjell\u00eb spirale rreth kanul\u00ebs s\u00eb maj\u00ebs s\u00eb topitur.<br \/>\nThreads jan\u00eb n\u00eb dispozicion si n\u00eb nj\u00eb version t\u00eb resorbable dhe t\u00eb p\u00ebrhersh\u00ebm.<br \/>\nPranvera ruan elasticitetin dhe form\u00ebn e saj pas futjes dhe fikson linjat e marionet\u00ebs n\u00eb m\u00ebnyr\u00eb efektive. Pasi t\u00eb futet n\u00eb l\u00ebkur\u00eb, Pranvera stimulon prodhimin e kolagjenit dhe gjeneron l\u00ebkur\u00eb t\u00eb sh\u00ebndetshme dhe t\u00eb re.<br \/>\nFije e re pranverore ka p\u00ebrmir\u00ebsuar kujtes\u00ebn e form\u00ebs dhe mbillet nga nj\u00eb kanul me maj\u00eb t\u00eb topitur. Fal\u00eb saj, metoda e ngritjes s\u00eb fijeve \u00ebsht\u00eb b\u00ebr\u00eb m\u00eb e but\u00eb dhe m\u00eb efektive!<br \/>\nAptos Spring Soft b\u00ebn t\u00eb mundur ngritjen e cepave t\u00eb buz\u00ebve, duke marr\u00eb pjes\u00eb nj\u00ebkoh\u00ebsisht n\u00eb tkurrje dhe relaksim t\u00eb muskujve q\u00eb nuk imigrojn\u00eb shprehjen e fytyr\u00ebs.<br \/>\nLLSS<br \/>\nFije P (LA \/ CL) USP 2\/0, EP 3, 440 mm mb\u00ebshtjell\u00eb spirale rreth gjilp\u00ebr\u00ebs s\u00eb maj\u00ebs s\u00eb topitur 0,9&#215;90 mm, e drejt\u00eb &#8211; 2 cop\u00eb<br \/>\nFije P (LA \/ CL) USP 2\/0, EP 3, 470 mm mb\u00ebshtjell\u00eb spirale rreth gjilp\u00ebr\u00ebs s\u00eb maj\u00ebs s\u00eb topitur 1,1&#215;100 mm, drejt &#8211; 2 cop\u00eb<br \/>\nLidhje gjilp\u00ebre e heqshme<br \/>\nN\u00eb Pako:<br \/>\nP\u00ebrthithsh\u00ebm<br \/>\nLloji i gjilp\u00ebr\u00ebs: i but\u00eb<\/p>\n","protected":false},"featured_media":5945,"comment_status":"open","ping_status":"closed","template":"","meta":[],"product_cat":[139],"product_tag":[],"class_list":{"0":"post-6859","1":"product","2":"type-product","3":"status-publish","4":"has-post-thumbnail","6":"product_cat-aptos","8":"first","9":"instock","10":"shipping-taxable","11":"product-type-simple"},"_links":{"self":[{"href":"https:\/\/megapharm.al\/index.php?rest_route=\/wp\/v2\/product\/6859","targetHints":{"allow":["GET"]}}],"collection":[{"href":"https:\/\/megapharm.al\/index.php?rest_route=\/wp\/v2\/product"}],"about":[{"href":"https:\/\/megapharm.al\/index.php?rest_route=\/wp\/v2\/types\/product"}],"replies":[{"embeddable":true,"href":"https:\/\/megapharm.al\/index.php?rest_route=%2Fwp%2Fv2%2Fcomments&post=6859"}],"wp:featuredmedia":[{"embeddable":true,"href":"https:\/\/megapharm.al\/index.php?rest_route=\/wp\/v2\/media\/5945"}],"wp:attachment":[{"href":"https:\/\/megapharm.al\/index.php?rest_route=%2Fwp%2Fv2%2Fmedia&parent=6859"}],"wp:term":[{"taxonomy":"product_cat","embeddable":true,"href":"https:\/\/megapharm.al\/index.php?rest_route=%2Fwp%2Fv2%2Fproduct_cat&post=6859"},{"taxonomy":"product_tag","embeddable":true,"href":"https:\/\/megapharm.al\/index.php?rest_route=%2Fwp%2Fv2%2Fproduct_tag&post=6859"}],"curies":[{"name":"wp","href":"https:\/\/api.w.org\/{rel}","templated":true}]}}