{"id":6856,"date":"2021-01-24T10:40:19","date_gmt":"2021-01-24T10:40:19","guid":{"rendered":"http:\/\/megapharm.al\/index.php\/product\/import-placeholder-for-3681\/"},"modified":"2021-01-24T10:40:25","modified_gmt":"2021-01-24T10:40:25","slug":"light-lift-needle-method-soft","status":"publish","type":"product","link":"https:\/\/megapharm.al\/?product=light-lift-needle-method-soft","title":{"rendered":"Light Lift NEEDLE METHOD Soft"},"content":{"rendered":"<p>Gjilp\u00ebra e ngritjes s\u00eb drit\u00ebs \u00ebsht\u00eb nj\u00eb fije me gjemba me dy drejtime e cila lejon qasje minimale invazive dhe natyrore ndaj ndryshimeve t\u00eb lidhura me mosh\u00ebn e indeve t\u00eb buta. Gjilp\u00ebrat e ngritjes s\u00eb drit\u00ebs jan\u00eb n\u00eb dispozicion si n\u00eb nj\u00eb version t\u00eb resorbuesh\u00ebm dhe t\u00eb p\u00ebrhersh\u00ebm. Ato duhet t\u00eb futen n\u00eb dhjamin n\u00ebnl\u00ebkuror.<br \/>\nN\u00eb Gjilp\u00ebr\u00ebn e Ngritjes s\u00eb Drit\u00ebs, filli \u00ebsht\u00eb bashkangjitur n\u00eb mes t\u00eb trek\u00ebnd\u00ebshit t\u00eb drejt\u00eb, duke prer\u00eb hala t\u00eb dyfishta me k\u00ebshilla t\u00eb mprehta t\u00eb dyfishta. N\u00eb versionin e but\u00eb t\u00eb Gjilp\u00ebr\u00ebs s\u00eb Ngritjes s\u00eb Drit\u00ebs, filli \u00ebsht\u00eb i bashkangjitur n\u00eb fund t\u00eb gjilp\u00ebrave t\u00eb zbraz\u00ebta t\u00eb drejta, t\u00eb pik\u00ebs s\u00eb shiritave me k\u00ebshilla t\u00eb mprehta t\u00eb dyfishta .<br \/>\nN\u00eb versionin e hapur t\u00eb Gjilp\u00ebr\u00ebs s\u00eb Ngritjes s\u00eb Drit\u00ebs, filli \u00ebsht\u00eb i bashkangjitur n\u00eb fund t\u00eb dy gjilp\u00ebrave t\u00eb drejta, t\u00eb zbraz\u00ebta me maja t\u00eb dyfishta t\u00eb topitura.<br \/>\nP\u00ebr shkak t\u00eb struktur\u00ebs, mjek\u00ebt kan\u00eb mund\u00ebsi t\u00eb korrigjojn\u00eb zon\u00ebn submentale, vetullat, me nj\u00eb qepje t\u00eb vetme q\u00eb kalon nga nj\u00ebra an\u00eb n\u00eb tjetr\u00ebn, pa marr\u00eb hala krejt\u00ebsisht nga l\u00ebkura. Kjo parandalon t\u00ebrheqjen e l\u00ebkur\u00ebs nga pacienti n\u00eb pikat e daljes p\u00ebrgjat\u00eb shtegut. Forma dhe k\u00ebndi i ri i qaf\u00ebs duken menj\u00ebher\u00eb. Fiksimi vazhdon me kalimin e koh\u00ebs.<br \/>\nLLN2GSL<br \/>\nFije P (LA \/ CL) me gjemba USP 2\/0, EP3, 500 mm &#8211; 2 cop\u00eb<br \/>\nGjilp\u00ebr\u00eb e zbraz\u00ebt me maj\u00eb me dy presa, me gjilp\u00ebr\u00eb, 1,1&#215;120 mm, e drejt\u00eb &#8211; 4 cop\u00eb.<br \/>\nShtojc\u00eb standarde e gjilp\u00ebr\u00ebs<br \/>\nN\u00eb Pako:<br \/>\nP\u00ebrthithsh\u00ebm<br \/>\nLloji i gjilp\u00ebr\u00ebs: i but\u00eb<br \/>\nLloji i fillit: Bi-drejtuar<br \/>\nNumri i fijeve: 2<\/p>\n","protected":false},"excerpt":{"rendered":"<p>Gjilp\u00ebra e ngritjes s\u00eb drit\u00ebs \u00ebsht\u00eb nj\u00eb fije me gjemba me dy drejtime e cila lejon qasje minimale invazive dhe natyrore ndaj ndryshimeve t\u00eb lidhura me mosh\u00ebn e indeve t\u00eb buta. Gjilp\u00ebrat e ngritjes s\u00eb drit\u00ebs jan\u00eb n\u00eb dispozicion si n\u00eb nj\u00eb version t\u00eb resorbuesh\u00ebm dhe t\u00eb p\u00ebrhersh\u00ebm. Ato duhet t\u00eb futen n\u00eb dhjamin n\u00ebnl\u00ebkuror.<br \/>\nN\u00eb Gjilp\u00ebr\u00ebn e Ngritjes s\u00eb Drit\u00ebs, filli \u00ebsht\u00eb bashkangjitur n\u00eb mes t\u00eb trek\u00ebnd\u00ebshit t\u00eb drejt\u00eb, duke prer\u00eb hala t\u00eb dyfishta me k\u00ebshilla t\u00eb mprehta t\u00eb dyfishta. N\u00eb versionin e but\u00eb t\u00eb Gjilp\u00ebr\u00ebs s\u00eb Ngritjes s\u00eb Drit\u00ebs, filli \u00ebsht\u00eb i bashkangjitur n\u00eb fund t\u00eb gjilp\u00ebrave t\u00eb zbraz\u00ebta t\u00eb drejta, t\u00eb pik\u00ebs s\u00eb shiritave me k\u00ebshilla t\u00eb mprehta t\u00eb dyfishta .<br \/>\nN\u00eb versionin e hapur t\u00eb Gjilp\u00ebr\u00ebs s\u00eb Ngritjes s\u00eb Drit\u00ebs, filli \u00ebsht\u00eb i bashkangjitur n\u00eb fund t\u00eb dy gjilp\u00ebrave t\u00eb drejta, t\u00eb zbraz\u00ebta me maja t\u00eb dyfishta t\u00eb topitura.<br \/>\nP\u00ebr shkak t\u00eb struktur\u00ebs, mjek\u00ebt kan\u00eb mund\u00ebsi t\u00eb korrigjojn\u00eb zon\u00ebn submentale, vetullat, me nj\u00eb qepje t\u00eb vetme q\u00eb kalon nga nj\u00ebra an\u00eb n\u00eb tjetr\u00ebn, pa marr\u00eb hala krejt\u00ebsisht nga l\u00ebkura. Kjo parandalon t\u00ebrheqjen e l\u00ebkur\u00ebs nga pacienti n\u00eb pikat e daljes p\u00ebrgjat\u00eb shtegut. Forma dhe k\u00ebndi i ri i qaf\u00ebs duken menj\u00ebher\u00eb. Fiksimi vazhdon me kalimin e koh\u00ebs.<br \/>\nLLN2GSL<br \/>\nFije P (LA \/ CL) me gjemba USP 2\/0, EP3, 500 mm &#8211; 2 cop\u00eb<br \/>\nGjilp\u00ebr\u00eb e zbraz\u00ebt me maj\u00eb me dy presa, me gjilp\u00ebr\u00eb, 1,1&#215;120 mm, e drejt\u00eb &#8211; 4 cop\u00eb.<br \/>\nShtojc\u00eb standarde e gjilp\u00ebr\u00ebs<br \/>\nN\u00eb Pako:<br \/>\nP\u00ebrthithsh\u00ebm<br \/>\nLloji i gjilp\u00ebr\u00ebs: i but\u00eb<br \/>\nLloji i fillit: Bi-drejtuar<br \/>\nNumri i fijeve: 2<\/p>\n","protected":false},"featured_media":5942,"comment_status":"open","ping_status":"closed","template":"","meta":[],"product_cat":[139],"product_tag":[],"class_list":{"0":"post-6856","1":"product","2":"type-product","3":"status-publish","4":"has-post-thumbnail","6":"product_cat-aptos","8":"first","9":"instock","10":"shipping-taxable","11":"product-type-simple"},"_links":{"self":[{"href":"https:\/\/megapharm.al\/index.php?rest_route=\/wp\/v2\/product\/6856","targetHints":{"allow":["GET"]}}],"collection":[{"href":"https:\/\/megapharm.al\/index.php?rest_route=\/wp\/v2\/product"}],"about":[{"href":"https:\/\/megapharm.al\/index.php?rest_route=\/wp\/v2\/types\/product"}],"replies":[{"embeddable":true,"href":"https:\/\/megapharm.al\/index.php?rest_route=%2Fwp%2Fv2%2Fcomments&post=6856"}],"wp:featuredmedia":[{"embeddable":true,"href":"https:\/\/megapharm.al\/index.php?rest_route=\/wp\/v2\/media\/5942"}],"wp:attachment":[{"href":"https:\/\/megapharm.al\/index.php?rest_route=%2Fwp%2Fv2%2Fmedia&parent=6856"}],"wp:term":[{"taxonomy":"product_cat","embeddable":true,"href":"https:\/\/megapharm.al\/index.php?rest_route=%2Fwp%2Fv2%2Fproduct_cat&post=6856"},{"taxonomy":"product_tag","embeddable":true,"href":"https:\/\/megapharm.al\/index.php?rest_route=%2Fwp%2Fv2%2Fproduct_tag&post=6856"}],"curies":[{"name":"wp","href":"https:\/\/api.w.org\/{rel}","templated":true}]}}