{"id":6854,"date":"2021-01-24T10:40:18","date_gmt":"2021-01-24T10:40:18","guid":{"rendered":"http:\/\/megapharm.al\/index.php\/product\/import-placeholder-for-3679\/"},"modified":"2022-08-19T10:18:15","modified_gmt":"2022-08-19T10:18:15","slug":"sole-otoplasty","status":"publish","type":"product","link":"https:\/\/megapharm.al\/?product=sole-otoplasty","title":{"rendered":"Sole &#8211; Otoplasty"},"content":{"rendered":"<p>Metoda e vetme e otoplastik\u00ebs \u00ebsht\u00eb fije polipropileni pa gjemba, t\u00eb bashkangjitura n\u00eb mes t\u00eb pik\u00ebs trocar me dy tehe.<br \/>\nGjilp\u00ebra e lakuar u jep mjek\u00ebve mund\u00ebsin\u00eb e qasjes minimale invazive n\u00eb korrigjimin e veshit.<br \/>\nProcedura Sole Otoplasty ka nevoj\u00eb p\u00ebr nj\u00eb prerje t\u00eb vog\u00ebl. Duke riformuar veshin, mjek\u00ebt mund t\u00eb korrigjojn\u00eb deformimet e veshit t\u00eb lindura, post-traumatike ose postoperative, nd\u00ebrsa krijojn\u00eb nj\u00eb pamje t\u00eb d\u00ebshiruar natyrore.<br \/>\nProdukti ka p\u00ebr q\u00ebllim gjithashtu p\u00ebr korrigjimin e mjekr\u00ebs dhe rritjen e v\u00ebllimit n\u00eb zon\u00ebn e moll\u00ebzave p\u00ebrmes nj\u00eb prerjeje t\u00eb vog\u00ebl. Fiksimi i indeve t\u00eb buta \u00ebsht\u00eb shum\u00eb m\u00eb i fort\u00eb dhe zgjat p\u00ebr rreth 5 vjet.<br \/>\nPacienti mund t\u00eb marr\u00eb pamje natyrale dhe rezultat afatgjat\u00eb pa operacion n\u00eb 20-30 minuta n\u00ebn anestezi lokale.<br \/>\nN\u00eb Pako:<br \/>\ni paaborbuesh\u00ebm<br \/>\nLloji i gjilp\u00ebr\u00ebs: i mpreht\u00eb<\/p>\n","protected":false},"excerpt":{"rendered":"<p>Metoda e vetme e otoplastik\u00ebs \u00ebsht\u00eb fije polipropileni pa gjemba, t\u00eb bashkangjitura n\u00eb mes t\u00eb pik\u00ebs trocar me dy tehe.<br \/>\nGjilp\u00ebra e lakuar u jep mjek\u00ebve mund\u00ebsin\u00eb e qasjes minimale invazive n\u00eb korrigjimin e veshit.<br \/>\nProcedura Sole Otoplasty ka nevoj\u00eb p\u00ebr nj\u00eb prerje t\u00eb vog\u00ebl. Duke riformuar veshin, mjek\u00ebt mund t\u00eb korrigjojn\u00eb deformimet e veshit t\u00eb lindura, post-traumatike ose postoperative, nd\u00ebrsa krijojn\u00eb nj\u00eb pamje t\u00eb d\u00ebshiruar natyrore.<br \/>\nProdukti ka p\u00ebr q\u00ebllim gjithashtu p\u00ebr korrigjimin e mjekr\u00ebs dhe rritjen e v\u00ebllimit n\u00eb zon\u00ebn e moll\u00ebzave p\u00ebrmes nj\u00eb prerjeje t\u00eb vog\u00ebl. Fiksimi i indeve t\u00eb buta \u00ebsht\u00eb shum\u00eb m\u00eb i fort\u00eb dhe zgjat p\u00ebr rreth 5 vjet.<br \/>\nPacienti mund t\u00eb marr\u00eb pamje natyrale dhe rezultat afatgjat\u00eb pa operacion n\u00eb 20-30 minuta n\u00ebn anestezi lokale.<br \/>\nN\u00eb Pako:<br \/>\ni paaborbuesh\u00ebm<br \/>\nLloji i gjilp\u00ebr\u00ebs: i mpreht\u00eb<\/p>\n","protected":false},"featured_media":5940,"comment_status":"open","ping_status":"closed","template":"","meta":[],"product_cat":[139],"product_tag":[],"class_list":{"0":"post-6854","1":"product","2":"type-product","3":"status-publish","4":"has-post-thumbnail","6":"product_cat-aptos","8":"first","9":"instock","10":"shipping-taxable","11":"product-type-simple"},"_links":{"self":[{"href":"https:\/\/megapharm.al\/index.php?rest_route=\/wp\/v2\/product\/6854","targetHints":{"allow":["GET"]}}],"collection":[{"href":"https:\/\/megapharm.al\/index.php?rest_route=\/wp\/v2\/product"}],"about":[{"href":"https:\/\/megapharm.al\/index.php?rest_route=\/wp\/v2\/types\/product"}],"replies":[{"embeddable":true,"href":"https:\/\/megapharm.al\/index.php?rest_route=%2Fwp%2Fv2%2Fcomments&post=6854"}],"wp:featuredmedia":[{"embeddable":true,"href":"https:\/\/megapharm.al\/index.php?rest_route=\/wp\/v2\/media\/5940"}],"wp:attachment":[{"href":"https:\/\/megapharm.al\/index.php?rest_route=%2Fwp%2Fv2%2Fmedia&parent=6854"}],"wp:term":[{"taxonomy":"product_cat","embeddable":true,"href":"https:\/\/megapharm.al\/index.php?rest_route=%2Fwp%2Fv2%2Fproduct_cat&post=6854"},{"taxonomy":"product_tag","embeddable":true,"href":"https:\/\/megapharm.al\/index.php?rest_route=%2Fwp%2Fv2%2Fproduct_tag&post=6854"}],"curies":[{"name":"wp","href":"https:\/\/api.w.org\/{rel}","templated":true}]}}