{"id":6851,"date":"2021-01-24T10:40:05","date_gmt":"2021-01-24T10:40:05","guid":{"rendered":"http:\/\/megapharm.al\/index.php\/product\/import-placeholder-for-3676\/"},"modified":"2021-01-24T10:40:15","modified_gmt":"2021-01-24T10:40:15","slug":"nano-spring-method","status":"publish","type":"product","link":"https:\/\/megapharm.al\/?product=nano-spring-method","title":{"rendered":"Nano SPRING METHOD"},"content":{"rendered":"<p>Nano Spring \u00ebsht\u00eb nj\u00eb fije resorbuese, e mb\u00ebshtjell\u00eb spirale rreth kanul\u00ebs s\u00eb maj\u00ebs s\u00eb topitur. Intendedsht\u00eb menduar p\u00ebr rigjall\u00ebrimin dhe blindimin e pjes\u00ebve t\u00eb ndryshme t\u00eb fytyr\u00ebs, si dhe korrigjimin e vijave t\u00eb holla dhe rrudhave n\u00eb fytyr\u00eb.<br \/>\nNano Spring ruan elasticitetin dhe form\u00ebn e saj pas futjes dhe zvog\u00eblon shum\u00eb pamjen dhe formimin e rrudhave t\u00eb thella t\u00eb fytyr\u00ebs. Issht\u00eb menduar gjithashtu p\u00ebr korrigjimin e majave t\u00eb vetullave dhe hund\u00ebs.<br \/>\nProcedura \u00ebsht\u00eb e leht\u00eb dhe e shpejt\u00eb, me koh\u00eb minimale t\u00eb funksionimit dhe praktikisht pa joproduktive. NS7<br \/>\nFije P (LA \/ CL) USP 5\/0, EP 1, 940 mm, e mb\u00ebshtjell\u00eb spirale p\u00ebrreth<br \/>\nGjilp\u00ebr\u00eb me maj\u00eb t\u00eb err\u00ebt 23Gx70mm, e drejt\u00eb &#8211; 5 cop\u00eb<br \/>\nLidhje gjilp\u00ebre e heqshme<\/p>\n","protected":false},"excerpt":{"rendered":"<p>Nano Spring \u00ebsht\u00eb nj\u00eb fije resorbuese, e mb\u00ebshtjell\u00eb spirale rreth kanul\u00ebs s\u00eb maj\u00ebs s\u00eb topitur. Intendedsht\u00eb menduar p\u00ebr rigjall\u00ebrimin dhe blindimin e pjes\u00ebve t\u00eb ndryshme t\u00eb fytyr\u00ebs, si dhe korrigjimin e vijave t\u00eb holla dhe rrudhave n\u00eb fytyr\u00eb.<br \/>\nNano Spring ruan elasticitetin dhe form\u00ebn e saj pas futjes dhe zvog\u00eblon shum\u00eb pamjen dhe formimin e rrudhave t\u00eb thella t\u00eb fytyr\u00ebs. Issht\u00eb menduar gjithashtu p\u00ebr korrigjimin e majave t\u00eb vetullave dhe hund\u00ebs.<br \/>\nProcedura \u00ebsht\u00eb e leht\u00eb dhe e shpejt\u00eb, me koh\u00eb minimale t\u00eb funksionimit dhe praktikisht pa joproduktive. NS7<br \/>\nFije P (LA \/ CL) USP 5\/0, EP 1, 940 mm, e mb\u00ebshtjell\u00eb spirale p\u00ebrreth<br \/>\nGjilp\u00ebr\u00eb me maj\u00eb t\u00eb err\u00ebt 23Gx70mm, e drejt\u00eb &#8211; 5 cop\u00eb<br \/>\nLidhje gjilp\u00ebre e heqshme<\/p>\n","protected":false},"featured_media":5937,"comment_status":"open","ping_status":"closed","template":"","meta":[],"product_cat":[139],"product_tag":[],"class_list":{"0":"post-6851","1":"product","2":"type-product","3":"status-publish","4":"has-post-thumbnail","6":"product_cat-aptos","8":"first","9":"instock","10":"shipping-taxable","11":"product-type-simple"},"_links":{"self":[{"href":"https:\/\/megapharm.al\/index.php?rest_route=\/wp\/v2\/product\/6851","targetHints":{"allow":["GET"]}}],"collection":[{"href":"https:\/\/megapharm.al\/index.php?rest_route=\/wp\/v2\/product"}],"about":[{"href":"https:\/\/megapharm.al\/index.php?rest_route=\/wp\/v2\/types\/product"}],"replies":[{"embeddable":true,"href":"https:\/\/megapharm.al\/index.php?rest_route=%2Fwp%2Fv2%2Fcomments&post=6851"}],"wp:featuredmedia":[{"embeddable":true,"href":"https:\/\/megapharm.al\/index.php?rest_route=\/wp\/v2\/media\/5937"}],"wp:attachment":[{"href":"https:\/\/megapharm.al\/index.php?rest_route=%2Fwp%2Fv2%2Fmedia&parent=6851"}],"wp:term":[{"taxonomy":"product_cat","embeddable":true,"href":"https:\/\/megapharm.al\/index.php?rest_route=%2Fwp%2Fv2%2Fproduct_cat&post=6851"},{"taxonomy":"product_tag","embeddable":true,"href":"https:\/\/megapharm.al\/index.php?rest_route=%2Fwp%2Fv2%2Fproduct_tag&post=6851"}],"curies":[{"name":"wp","href":"https:\/\/api.w.org\/{rel}","templated":true}]}}