{"id":6848,"date":"2021-01-24T10:40:05","date_gmt":"2021-01-24T10:40:05","guid":{"rendered":"http:\/\/megapharm.al\/index.php\/product\/import-placeholder-for-3673\/"},"modified":"2021-01-24T10:40:13","modified_gmt":"2021-01-24T10:40:13","slug":"light-lift-thread-method","status":"publish","type":"product","link":"https:\/\/megapharm.al\/?product=light-lift-thread-method","title":{"rendered":"Light Lift THREAD METHOD"},"content":{"rendered":"<p>Thread Lift Thift \u00ebsht\u00eb nj\u00eb fije me gjemba bidirekcionale e cila lejon qasje jonvazive dhe natyrore ndaj ndryshimeve t\u00eb lidhura me mosh\u00ebn e indeve t\u00eb buta. Temat jan\u00eb n\u00eb dispozicion si n\u00eb nj\u00eb version t\u00eb resorbuesh\u00ebm ashtu edhe n\u00eb at\u00eb t\u00eb p\u00ebrhersh\u00ebm. N\u00eb Thread Ngritja e Drit\u00ebs fija \u00ebsht\u00eb e bashkangjitur n\u00eb fund t\u00eb trek\u00ebnd\u00ebshit t\u00eb drejt\u00eb duke prer\u00eb hala t\u00eb dyfishta.<br \/>\nN\u00eb versionin e but\u00eb t\u00eb Thift Light Light, fija \u00ebsht\u00eb e bashkangjitur n\u00eb fund t\u00eb gjilp\u00ebrave t\u00eb zbraz\u00ebta t\u00eb dyfisht\u00eb t\u00eb drejt\u00eb, n\u00eb pik\u00ebn e rripave. N\u00eb versionin e but\u00eb t\u00eb Thread Lift Thread, filli \u00ebsht\u00eb i bashkangjitur n\u00eb fund t\u00eb halave t\u00eb zbraz\u00ebta t\u00eb dyfisht\u00eb t\u00eb drejt\u00eb, t\u00eb maj\u00ebs s\u00eb topitur.<br \/>\nP\u00ebr shkak t\u00eb struktur\u00ebs, mjek\u00ebt kan\u00eb mund\u00ebsi t\u00eb korrigjojn\u00eb vetullat, xhufkat, mesfush\u00ebn dhe zon\u00ebn submentale duke p\u00ebrdorur rrug\u00eb t\u00eb ndryshme q\u00eb garantojn\u00eb rezultat efektiv.<br \/>\nProcedura \u00ebsht\u00eb e leht\u00eb dhe e shpejt\u00eb, me zvog\u00eblim t\u00eb ndjesh\u00ebm t\u00eb koh\u00ebs s\u00eb operimit dhe praktikisht pa joproduktive p\u00ebr pacientin. LLT2G<br \/>\nFije P (LA \/ CL) me gjemba USP 2\/0, EP3, 250 mm &#8211; 2 cop\u00eb<br \/>\nGjilp\u00ebr\u00eb prer\u00ebse trek\u00ebnd\u00ebshi GS1,0x110mm, drejt &#8211; 4 cop\u00eb<br \/>\nShtojc\u00eb standarde e gjilp\u00ebr\u00ebs<br \/>\nN\u00eb Pako:<br \/>\nP\u00ebrthithsh\u00ebm<\/p>\n","protected":false},"excerpt":{"rendered":"<p>Thread Lift Thift \u00ebsht\u00eb nj\u00eb fije me gjemba bidirekcionale e cila lejon qasje jonvazive dhe natyrore ndaj ndryshimeve t\u00eb lidhura me mosh\u00ebn e indeve t\u00eb buta. Temat jan\u00eb n\u00eb dispozicion si n\u00eb nj\u00eb version t\u00eb resorbuesh\u00ebm ashtu edhe n\u00eb at\u00eb t\u00eb p\u00ebrhersh\u00ebm. N\u00eb Thread Ngritja e Drit\u00ebs fija \u00ebsht\u00eb e bashkangjitur n\u00eb fund t\u00eb trek\u00ebnd\u00ebshit t\u00eb drejt\u00eb duke prer\u00eb hala t\u00eb dyfishta.<br \/>\nN\u00eb versionin e but\u00eb t\u00eb Thift Light Light, fija \u00ebsht\u00eb e bashkangjitur n\u00eb fund t\u00eb gjilp\u00ebrave t\u00eb zbraz\u00ebta t\u00eb dyfisht\u00eb t\u00eb drejt\u00eb, n\u00eb pik\u00ebn e rripave. N\u00eb versionin e but\u00eb t\u00eb Thread Lift Thread, filli \u00ebsht\u00eb i bashkangjitur n\u00eb fund t\u00eb halave t\u00eb zbraz\u00ebta t\u00eb dyfisht\u00eb t\u00eb drejt\u00eb, t\u00eb maj\u00ebs s\u00eb topitur.<br \/>\nP\u00ebr shkak t\u00eb struktur\u00ebs, mjek\u00ebt kan\u00eb mund\u00ebsi t\u00eb korrigjojn\u00eb vetullat, xhufkat, mesfush\u00ebn dhe zon\u00ebn submentale duke p\u00ebrdorur rrug\u00eb t\u00eb ndryshme q\u00eb garantojn\u00eb rezultat efektiv.<br \/>\nProcedura \u00ebsht\u00eb e leht\u00eb dhe e shpejt\u00eb, me zvog\u00eblim t\u00eb ndjesh\u00ebm t\u00eb koh\u00ebs s\u00eb operimit dhe praktikisht pa joproduktive p\u00ebr pacientin. LLT2G<br \/>\nFije P (LA \/ CL) me gjemba USP 2\/0, EP3, 250 mm &#8211; 2 cop\u00eb<br \/>\nGjilp\u00ebr\u00eb prer\u00ebse trek\u00ebnd\u00ebshi GS1,0x110mm, drejt &#8211; 4 cop\u00eb<br \/>\nShtojc\u00eb standarde e gjilp\u00ebr\u00ebs<br \/>\nN\u00eb Pako:<br \/>\nP\u00ebrthithsh\u00ebm<\/p>\n","protected":false},"featured_media":5934,"comment_status":"open","ping_status":"closed","template":"","meta":[],"product_cat":[139],"product_tag":[],"class_list":{"0":"post-6848","1":"product","2":"type-product","3":"status-publish","4":"has-post-thumbnail","6":"product_cat-aptos","8":"first","9":"instock","10":"shipping-taxable","11":"product-type-simple"},"_links":{"self":[{"href":"https:\/\/megapharm.al\/index.php?rest_route=\/wp\/v2\/product\/6848","targetHints":{"allow":["GET"]}}],"collection":[{"href":"https:\/\/megapharm.al\/index.php?rest_route=\/wp\/v2\/product"}],"about":[{"href":"https:\/\/megapharm.al\/index.php?rest_route=\/wp\/v2\/types\/product"}],"replies":[{"embeddable":true,"href":"https:\/\/megapharm.al\/index.php?rest_route=%2Fwp%2Fv2%2Fcomments&post=6848"}],"wp:featuredmedia":[{"embeddable":true,"href":"https:\/\/megapharm.al\/index.php?rest_route=\/wp\/v2\/media\/5934"}],"wp:attachment":[{"href":"https:\/\/megapharm.al\/index.php?rest_route=%2Fwp%2Fv2%2Fmedia&parent=6848"}],"wp:term":[{"taxonomy":"product_cat","embeddable":true,"href":"https:\/\/megapharm.al\/index.php?rest_route=%2Fwp%2Fv2%2Fproduct_cat&post=6848"},{"taxonomy":"product_tag","embeddable":true,"href":"https:\/\/megapharm.al\/index.php?rest_route=%2Fwp%2Fv2%2Fproduct_tag&post=6848"}],"curies":[{"name":"wp","href":"https:\/\/api.w.org\/{rel}","templated":true}]}}