{"id":6847,"date":"2021-01-24T10:40:05","date_gmt":"2021-01-24T10:40:05","guid":{"rendered":"http:\/\/megapharm.al\/index.php\/product\/import-placeholder-for-3672\/"},"modified":"2021-01-24T10:40:13","modified_gmt":"2021-01-24T10:40:13","slug":"light-lift-spring-method","status":"publish","type":"product","link":"https:\/\/megapharm.al\/?product=light-lift-spring-method","title":{"rendered":"Light Lift SPRING METHOD"},"content":{"rendered":"<p>Light Lift Spring \u00ebsht\u00eb nj\u00eb fije e mb\u00ebshtjell\u00eb spirale rreth gjilp\u00ebr\u00ebs me maj\u00eb t\u00eb maj\u00ebs. Versioni i but\u00eb i Light Lift Spring \u00ebsht\u00eb mb\u00ebshtjell\u00eb spiralisht rreth kanul\u00ebs s\u00eb maj\u00ebs s\u00eb topitur.<br \/>\nThreads jan\u00eb n\u00eb dispozicion si n\u00eb nj\u00eb version t\u00eb resorbable dhe t\u00eb p\u00ebrhersh\u00ebm.<br \/>\nPranvera ruan elasticitetin dhe form\u00ebn e saj pas futjes dhe fikson linjat e marionet\u00ebs n\u00eb m\u00ebnyr\u00eb efektive. Pasi t\u00eb futet n\u00eb l\u00ebkur\u00eb, Pranvera stimulon prodhimin e kolagjenit dhe gjeneron l\u00ebkur\u00eb t\u00eb sh\u00ebndetshme dhe t\u00eb re. Fije P (LA \/ CL) USP 2\/0, EP 3, 440 mm mb\u00ebshtjell\u00eb spirale rreth gjilp\u00ebr\u00ebs s\u00eb shpimit 0,9&#215;90 mm, drejt &#8211; 2 cop\u00eb<br \/>\nFije P (LA \/ CL) USP 2\/0, EP 3, 470 mm mb\u00ebshtjell\u00eb spiralisht rreth gjilp\u00ebr\u00ebs s\u00eb bir\u00eb 1,1&#215;100 mm, drejt &#8211; 2 cop\u00eb<br \/>\nLidhje gjilp\u00ebre e heqshme<br \/>\nN\u00eb Pako:<br \/>\nP\u00ebrthithsh\u00ebm<\/p>\n","protected":false},"excerpt":{"rendered":"<p>Light Lift Spring \u00ebsht\u00eb nj\u00eb fije e mb\u00ebshtjell\u00eb spirale rreth gjilp\u00ebr\u00ebs me maj\u00eb t\u00eb maj\u00ebs. Versioni i but\u00eb i Light Lift Spring \u00ebsht\u00eb mb\u00ebshtjell\u00eb spiralisht rreth kanul\u00ebs s\u00eb maj\u00ebs s\u00eb topitur.<br \/>\nThreads jan\u00eb n\u00eb dispozicion si n\u00eb nj\u00eb version t\u00eb resorbable dhe t\u00eb p\u00ebrhersh\u00ebm.<br \/>\nPranvera ruan elasticitetin dhe form\u00ebn e saj pas futjes dhe fikson linjat e marionet\u00ebs n\u00eb m\u00ebnyr\u00eb efektive. Pasi t\u00eb futet n\u00eb l\u00ebkur\u00eb, Pranvera stimulon prodhimin e kolagjenit dhe gjeneron l\u00ebkur\u00eb t\u00eb sh\u00ebndetshme dhe t\u00eb re. Fije P (LA \/ CL) USP 2\/0, EP 3, 440 mm mb\u00ebshtjell\u00eb spirale rreth gjilp\u00ebr\u00ebs s\u00eb shpimit 0,9&#215;90 mm, drejt &#8211; 2 cop\u00eb<br \/>\nFije P (LA \/ CL) USP 2\/0, EP 3, 470 mm mb\u00ebshtjell\u00eb spiralisht rreth gjilp\u00ebr\u00ebs s\u00eb bir\u00eb 1,1&#215;100 mm, drejt &#8211; 2 cop\u00eb<br \/>\nLidhje gjilp\u00ebre e heqshme<br \/>\nN\u00eb Pako:<br \/>\nP\u00ebrthithsh\u00ebm<\/p>\n","protected":false},"featured_media":5933,"comment_status":"open","ping_status":"closed","template":"","meta":[],"product_cat":[139],"product_tag":[],"class_list":{"0":"post-6847","1":"product","2":"type-product","3":"status-publish","4":"has-post-thumbnail","6":"product_cat-aptos","8":"first","9":"instock","10":"shipping-taxable","11":"product-type-simple"},"_links":{"self":[{"href":"https:\/\/megapharm.al\/index.php?rest_route=\/wp\/v2\/product\/6847","targetHints":{"allow":["GET"]}}],"collection":[{"href":"https:\/\/megapharm.al\/index.php?rest_route=\/wp\/v2\/product"}],"about":[{"href":"https:\/\/megapharm.al\/index.php?rest_route=\/wp\/v2\/types\/product"}],"replies":[{"embeddable":true,"href":"https:\/\/megapharm.al\/index.php?rest_route=%2Fwp%2Fv2%2Fcomments&post=6847"}],"wp:featuredmedia":[{"embeddable":true,"href":"https:\/\/megapharm.al\/index.php?rest_route=\/wp\/v2\/media\/5933"}],"wp:attachment":[{"href":"https:\/\/megapharm.al\/index.php?rest_route=%2Fwp%2Fv2%2Fmedia&parent=6847"}],"wp:term":[{"taxonomy":"product_cat","embeddable":true,"href":"https:\/\/megapharm.al\/index.php?rest_route=%2Fwp%2Fv2%2Fproduct_cat&post=6847"},{"taxonomy":"product_tag","embeddable":true,"href":"https:\/\/megapharm.al\/index.php?rest_route=%2Fwp%2Fv2%2Fproduct_tag&post=6847"}],"curies":[{"name":"wp","href":"https:\/\/api.w.org\/{rel}","templated":true}]}}