{"id":6843,"date":"2021-01-24T10:40:04","date_gmt":"2021-01-24T10:40:04","guid":{"rendered":"http:\/\/megapharm.al\/index.php\/product\/import-placeholder-for-3661\/"},"modified":"2021-01-24T10:40:11","modified_gmt":"2021-01-24T10:40:11","slug":"crystals","status":"publish","type":"product","link":"https:\/\/megapharm.al\/?product=crystals","title":{"rendered":"Crystals"},"content":{"rendered":"<p>Crystalys \u00ebsht\u00eb nj\u00eb mbush\u00ebs i bazuar n\u00eb hidroksiaapatit kalciumi p\u00ebr t\u00eb rivendosur v\u00ebllimet e fytyr\u00ebs<br \/>\ndhe konturet e fytyr\u00ebs duke stimuluar formimin e kolagjenit natyror. Mekanizmi i veprimit: I menj\u00ebhersh\u00ebm Zonat e injektuara mbushen dhe ngrihen, duke perfituar nj\u00eb rezultat t\u00eb shk\u00eblqyesh\u00ebm menj\u00ebher\u00eb. Afatgjat\u00eb Mikrosferat e hidroksiaapatitit t\u00eb kalciumit formojn\u00eb nj\u00eb skel\u00eb mb\u00ebshtet\u00ebse t\u00eb rritjes s\u00eb fibroblastit, e cila, si kthim, prodhon dhe depoziton kolagjen t\u00eb ri, nj\u00eb agjent natyror i v\u00ebllimit n\u00eb rajonet e fytyr\u00ebs.<br \/>\nDegradimi i hidroksiaapatitit t\u00eb kalciumit \u00ebsht\u00eb sinkron me depozitimin e neo-kolagjenit n\u00eb vendin e injektimit, duke siguruar nj\u00eb pamje t\u00eb q\u00ebndrueshme, natyrore, t\u00eb plot\u00eb dhe rinore. P\u00ebrb\u00ebrja: hidroksiaapatit kalciumi (55.7%) mikrosfer\u00eb me diamet\u00ebr 24-45 mikron\u00eb, glicerin\u00eb, karboksimetilceluloz\u00eb natriumi dhe tampon fosfati.<br \/>\nP\u00ebrmbajtja e paketimit: 2 shiringa t\u00eb para-mbushura prej 1.25 ml<\/p>\n","protected":false},"excerpt":{"rendered":"<p>Crystalys \u00ebsht\u00eb nj\u00eb mbush\u00ebs i bazuar n\u00eb hidroksiaapatit kalciumi p\u00ebr t\u00eb rivendosur v\u00ebllimet e fytyr\u00ebs<br \/>\ndhe konturet e fytyr\u00ebs duke stimuluar formimin e kolagjenit natyror. Mekanizmi i veprimit: I menj\u00ebhersh\u00ebm Zonat e injektuara mbushen dhe ngrihen, duke perfituar nj\u00eb rezultat t\u00eb shk\u00eblqyesh\u00ebm menj\u00ebher\u00eb. Afatgjat\u00eb Mikrosferat e hidroksiaapatitit t\u00eb kalciumit formojn\u00eb nj\u00eb skel\u00eb mb\u00ebshtet\u00ebse t\u00eb rritjes s\u00eb fibroblastit, e cila, si kthim, prodhon dhe depoziton kolagjen t\u00eb ri, nj\u00eb agjent natyror i v\u00ebllimit n\u00eb rajonet e fytyr\u00ebs.<br \/>\nDegradimi i hidroksiaapatitit t\u00eb kalciumit \u00ebsht\u00eb sinkron me depozitimin e neo-kolagjenit n\u00eb vendin e injektimit, duke siguruar nj\u00eb pamje t\u00eb q\u00ebndrueshme, natyrore, t\u00eb plot\u00eb dhe rinore. P\u00ebrb\u00ebrja: hidroksiaapatit kalciumi (55.7%) mikrosfer\u00eb me diamet\u00ebr 24-45 mikron\u00eb, glicerin\u00eb, karboksimetilceluloz\u00eb natriumi dhe tampon fosfati.<br \/>\nP\u00ebrmbajtja e paketimit: 2 shiringa t\u00eb para-mbushura prej 1.25 ml<\/p>\n","protected":false},"featured_media":5929,"comment_status":"open","ping_status":"closed","template":"","meta":[],"product_cat":[135],"product_tag":[],"class_list":{"0":"post-6843","1":"product","2":"type-product","3":"status-publish","4":"has-post-thumbnail","6":"product_cat-caromed-pajisje-mjeksore-2","8":"first","9":"instock","10":"shipping-taxable","11":"product-type-simple"},"_links":{"self":[{"href":"https:\/\/megapharm.al\/index.php?rest_route=\/wp\/v2\/product\/6843","targetHints":{"allow":["GET"]}}],"collection":[{"href":"https:\/\/megapharm.al\/index.php?rest_route=\/wp\/v2\/product"}],"about":[{"href":"https:\/\/megapharm.al\/index.php?rest_route=\/wp\/v2\/types\/product"}],"replies":[{"embeddable":true,"href":"https:\/\/megapharm.al\/index.php?rest_route=%2Fwp%2Fv2%2Fcomments&post=6843"}],"wp:featuredmedia":[{"embeddable":true,"href":"https:\/\/megapharm.al\/index.php?rest_route=\/wp\/v2\/media\/5929"}],"wp:attachment":[{"href":"https:\/\/megapharm.al\/index.php?rest_route=%2Fwp%2Fv2%2Fmedia&parent=6843"}],"wp:term":[{"taxonomy":"product_cat","embeddable":true,"href":"https:\/\/megapharm.al\/index.php?rest_route=%2Fwp%2Fv2%2Fproduct_cat&post=6843"},{"taxonomy":"product_tag","embeddable":true,"href":"https:\/\/megapharm.al\/index.php?rest_route=%2Fwp%2Fv2%2Fproduct_tag&post=6843"}],"curies":[{"name":"wp","href":"https:\/\/api.w.org\/{rel}","templated":true}]}}