{"id":6842,"date":"2021-01-24T10:40:04","date_gmt":"2021-01-24T10:40:04","guid":{"rendered":"http:\/\/megapharm.al\/index.php\/product\/import-placeholder-for-3660\/"},"modified":"2021-01-24T10:40:11","modified_gmt":"2021-01-24T10:40:11","slug":"hydryalix-gentle-lidocaine","status":"publish","type":"product","link":"https:\/\/megapharm.al\/?product=hydryalix-gentle-lidocaine","title":{"rendered":"Hydryalix Gentle Lidocaine"},"content":{"rendered":"<p>P\u00ebr linja sip\u00ebrfaq\u00ebsore, palosjen rreth goj\u00ebs dhe rekomandohet p\u00ebr t\u00eb rivendosur fort\u00ebsin\u00eb e l\u00ebkur\u00ebs.<br \/>\nDo t\u00eb injektohet n\u00eb dermat sip\u00ebrfaq\u00ebsore dhe mesatare.<br \/>\nMadh\u00ebsia e grimcave t\u00eb xhelit: 300-500 \u03bcm (madh\u00ebsia e k\u00ebshillueshme e gjilp\u00ebr\u00ebs 30G)<br \/>\nP\u00ebrmbajtja e paketimit: 2 shiringa t\u00eb para-mbushura prej 1.25ml<\/p>\n","protected":false},"excerpt":{"rendered":"<p>P\u00ebr linja sip\u00ebrfaq\u00ebsore, palosjen rreth goj\u00ebs dhe rekomandohet p\u00ebr t\u00eb rivendosur fort\u00ebsin\u00eb e l\u00ebkur\u00ebs.<br \/>\nDo t\u00eb injektohet n\u00eb dermat sip\u00ebrfaq\u00ebsore dhe mesatare.<br \/>\nMadh\u00ebsia e grimcave t\u00eb xhelit: 300-500 \u03bcm (madh\u00ebsia e k\u00ebshillueshme e gjilp\u00ebr\u00ebs 30G)<br \/>\nP\u00ebrmbajtja e paketimit: 2 shiringa t\u00eb para-mbushura prej 1.25ml<\/p>\n","protected":false},"featured_media":5928,"comment_status":"open","ping_status":"closed","template":"","meta":[],"product_cat":[135],"product_tag":[],"class_list":{"0":"post-6842","1":"product","2":"type-product","3":"status-publish","4":"has-post-thumbnail","6":"product_cat-caromed-pajisje-mjeksore-2","8":"first","9":"instock","10":"shipping-taxable","11":"product-type-simple"},"_links":{"self":[{"href":"https:\/\/megapharm.al\/index.php?rest_route=\/wp\/v2\/product\/6842","targetHints":{"allow":["GET"]}}],"collection":[{"href":"https:\/\/megapharm.al\/index.php?rest_route=\/wp\/v2\/product"}],"about":[{"href":"https:\/\/megapharm.al\/index.php?rest_route=\/wp\/v2\/types\/product"}],"replies":[{"embeddable":true,"href":"https:\/\/megapharm.al\/index.php?rest_route=%2Fwp%2Fv2%2Fcomments&post=6842"}],"wp:featuredmedia":[{"embeddable":true,"href":"https:\/\/megapharm.al\/index.php?rest_route=\/wp\/v2\/media\/5928"}],"wp:attachment":[{"href":"https:\/\/megapharm.al\/index.php?rest_route=%2Fwp%2Fv2%2Fmedia&parent=6842"}],"wp:term":[{"taxonomy":"product_cat","embeddable":true,"href":"https:\/\/megapharm.al\/index.php?rest_route=%2Fwp%2Fv2%2Fproduct_cat&post=6842"},{"taxonomy":"product_tag","embeddable":true,"href":"https:\/\/megapharm.al\/index.php?rest_route=%2Fwp%2Fv2%2Fproduct_tag&post=6842"}],"curies":[{"name":"wp","href":"https:\/\/api.w.org\/{rel}","templated":true}]}}