{"id":6841,"date":"2021-01-24T10:40:04","date_gmt":"2021-01-24T10:40:04","guid":{"rendered":"http:\/\/megapharm.al\/index.php\/product\/import-placeholder-for-3659\/"},"modified":"2021-01-24T10:40:11","modified_gmt":"2021-01-24T10:40:11","slug":"hydryalix-deep-and-deep-lidocaine","status":"publish","type":"product","link":"https:\/\/megapharm.al\/?product=hydryalix-deep-and-deep-lidocaine","title":{"rendered":"Hydryalix Deep and Deep Lidocaine"},"content":{"rendered":"<p>P\u00ebr korrigjimin e rrudhave dhe palosjeve t\u00eb thella t\u00eb fytyr\u00ebs si palosje nasolabiale dhe vija marionete. Ajo duhet t\u00eb injektohet n\u00eb dermat e thell\u00eb.<br \/>\nMadh\u00ebsia e grimcave t\u00eb xhelit: 700-900 \u03bcm (madh\u00ebsia e k\u00ebshillueshme e gjilp\u00ebr\u00ebs 25G o 27G).<br \/>\nP\u00ebrmbajtja e paketimit: 2 shiringa t\u00eb para-mbushura prej 1.25ml<\/p>\n","protected":false},"excerpt":{"rendered":"<p>P\u00ebr korrigjimin e rrudhave dhe palosjeve t\u00eb thella t\u00eb fytyr\u00ebs si palosje nasolabiale dhe vija marionete. Ajo duhet t\u00eb injektohet n\u00eb dermat e thell\u00eb.<br \/>\nMadh\u00ebsia e grimcave t\u00eb xhelit: 700-900 \u03bcm (madh\u00ebsia e k\u00ebshillueshme e gjilp\u00ebr\u00ebs 25G o 27G).<br \/>\nP\u00ebrmbajtja e paketimit: 2 shiringa t\u00eb para-mbushura prej 1.25ml<\/p>\n","protected":false},"featured_media":5927,"comment_status":"open","ping_status":"closed","template":"","meta":[],"product_cat":[135],"product_tag":[],"class_list":{"0":"post-6841","1":"product","2":"type-product","3":"status-publish","4":"has-post-thumbnail","6":"product_cat-caromed-pajisje-mjeksore-2","8":"first","9":"instock","10":"shipping-taxable","11":"product-type-simple"},"_links":{"self":[{"href":"https:\/\/megapharm.al\/index.php?rest_route=\/wp\/v2\/product\/6841","targetHints":{"allow":["GET"]}}],"collection":[{"href":"https:\/\/megapharm.al\/index.php?rest_route=\/wp\/v2\/product"}],"about":[{"href":"https:\/\/megapharm.al\/index.php?rest_route=\/wp\/v2\/types\/product"}],"replies":[{"embeddable":true,"href":"https:\/\/megapharm.al\/index.php?rest_route=%2Fwp%2Fv2%2Fcomments&post=6841"}],"wp:featuredmedia":[{"embeddable":true,"href":"https:\/\/megapharm.al\/index.php?rest_route=\/wp\/v2\/media\/5927"}],"wp:attachment":[{"href":"https:\/\/megapharm.al\/index.php?rest_route=%2Fwp%2Fv2%2Fmedia&parent=6841"}],"wp:term":[{"taxonomy":"product_cat","embeddable":true,"href":"https:\/\/megapharm.al\/index.php?rest_route=%2Fwp%2Fv2%2Fproduct_cat&post=6841"},{"taxonomy":"product_tag","embeddable":true,"href":"https:\/\/megapharm.al\/index.php?rest_route=%2Fwp%2Fv2%2Fproduct_tag&post=6841"}],"curies":[{"name":"wp","href":"https:\/\/api.w.org\/{rel}","templated":true}]}}