{"id":6830,"date":"2021-01-24T10:40:01","date_gmt":"2021-01-24T10:40:01","guid":{"rendered":"http:\/\/megapharm.al\/index.php\/product\/import-placeholder-for-3595\/"},"modified":"2021-01-24T10:40:07","modified_gmt":"2021-01-24T10:40:07","slug":"meprolen","status":"publish","type":"product","link":"https:\/\/megapharm.al\/?product=meprolen","title":{"rendered":"Meprolen"},"content":{"rendered":"<p>Principi aktiv: Omeprazole (As Omeprazole Sodium X 42.60mg\/Vial)<\/p>\n<p>Formdoza: Pluhur dhe tret\u00ebs p\u00ebr solucion p\u00ebr injeksion I.V x 40 mg\/ampule. (1 ampul\u00eb me pluhur + 1 ampul\u00eb me tret\u00ebs x 1ml -vet\u00ebm p\u00ebrdorim spitalor)<\/p>\n","protected":false},"excerpt":{"rendered":"<p>Principi aktiv: Omeprazole (As Omeprazole Sodium X 42.60mg\/Vial)<\/p>\n<p>Formdoza: Pluhur dhe tret\u00ebs p\u00ebr solucion p\u00ebr injeksion I.V x 40 mg\/ampule. (1 ampul\u00eb me pluhur + 1 ampul\u00eb me tret\u00ebs x 1ml -vet\u00ebm p\u00ebrdorim spitalor)<\/p>\n","protected":false},"featured_media":0,"comment_status":"open","ping_status":"closed","template":"","meta":[],"product_cat":[94],"product_tag":[],"class_list":{"0":"post-6830","1":"product","2":"type-product","3":"status-publish","5":"product_cat-vocate","7":"first","8":"instock","9":"shipping-taxable","10":"product-type-simple"},"_links":{"self":[{"href":"https:\/\/megapharm.al\/index.php?rest_route=\/wp\/v2\/product\/6830","targetHints":{"allow":["GET"]}}],"collection":[{"href":"https:\/\/megapharm.al\/index.php?rest_route=\/wp\/v2\/product"}],"about":[{"href":"https:\/\/megapharm.al\/index.php?rest_route=\/wp\/v2\/types\/product"}],"replies":[{"embeddable":true,"href":"https:\/\/megapharm.al\/index.php?rest_route=%2Fwp%2Fv2%2Fcomments&post=6830"}],"wp:attachment":[{"href":"https:\/\/megapharm.al\/index.php?rest_route=%2Fwp%2Fv2%2Fmedia&parent=6830"}],"wp:term":[{"taxonomy":"product_cat","embeddable":true,"href":"https:\/\/megapharm.al\/index.php?rest_route=%2Fwp%2Fv2%2Fproduct_cat&post=6830"},{"taxonomy":"product_tag","embeddable":true,"href":"https:\/\/megapharm.al\/index.php?rest_route=%2Fwp%2Fv2%2Fproduct_tag&post=6830"}],"curies":[{"name":"wp","href":"https:\/\/api.w.org\/{rel}","templated":true}]}}