{"id":6814,"date":"2021-01-24T10:39:49","date_gmt":"2021-01-24T10:39:49","guid":{"rendered":"http:\/\/megapharm.al\/index.php\/product\/import-placeholder-for-3558\/"},"modified":"2024-10-24T18:51:36","modified_gmt":"2024-10-24T18:51:36","slug":"neiromidin","status":"publish","type":"product","link":"https:\/\/megapharm.al\/?product=neiromidin","title":{"rendered":"Neiromidin"},"content":{"rendered":"<p>Principi aktiv: Ipidakrin\u00eb.<\/p>\n<p>Formdoza: 20 mg x50 tableta ; 1.5% 1 ml N10.<\/p>\n<p>Indikacione terapeutike<br \/>\nNeurit (n. facialis, n. ulnaris, n. medianus, n. radialis, n. tibialis, etj)<br \/>\nNeuropati (metabolike \u2013 diabet mellitus, toksikologjike \u2013 alkool, barna, etj), radikulopati<br \/>\nMiasteni dhe sindromi miastenik<br \/>\nN\u00eb periudh\u00ebn e rikuperimit pas d\u00ebmtimeve organike t\u00eb SNQ<br \/>\nTerapi komplekse n\u00eb s\u00ebmundjet demielinizuese<br \/>\n\u00c7rregullime t\u00eb kujtes\u00ebs me origjin\u00eb t\u00eb ndryshme<br \/>\nAtoni intestinale<\/p>\n","protected":false},"excerpt":{"rendered":"<p>Principi aktiv: Ipidakrin\u00eb.<\/p>\n<p>Formdoza: 20 mg x50 tableta ; 1.5% 1 ml N10.<\/p>\n<p>Indikacione terapeutike<br \/>\nNeurit (n. facialis, n. ulnaris, n. medianus, n. radialis, n. tibialis, etj)<br \/>\nNeuropati (metabolike \u2013 diabet mellitus, toksikologjike \u2013 alkool, barna, etj), radikulopati<br \/>\nMiasteni dhe sindromi miastenik<br \/>\nN\u00eb periudh\u00ebn e rikuperimit pas d\u00ebmtimeve organike t\u00eb SNQ<br \/>\nTerapi komplekse n\u00eb s\u00ebmundjet demielinizuese<br \/>\n\u00c7rregullime t\u00eb kujtes\u00ebs me origjin\u00eb t\u00eb ndryshme<br \/>\nAtoni intestinale<\/p>\n","protected":false},"featured_media":5920,"comment_status":"open","ping_status":"closed","template":"","meta":[],"product_cat":[147,62],"product_tag":[],"class_list":{"0":"post-6814","1":"product","2":"type-product","3":"status-publish","4":"has-post-thumbnail","6":"product_cat-olain-produktet-sipas-kompanive","7":"product_cat-sistemi-nervor","9":"first","10":"instock","11":"shipping-taxable","12":"product-type-simple"},"_links":{"self":[{"href":"https:\/\/megapharm.al\/index.php?rest_route=\/wp\/v2\/product\/6814","targetHints":{"allow":["GET"]}}],"collection":[{"href":"https:\/\/megapharm.al\/index.php?rest_route=\/wp\/v2\/product"}],"about":[{"href":"https:\/\/megapharm.al\/index.php?rest_route=\/wp\/v2\/types\/product"}],"replies":[{"embeddable":true,"href":"https:\/\/megapharm.al\/index.php?rest_route=%2Fwp%2Fv2%2Fcomments&post=6814"}],"wp:featuredmedia":[{"embeddable":true,"href":"https:\/\/megapharm.al\/index.php?rest_route=\/wp\/v2\/media\/5920"}],"wp:attachment":[{"href":"https:\/\/megapharm.al\/index.php?rest_route=%2Fwp%2Fv2%2Fmedia&parent=6814"}],"wp:term":[{"taxonomy":"product_cat","embeddable":true,"href":"https:\/\/megapharm.al\/index.php?rest_route=%2Fwp%2Fv2%2Fproduct_cat&post=6814"},{"taxonomy":"product_tag","embeddable":true,"href":"https:\/\/megapharm.al\/index.php?rest_route=%2Fwp%2Fv2%2Fproduct_tag&post=6814"}],"curies":[{"name":"wp","href":"https:\/\/api.w.org\/{rel}","templated":true}]}}