{"id":6812,"date":"2021-01-24T10:39:49","date_gmt":"2021-01-24T10:39:49","guid":{"rendered":"http:\/\/megapharm.al\/index.php\/product\/import-placeholder-for-3556\/"},"modified":"2024-03-09T08:28:10","modified_gmt":"2024-03-09T08:28:10","slug":"vazonat","status":"publish","type":"product","link":"https:\/\/megapharm.al\/?product=vazonat","title":{"rendered":"Vazonat"},"content":{"rendered":"<p>Principi aktiv: Meldonium.<\/p>\n<p>Formdoza: 250 mg x 40 kapsula.<\/p>\n<p>Indikacionet:<br \/>\nTerapi e kombinuar e s\u00ebmundjeve kardiovaskulare: angin\u00eb e q\u00ebndrueshme dhe e paq\u00ebndrueshme, insufi\u00e7enc\u00eb kardiake (e grad\u00ebs NYHA I-III), kardiomiopati ishemike, n\u00eb periudh\u00ebn e rikuperimit pas infarktit t\u00eb miokardit<br \/>\nN\u00eb terapin\u00eb e kombinuar t\u00eb \u00e7rregullimeve t\u00eb qarkullimit t\u00eb gjakut n\u00eb ishemit\u00eb akute dhe kronike<br \/>\nN\u00eb terapin\u00eb e kombinuar gjat\u00eb periudh\u00ebs se rikuperimit pas \u00e7rregullimeve t\u00eb qarkullimit t\u00eb gjakut n\u00eb tru, traumat e kok\u00ebs<br \/>\nReduktim i aft\u00ebsive p\u00ebr pun\u00eb, mbingarkes\u00eb fizike dhe psikoemocionale<\/p>\n","protected":false},"excerpt":{"rendered":"<p>Principi aktiv: Meldonium.<\/p>\n<p>Formdoza: 250 mg x 40 kapsula.<\/p>\n<p>Indikacionet:<br \/>\nTerapi e kombinuar e s\u00ebmundjeve kardiovaskulare: angin\u00eb e q\u00ebndrueshme dhe e paq\u00ebndrueshme, insufi\u00e7enc\u00eb kardiake (e grad\u00ebs NYHA I-III), kardiomiopati ishemike, n\u00eb periudh\u00ebn e rikuperimit pas infarktit t\u00eb miokardit<br \/>\nN\u00eb terapin\u00eb e kombinuar t\u00eb \u00e7rregullimeve t\u00eb qarkullimit t\u00eb gjakut n\u00eb ishemit\u00eb akute dhe kronike<br \/>\nN\u00eb terapin\u00eb e kombinuar gjat\u00eb periudh\u00ebs se rikuperimit pas \u00e7rregullimeve t\u00eb qarkullimit t\u00eb gjakut n\u00eb tru, traumat e kok\u00ebs<br \/>\nReduktim i aft\u00ebsive p\u00ebr pun\u00eb, mbingarkes\u00eb fizike dhe psikoemocionale<\/p>\n","protected":false},"featured_media":5918,"comment_status":"open","ping_status":"closed","template":"","meta":[],"product_cat":[147,62],"product_tag":[],"class_list":{"0":"post-6812","1":"product","2":"type-product","3":"status-publish","4":"has-post-thumbnail","6":"product_cat-olain-produktet-sipas-kompanive","7":"product_cat-sistemi-nervor","9":"first","10":"instock","11":"shipping-taxable","12":"product-type-simple"},"_links":{"self":[{"href":"https:\/\/megapharm.al\/index.php?rest_route=\/wp\/v2\/product\/6812","targetHints":{"allow":["GET"]}}],"collection":[{"href":"https:\/\/megapharm.al\/index.php?rest_route=\/wp\/v2\/product"}],"about":[{"href":"https:\/\/megapharm.al\/index.php?rest_route=\/wp\/v2\/types\/product"}],"replies":[{"embeddable":true,"href":"https:\/\/megapharm.al\/index.php?rest_route=%2Fwp%2Fv2%2Fcomments&post=6812"}],"wp:featuredmedia":[{"embeddable":true,"href":"https:\/\/megapharm.al\/index.php?rest_route=\/wp\/v2\/media\/5918"}],"wp:attachment":[{"href":"https:\/\/megapharm.al\/index.php?rest_route=%2Fwp%2Fv2%2Fmedia&parent=6812"}],"wp:term":[{"taxonomy":"product_cat","embeddable":true,"href":"https:\/\/megapharm.al\/index.php?rest_route=%2Fwp%2Fv2%2Fproduct_cat&post=6812"},{"taxonomy":"product_tag","embeddable":true,"href":"https:\/\/megapharm.al\/index.php?rest_route=%2Fwp%2Fv2%2Fproduct_tag&post=6812"}],"curies":[{"name":"wp","href":"https:\/\/api.w.org\/{rel}","templated":true}]}}