{"id":6810,"date":"2021-01-24T10:39:49","date_gmt":"2021-01-24T10:39:49","guid":{"rendered":"http:\/\/megapharm.al\/index.php\/product\/import-placeholder-for-3554\/"},"modified":"2021-01-24T10:39:55","modified_gmt":"2021-01-24T10:39:55","slug":"itranol","status":"publish","type":"product","link":"https:\/\/megapharm.al\/?product=itranol","title":{"rendered":"Itranol"},"content":{"rendered":"<p>Principi aktiv: Itrakonazol.<\/p>\n<p>Doza dhe sasia 100 mg x 10 kapsula; 100 mg x 28 kapsula.<\/p>\n<p>Indikacionet: Onikomykoza t\u00eb shkaktuara nga dermatofite ose myqe. Kandidoz\u00eb vulvovaginale<br \/>\nDermatomykoz\u00eb<br \/>\nPityriasis versicolor<br \/>\nKandidoz\u00eb e kavitetit oral<br \/>\nKeratit mykotik<br \/>\nMykoza sistemike: aspergiloza, kandidoza, kriptokokoz\u00eb (p\u00ebrfshir\u00eb meningitin kriptokokal), histoplasmoz\u00eb, sporotrikoz\u00eb, parakokidioidomykoz\u00eb, kromomykoz\u00eb, blastomykoz\u00eb)<\/p>\n","protected":false},"excerpt":{"rendered":"<p>Principi aktiv: Itrakonazol.<\/p>\n<p>Doza dhe sasia 100 mg x 10 kapsula; 100 mg x 28 kapsula.<\/p>\n<p>Indikacionet: Onikomykoza t\u00eb shkaktuara nga dermatofite ose myqe. Kandidoz\u00eb vulvovaginale<br \/>\nDermatomykoz\u00eb<br \/>\nPityriasis versicolor<br \/>\nKandidoz\u00eb e kavitetit oral<br \/>\nKeratit mykotik<br \/>\nMykoza sistemike: aspergiloza, kandidoza, kriptokokoz\u00eb (p\u00ebrfshir\u00eb meningitin kriptokokal), histoplasmoz\u00eb, sporotrikoz\u00eb, parakokidioidomykoz\u00eb, kromomykoz\u00eb, blastomykoz\u00eb)<\/p>\n","protected":false},"featured_media":5916,"comment_status":"open","ping_status":"closed","template":"","meta":[],"product_cat":[147],"product_tag":[],"class_list":{"0":"post-6810","1":"product","2":"type-product","3":"status-publish","4":"has-post-thumbnail","6":"product_cat-olain-produktet-sipas-kompanive","8":"first","9":"instock","10":"shipping-taxable","11":"product-type-simple"},"_links":{"self":[{"href":"https:\/\/megapharm.al\/index.php?rest_route=\/wp\/v2\/product\/6810","targetHints":{"allow":["GET"]}}],"collection":[{"href":"https:\/\/megapharm.al\/index.php?rest_route=\/wp\/v2\/product"}],"about":[{"href":"https:\/\/megapharm.al\/index.php?rest_route=\/wp\/v2\/types\/product"}],"replies":[{"embeddable":true,"href":"https:\/\/megapharm.al\/index.php?rest_route=%2Fwp%2Fv2%2Fcomments&post=6810"}],"wp:featuredmedia":[{"embeddable":true,"href":"https:\/\/megapharm.al\/index.php?rest_route=\/wp\/v2\/media\/5916"}],"wp:attachment":[{"href":"https:\/\/megapharm.al\/index.php?rest_route=%2Fwp%2Fv2%2Fmedia&parent=6810"}],"wp:term":[{"taxonomy":"product_cat","embeddable":true,"href":"https:\/\/megapharm.al\/index.php?rest_route=%2Fwp%2Fv2%2Fproduct_cat&post=6810"},{"taxonomy":"product_tag","embeddable":true,"href":"https:\/\/megapharm.al\/index.php?rest_route=%2Fwp%2Fv2%2Fproduct_tag&post=6810"}],"curies":[{"name":"wp","href":"https:\/\/api.w.org\/{rel}","templated":true}]}}