{"id":6809,"date":"2021-01-24T10:39:48","date_gmt":"2021-01-24T10:39:48","guid":{"rendered":"http:\/\/megapharm.al\/index.php\/product\/import-placeholder-for-3553\/"},"modified":"2026-01-26T16:29:01","modified_gmt":"2026-01-26T16:29:01","slug":"furamag","status":"publish","type":"product","link":"https:\/\/megapharm.al\/?product=furamag","title":{"rendered":"Furamag"},"content":{"rendered":"<p>Principi aktiv: Furagin solubile<\/p>\n<p>Formdoza: 25 mg N30, 50 mg x 30 kapsula.<\/p>\n<p>Indikacionet: Trajtimi i infeksioneve t\u00eb traktit urinar: -cistit, uretrit, pielonefrit<br \/>\nParandalim i rekurenc\u00ebs s\u00eb infeksioneve urinare<br \/>\nParandalim i infeksioneve t\u00eb traktit urinar:<br \/>\n-n\u00eb pacient\u00ebt me kateter p\u00ebr koh\u00eb t\u00eb gjat\u00eb (pas ishemive cerebrale, d\u00ebmtime t\u00eb shtyll\u00ebs kurrizore)<br \/>\n-p\u00ebrpara dhe pas kirurgjive urologjike (kancer prostate) dhe nd\u00ebrhyrjeve (cistoskopis\u00eb ose kateterizimit)<br \/>\nTrajtimi i prostatitit dhe infeksioneve gjinekologjike<\/p>\n","protected":false},"excerpt":{"rendered":"<p>Principi aktiv: Furagin solubile<\/p>\n<p>Formdoza: 25 mg N30, 50 mg x 30 kapsula.<\/p>\n<p>Indikacionet: Trajtimi i infeksioneve t\u00eb traktit urinar: -cistit, uretrit, pielonefrit<br \/>\nParandalim i rekurenc\u00ebs s\u00eb infeksioneve urinare<br \/>\nParandalim i infeksioneve t\u00eb traktit urinar:<br \/>\n-n\u00eb pacient\u00ebt me kateter p\u00ebr koh\u00eb t\u00eb gjat\u00eb (pas ishemive cerebrale, d\u00ebmtime t\u00eb shtyll\u00ebs kurrizore)<br \/>\n-p\u00ebrpara dhe pas kirurgjive urologjike (kancer prostate) dhe nd\u00ebrhyrjeve (cistoskopis\u00eb ose kateterizimit)<br \/>\nTrajtimi i prostatitit dhe infeksioneve gjinekologjike<\/p>\n","protected":false},"featured_media":5915,"comment_status":"open","ping_status":"closed","template":"","meta":[],"product_cat":[147,72],"product_tag":[],"class_list":{"0":"post-6809","1":"product","2":"type-product","3":"status-publish","4":"has-post-thumbnail","6":"product_cat-olain-produktet-sipas-kompanive","7":"product_cat-anti-infektiv","9":"first","10":"instock","11":"shipping-taxable","12":"product-type-simple"},"_links":{"self":[{"href":"https:\/\/megapharm.al\/index.php?rest_route=\/wp\/v2\/product\/6809","targetHints":{"allow":["GET"]}}],"collection":[{"href":"https:\/\/megapharm.al\/index.php?rest_route=\/wp\/v2\/product"}],"about":[{"href":"https:\/\/megapharm.al\/index.php?rest_route=\/wp\/v2\/types\/product"}],"replies":[{"embeddable":true,"href":"https:\/\/megapharm.al\/index.php?rest_route=%2Fwp%2Fv2%2Fcomments&post=6809"}],"wp:featuredmedia":[{"embeddable":true,"href":"https:\/\/megapharm.al\/index.php?rest_route=\/wp\/v2\/media\/5915"}],"wp:attachment":[{"href":"https:\/\/megapharm.al\/index.php?rest_route=%2Fwp%2Fv2%2Fmedia&parent=6809"}],"wp:term":[{"taxonomy":"product_cat","embeddable":true,"href":"https:\/\/megapharm.al\/index.php?rest_route=%2Fwp%2Fv2%2Fproduct_cat&post=6809"},{"taxonomy":"product_tag","embeddable":true,"href":"https:\/\/megapharm.al\/index.php?rest_route=%2Fwp%2Fv2%2Fproduct_tag&post=6809"}],"curies":[{"name":"wp","href":"https:\/\/api.w.org\/{rel}","templated":true}]}}