{"id":6807,"date":"2021-01-24T10:39:48","date_gmt":"2021-01-24T10:39:48","guid":{"rendered":"http:\/\/megapharm.al\/index.php\/product\/import-placeholder-for-3530\/"},"modified":"2021-01-24T10:39:54","modified_gmt":"2021-01-24T10:39:54","slug":"maquillage-high-definition-lip-pencil","status":"publish","type":"product","link":"https:\/\/megapharm.al\/?product=maquillage-high-definition-lip-pencil","title":{"rendered":"Maquillage High-Definition Lip Pencil"},"content":{"rendered":"<p>Maquillage High-Definition Lip Pencil \u00ebsht\u00eb nj\u00eb linj\u00eb mjaft e pigmentuar e cila konturon buz\u00ebt me precizion t\u00eb lart\u00eb. Vet\u00ebm me nj\u00eb kalim t\u00eb vet\u00ebm siguron q\u00ebndrim maksimal p\u00ebr nj\u00eb koh\u00eb t\u00eb gjat\u00eb. Tekstur\u00eb e but\u00eb q\u00eb hidraton dhe zbut buz\u00ebt. Hipoalergjik. Testuar klinikisht. Testuar p\u00ebr Nikel, Kobalt, Krom, Paladium dhe M\u00ebrkur.<br \/>\nP\u00ebr buz\u00eb t\u00eb ndjeshme<br \/>\nSasia: 4ml<\/p>\n","protected":false},"excerpt":{"rendered":"<p>Maquillage High-Definition Lip Pencil \u00ebsht\u00eb nj\u00eb linj\u00eb mjaft e pigmentuar e cila konturon buz\u00ebt me precizion t\u00eb lart\u00eb. Vet\u00ebm me nj\u00eb kalim t\u00eb vet\u00ebm siguron q\u00ebndrim maksimal p\u00ebr nj\u00eb koh\u00eb t\u00eb gjat\u00eb. Tekstur\u00eb e but\u00eb q\u00eb hidraton dhe zbut buz\u00ebt. Hipoalergjik. Testuar klinikisht. Testuar p\u00ebr Nikel, Kobalt, Krom, Paladium dhe M\u00ebrkur.<br \/>\nP\u00ebr buz\u00eb t\u00eb ndjeshme<br \/>\nSasia: 4ml<\/p>\n","protected":false},"featured_media":5913,"comment_status":"open","ping_status":"closed","template":"","meta":[],"product_cat":[123],"product_tag":[],"class_list":{"0":"post-6807","1":"product","2":"type-product","3":"status-publish","4":"has-post-thumbnail","6":"product_cat-rilastil","8":"first","9":"instock","10":"shipping-taxable","11":"product-type-simple"},"_links":{"self":[{"href":"https:\/\/megapharm.al\/index.php?rest_route=\/wp\/v2\/product\/6807","targetHints":{"allow":["GET"]}}],"collection":[{"href":"https:\/\/megapharm.al\/index.php?rest_route=\/wp\/v2\/product"}],"about":[{"href":"https:\/\/megapharm.al\/index.php?rest_route=\/wp\/v2\/types\/product"}],"replies":[{"embeddable":true,"href":"https:\/\/megapharm.al\/index.php?rest_route=%2Fwp%2Fv2%2Fcomments&post=6807"}],"wp:featuredmedia":[{"embeddable":true,"href":"https:\/\/megapharm.al\/index.php?rest_route=\/wp\/v2\/media\/5913"}],"wp:attachment":[{"href":"https:\/\/megapharm.al\/index.php?rest_route=%2Fwp%2Fv2%2Fmedia&parent=6807"}],"wp:term":[{"taxonomy":"product_cat","embeddable":true,"href":"https:\/\/megapharm.al\/index.php?rest_route=%2Fwp%2Fv2%2Fproduct_cat&post=6807"},{"taxonomy":"product_tag","embeddable":true,"href":"https:\/\/megapharm.al\/index.php?rest_route=%2Fwp%2Fv2%2Fproduct_tag&post=6807"}],"curies":[{"name":"wp","href":"https:\/\/api.w.org\/{rel}","templated":true}]}}