{"id":6806,"date":"2021-01-24T10:39:48","date_gmt":"2021-01-24T10:39:48","guid":{"rendered":"http:\/\/megapharm.al\/index.php\/product\/import-placeholder-for-3529\/"},"modified":"2021-01-24T10:39:54","modified_gmt":"2021-01-24T10:39:54","slug":"maquillage-primer-lifting-and-smoothing","status":"publish","type":"product","link":"https:\/\/megapharm.al\/?product=maquillage-primer-lifting-and-smoothing","title":{"rendered":"Maquillage Primer Lifting And Smoothing"},"content":{"rendered":"<p>Baz\u00eb p\u00ebr make-up me efekt lifting dhe zbut\u00ebs n\u00eb l\u00ebkur\u00eb. P\u00ebrmir\u00ebson dhe zgjat q\u00ebndrimin e fondotint\u00ebs. Minimizon poret dhe aplikimi i k\u00ebtij primeri e l\u00eb l\u00ebkur\u00ebn mjaft elastike.<br \/>\nJo komedogjenik. Hipoalergjik.<br \/>\nTestuar klinikisht. Testuar per Nikel, Kobalt, Krom, Paladium dhe Merkur.<br \/>\nP\u00ebr l\u00ebkur\u00eb t\u00eb ndjeshme.<br \/>\nP\u00ebrdorimi<br \/>\nAplikojeni n\u00eb fytyr\u00eb pas kremit tuaj hidratues.<\/p>\n<p>Sasia: 30ml<\/p>\n","protected":false},"excerpt":{"rendered":"<p>Baz\u00eb p\u00ebr make-up me efekt lifting dhe zbut\u00ebs n\u00eb l\u00ebkur\u00eb. P\u00ebrmir\u00ebson dhe zgjat q\u00ebndrimin e fondotint\u00ebs. Minimizon poret dhe aplikimi i k\u00ebtij primeri e l\u00eb l\u00ebkur\u00ebn mjaft elastike.<br \/>\nJo komedogjenik. Hipoalergjik.<br \/>\nTestuar klinikisht. Testuar per Nikel, Kobalt, Krom, Paladium dhe Merkur.<br \/>\nP\u00ebr l\u00ebkur\u00eb t\u00eb ndjeshme.<br \/>\nP\u00ebrdorimi<br \/>\nAplikojeni n\u00eb fytyr\u00eb pas kremit tuaj hidratues.<\/p>\n<p>Sasia: 30ml<\/p>\n","protected":false},"featured_media":5912,"comment_status":"open","ping_status":"closed","template":"","meta":[],"product_cat":[123],"product_tag":[],"class_list":{"0":"post-6806","1":"product","2":"type-product","3":"status-publish","4":"has-post-thumbnail","6":"product_cat-rilastil","8":"first","9":"instock","10":"shipping-taxable","11":"product-type-simple"},"_links":{"self":[{"href":"https:\/\/megapharm.al\/index.php?rest_route=\/wp\/v2\/product\/6806","targetHints":{"allow":["GET"]}}],"collection":[{"href":"https:\/\/megapharm.al\/index.php?rest_route=\/wp\/v2\/product"}],"about":[{"href":"https:\/\/megapharm.al\/index.php?rest_route=\/wp\/v2\/types\/product"}],"replies":[{"embeddable":true,"href":"https:\/\/megapharm.al\/index.php?rest_route=%2Fwp%2Fv2%2Fcomments&post=6806"}],"wp:featuredmedia":[{"embeddable":true,"href":"https:\/\/megapharm.al\/index.php?rest_route=\/wp\/v2\/media\/5912"}],"wp:attachment":[{"href":"https:\/\/megapharm.al\/index.php?rest_route=%2Fwp%2Fv2%2Fmedia&parent=6806"}],"wp:term":[{"taxonomy":"product_cat","embeddable":true,"href":"https:\/\/megapharm.al\/index.php?rest_route=%2Fwp%2Fv2%2Fproduct_cat&post=6806"},{"taxonomy":"product_tag","embeddable":true,"href":"https:\/\/megapharm.al\/index.php?rest_route=%2Fwp%2Fv2%2Fproduct_tag&post=6806"}],"curies":[{"name":"wp","href":"https:\/\/api.w.org\/{rel}","templated":true}]}}