{"id":6805,"date":"2021-01-24T10:39:48","date_gmt":"2021-01-24T10:39:48","guid":{"rendered":"http:\/\/megapharm.al\/index.php\/product\/import-placeholder-for-3528\/"},"modified":"2021-01-24T10:39:53","modified_gmt":"2021-01-24T10:39:53","slug":"maquillage-satin-blush-10","status":"publish","type":"product","link":"https:\/\/megapharm.al\/?product=maquillage-satin-blush-10","title":{"rendered":"Maquillage Satin Blush 10"},"content":{"rendered":"<p>Pluhur i leht\u00eb i thjesht\u00eb p\u00ebr t&#8217;u aplikuar n\u00eb moll\u00ebza duke i dhuruar k\u00ebsaj zone ngjyr\u00eb dhe ndricim.<br \/>\nNxjerr n\u00eb pah konturet e fytyr\u00ebs duke u b\u00ebr\u00eb nj\u00eb me l\u00ebkur\u00ebn tuaj.<br \/>\nNuanca: 2<br \/>\nP\u00ebrdorimi<br \/>\nAplikojeni me nj\u00eb penel n\u00eb zon\u00ebn e moll\u00ebzave pasi t\u00eb keni vendosur fondotint\u00ebn.<\/p>\n<p>Sasia: 4g<\/p>\n","protected":false},"excerpt":{"rendered":"<p>Pluhur i leht\u00eb i thjesht\u00eb p\u00ebr t&#8217;u aplikuar n\u00eb moll\u00ebza duke i dhuruar k\u00ebsaj zone ngjyr\u00eb dhe ndricim.<br \/>\nNxjerr n\u00eb pah konturet e fytyr\u00ebs duke u b\u00ebr\u00eb nj\u00eb me l\u00ebkur\u00ebn tuaj.<br \/>\nNuanca: 2<br \/>\nP\u00ebrdorimi<br \/>\nAplikojeni me nj\u00eb penel n\u00eb zon\u00ebn e moll\u00ebzave pasi t\u00eb keni vendosur fondotint\u00ebn.<\/p>\n<p>Sasia: 4g<\/p>\n","protected":false},"featured_media":5911,"comment_status":"open","ping_status":"closed","template":"","meta":[],"product_cat":[123],"product_tag":[],"class_list":{"0":"post-6805","1":"product","2":"type-product","3":"status-publish","4":"has-post-thumbnail","6":"product_cat-rilastil","8":"first","9":"instock","10":"shipping-taxable","11":"product-type-simple"},"_links":{"self":[{"href":"https:\/\/megapharm.al\/index.php?rest_route=\/wp\/v2\/product\/6805","targetHints":{"allow":["GET"]}}],"collection":[{"href":"https:\/\/megapharm.al\/index.php?rest_route=\/wp\/v2\/product"}],"about":[{"href":"https:\/\/megapharm.al\/index.php?rest_route=\/wp\/v2\/types\/product"}],"replies":[{"embeddable":true,"href":"https:\/\/megapharm.al\/index.php?rest_route=%2Fwp%2Fv2%2Fcomments&post=6805"}],"wp:featuredmedia":[{"embeddable":true,"href":"https:\/\/megapharm.al\/index.php?rest_route=\/wp\/v2\/media\/5911"}],"wp:attachment":[{"href":"https:\/\/megapharm.al\/index.php?rest_route=%2Fwp%2Fv2%2Fmedia&parent=6805"}],"wp:term":[{"taxonomy":"product_cat","embeddable":true,"href":"https:\/\/megapharm.al\/index.php?rest_route=%2Fwp%2Fv2%2Fproduct_cat&post=6805"},{"taxonomy":"product_tag","embeddable":true,"href":"https:\/\/megapharm.al\/index.php?rest_route=%2Fwp%2Fv2%2Fproduct_tag&post=6805"}],"curies":[{"name":"wp","href":"https:\/\/api.w.org\/{rel}","templated":true}]}}