{"id":6804,"date":"2021-01-24T10:39:48","date_gmt":"2021-01-24T10:39:48","guid":{"rendered":"http:\/\/megapharm.al\/index.php\/product\/import-placeholder-for-3527\/"},"modified":"2021-01-24T10:39:53","modified_gmt":"2021-01-24T10:39:53","slug":"maquillage-satin-eye-shadow","status":"publish","type":"product","link":"https:\/\/megapharm.al\/?product=maquillage-satin-eye-shadow","title":{"rendered":"Maquillage Satin Eye Shadow"},"content":{"rendered":"<p>Maquillage Satin Eye Shadow \u00ebsht\u00eb nj\u00eb formul\u00eb me performanc\u00eb t\u00eb lart\u00eb. P\u00ebrdoret n\u00eb t\u00eb that\u00eb p\u00ebr nj\u00eb rezultat natyral ose n\u00eb t\u00eb lagur p\u00ebr nj\u00eb rezultat m\u00eb intensiv.<br \/>\nHipoalergjik. Testuar oftalmologjikisht n\u00eb sy t\u00eb ndjeshem dhe p\u00ebrdorues t\u00eb lenteve t\u00eb kontaktit. Testuar p\u00ebr Nikel, Kobalt, Krom, M\u00ebrkur dhe Paladium.<br \/>\nGjendet ne 10 nuanca<br \/>\nP\u00ebrdorimi<br \/>\nAplikojeni n\u00eb zon\u00ebn e qepallave.<\/p>\n<p>Sasia: 10g<\/p>\n","protected":false},"excerpt":{"rendered":"<p>Maquillage Satin Eye Shadow \u00ebsht\u00eb nj\u00eb formul\u00eb me performanc\u00eb t\u00eb lart\u00eb. P\u00ebrdoret n\u00eb t\u00eb that\u00eb p\u00ebr nj\u00eb rezultat natyral ose n\u00eb t\u00eb lagur p\u00ebr nj\u00eb rezultat m\u00eb intensiv.<br \/>\nHipoalergjik. Testuar oftalmologjikisht n\u00eb sy t\u00eb ndjeshem dhe p\u00ebrdorues t\u00eb lenteve t\u00eb kontaktit. Testuar p\u00ebr Nikel, Kobalt, Krom, M\u00ebrkur dhe Paladium.<br \/>\nGjendet ne 10 nuanca<br \/>\nP\u00ebrdorimi<br \/>\nAplikojeni n\u00eb zon\u00ebn e qepallave.<\/p>\n<p>Sasia: 10g<\/p>\n","protected":false},"featured_media":5910,"comment_status":"open","ping_status":"closed","template":"","meta":[],"product_cat":[123],"product_tag":[],"class_list":{"0":"post-6804","1":"product","2":"type-product","3":"status-publish","4":"has-post-thumbnail","6":"product_cat-rilastil","8":"first","9":"instock","10":"shipping-taxable","11":"product-type-simple"},"_links":{"self":[{"href":"https:\/\/megapharm.al\/index.php?rest_route=\/wp\/v2\/product\/6804","targetHints":{"allow":["GET"]}}],"collection":[{"href":"https:\/\/megapharm.al\/index.php?rest_route=\/wp\/v2\/product"}],"about":[{"href":"https:\/\/megapharm.al\/index.php?rest_route=\/wp\/v2\/types\/product"}],"replies":[{"embeddable":true,"href":"https:\/\/megapharm.al\/index.php?rest_route=%2Fwp%2Fv2%2Fcomments&post=6804"}],"wp:featuredmedia":[{"embeddable":true,"href":"https:\/\/megapharm.al\/index.php?rest_route=\/wp\/v2\/media\/5910"}],"wp:attachment":[{"href":"https:\/\/megapharm.al\/index.php?rest_route=%2Fwp%2Fv2%2Fmedia&parent=6804"}],"wp:term":[{"taxonomy":"product_cat","embeddable":true,"href":"https:\/\/megapharm.al\/index.php?rest_route=%2Fwp%2Fv2%2Fproduct_cat&post=6804"},{"taxonomy":"product_tag","embeddable":true,"href":"https:\/\/megapharm.al\/index.php?rest_route=%2Fwp%2Fv2%2Fproduct_tag&post=6804"}],"curies":[{"name":"wp","href":"https:\/\/api.w.org\/{rel}","templated":true}]}}