{"id":6803,"date":"2021-01-24T10:39:48","date_gmt":"2021-01-24T10:39:48","guid":{"rendered":"http:\/\/megapharm.al\/index.php\/product\/import-placeholder-for-3526\/"},"modified":"2021-01-24T10:39:53","modified_gmt":"2021-01-24T10:39:53","slug":"maquillage-instant-volumizing-mascara","status":"publish","type":"product","link":"https:\/\/megapharm.al\/?product=maquillage-instant-volumizing-mascara","title":{"rendered":"Maquillage Instant Volumizing Mascara"},"content":{"rendered":"<p>Maquillage Instant Volumizing Mascara jep volum intensiv qerpik\u00ebve dhe ka nj\u00eb ngjyr\u00eb mjaft t\u00eb pigmentuar i cili jep bukuri shikimit. Me nj\u00eb gjest t\u00eb vet\u00ebm qerpik\u00ebt jan\u00eb menj\u00ebher\u00eb m\u00eb t\u00eb shpesht\u00eb dhe me volum. Q\u00ebndrimi i k\u00ebtij rimeli zgjat n\u00eb koh\u00eb.<br \/>\nTestuar p\u00ebr alergji. Hipoalergjik. Testuar oftalmologjikisht n\u00eb persona me lente kontakti. Testuar p\u00ebr Nikel, Kobalt, Krom, Paladium dhe M\u00ebrkur.<br \/>\nP\u00ebr sy t\u00eb ndjesh\u00ebm.<\/p>\n<p>Sasia: 8,5 ml<\/p>\n","protected":false},"excerpt":{"rendered":"<p>Maquillage Instant Volumizing Mascara jep volum intensiv qerpik\u00ebve dhe ka nj\u00eb ngjyr\u00eb mjaft t\u00eb pigmentuar i cili jep bukuri shikimit. Me nj\u00eb gjest t\u00eb vet\u00ebm qerpik\u00ebt jan\u00eb menj\u00ebher\u00eb m\u00eb t\u00eb shpesht\u00eb dhe me volum. Q\u00ebndrimi i k\u00ebtij rimeli zgjat n\u00eb koh\u00eb.<br \/>\nTestuar p\u00ebr alergji. Hipoalergjik. Testuar oftalmologjikisht n\u00eb persona me lente kontakti. Testuar p\u00ebr Nikel, Kobalt, Krom, Paladium dhe M\u00ebrkur.<br \/>\nP\u00ebr sy t\u00eb ndjesh\u00ebm.<\/p>\n<p>Sasia: 8,5 ml<\/p>\n","protected":false},"featured_media":5909,"comment_status":"open","ping_status":"closed","template":"","meta":[],"product_cat":[123],"product_tag":[],"class_list":{"0":"post-6803","1":"product","2":"type-product","3":"status-publish","4":"has-post-thumbnail","6":"product_cat-rilastil","8":"first","9":"instock","10":"shipping-taxable","11":"product-type-simple"},"_links":{"self":[{"href":"https:\/\/megapharm.al\/index.php?rest_route=\/wp\/v2\/product\/6803","targetHints":{"allow":["GET"]}}],"collection":[{"href":"https:\/\/megapharm.al\/index.php?rest_route=\/wp\/v2\/product"}],"about":[{"href":"https:\/\/megapharm.al\/index.php?rest_route=\/wp\/v2\/types\/product"}],"replies":[{"embeddable":true,"href":"https:\/\/megapharm.al\/index.php?rest_route=%2Fwp%2Fv2%2Fcomments&post=6803"}],"wp:featuredmedia":[{"embeddable":true,"href":"https:\/\/megapharm.al\/index.php?rest_route=\/wp\/v2\/media\/5909"}],"wp:attachment":[{"href":"https:\/\/megapharm.al\/index.php?rest_route=%2Fwp%2Fv2%2Fmedia&parent=6803"}],"wp:term":[{"taxonomy":"product_cat","embeddable":true,"href":"https:\/\/megapharm.al\/index.php?rest_route=%2Fwp%2Fv2%2Fproduct_cat&post=6803"},{"taxonomy":"product_tag","embeddable":true,"href":"https:\/\/megapharm.al\/index.php?rest_route=%2Fwp%2Fv2%2Fproduct_tag&post=6803"}],"curies":[{"name":"wp","href":"https:\/\/api.w.org\/{rel}","templated":true}]}}