{"id":6802,"date":"2021-01-24T10:39:47","date_gmt":"2021-01-24T10:39:47","guid":{"rendered":"http:\/\/megapharm.al\/index.php\/product\/import-placeholder-for-3525\/"},"modified":"2021-01-24T10:39:53","modified_gmt":"2021-01-24T10:39:53","slug":"maquillage-lightfusion-foundation-spf-15","status":"publish","type":"product","link":"https:\/\/megapharm.al\/?product=maquillage-lightfusion-foundation-spf-15","title":{"rendered":"Maquillage Lightfusion Foundation SPF 15"},"content":{"rendered":"<p>Maquillage Lightfusion Foundation \u00ebsht\u00eb perfekt p\u00ebr ato q\u00eb d\u00ebshirojn\u00eb nj\u00eb make-up t\u00eb leht\u00eb, p\u00ebr nj\u00eb efekt natyral, l\u00ebkur\u00eb uniforme dhe t\u00eb shdritshme. SPF 15 mbron l\u00ebkur\u00ebn nga foto-plakja dhe dit\u00eb pas dite l\u00ebkura \u00ebsht\u00eb e hidratuar, e mbrojtur dhe rigjeneruar.<br \/>\nJo komedogjenik. Hipoalergjik.<br \/>\nTestuar p\u00ebr alergji. Testuar klinikisht. Testuar p\u00ebr Nikel, Kobalt, Krom, Paladium dhe M\u00ebrkur.<br \/>\nP\u00ebr l\u00ebkur\u00eb t\u00eb ndjeshme.<br \/>\nSasia: 30ml<br \/>\nSPF 15.<br \/>\nGjendet ne 5 Nuanca (Porcelan 10 \/ Natural 20\/ Honey 30 \/ Sand 40 \/ Moka 50 )<br \/>\nP\u00ebrdorimi<br \/>\nTundeni mir\u00eb para aplikimit. Aplikoni kremin tuaj hidratues m\u00eb pas aplikoni fondotint\u00ebn duke u nisur nga q\u00ebndra e fytyr\u00ebs drejt kontureve.<\/p>\n","protected":false},"excerpt":{"rendered":"<p>Maquillage Lightfusion Foundation \u00ebsht\u00eb perfekt p\u00ebr ato q\u00eb d\u00ebshirojn\u00eb nj\u00eb make-up t\u00eb leht\u00eb, p\u00ebr nj\u00eb efekt natyral, l\u00ebkur\u00eb uniforme dhe t\u00eb shdritshme. SPF 15 mbron l\u00ebkur\u00ebn nga foto-plakja dhe dit\u00eb pas dite l\u00ebkura \u00ebsht\u00eb e hidratuar, e mbrojtur dhe rigjeneruar.<br \/>\nJo komedogjenik. Hipoalergjik.<br \/>\nTestuar p\u00ebr alergji. Testuar klinikisht. Testuar p\u00ebr Nikel, Kobalt, Krom, Paladium dhe M\u00ebrkur.<br \/>\nP\u00ebr l\u00ebkur\u00eb t\u00eb ndjeshme.<br \/>\nSasia: 30ml<br \/>\nSPF 15.<br \/>\nGjendet ne 5 Nuanca (Porcelan 10 \/ Natural 20\/ Honey 30 \/ Sand 40 \/ Moka 50 )<br \/>\nP\u00ebrdorimi<br \/>\nTundeni mir\u00eb para aplikimit. Aplikoni kremin tuaj hidratues m\u00eb pas aplikoni fondotint\u00ebn duke u nisur nga q\u00ebndra e fytyr\u00ebs drejt kontureve.<\/p>\n","protected":false},"featured_media":5908,"comment_status":"open","ping_status":"closed","template":"","meta":[],"product_cat":[123],"product_tag":[],"class_list":{"0":"post-6802","1":"product","2":"type-product","3":"status-publish","4":"has-post-thumbnail","6":"product_cat-rilastil","8":"first","9":"instock","10":"shipping-taxable","11":"product-type-simple"},"_links":{"self":[{"href":"https:\/\/megapharm.al\/index.php?rest_route=\/wp\/v2\/product\/6802","targetHints":{"allow":["GET"]}}],"collection":[{"href":"https:\/\/megapharm.al\/index.php?rest_route=\/wp\/v2\/product"}],"about":[{"href":"https:\/\/megapharm.al\/index.php?rest_route=\/wp\/v2\/types\/product"}],"replies":[{"embeddable":true,"href":"https:\/\/megapharm.al\/index.php?rest_route=%2Fwp%2Fv2%2Fcomments&post=6802"}],"wp:featuredmedia":[{"embeddable":true,"href":"https:\/\/megapharm.al\/index.php?rest_route=\/wp\/v2\/media\/5908"}],"wp:attachment":[{"href":"https:\/\/megapharm.al\/index.php?rest_route=%2Fwp%2Fv2%2Fmedia&parent=6802"}],"wp:term":[{"taxonomy":"product_cat","embeddable":true,"href":"https:\/\/megapharm.al\/index.php?rest_route=%2Fwp%2Fv2%2Fproduct_cat&post=6802"},{"taxonomy":"product_tag","embeddable":true,"href":"https:\/\/megapharm.al\/index.php?rest_route=%2Fwp%2Fv2%2Fproduct_tag&post=6802"}],"curies":[{"name":"wp","href":"https:\/\/api.w.org\/{rel}","templated":true}]}}