{"id":6800,"date":"2021-01-24T10:39:47","date_gmt":"2021-01-24T10:39:47","guid":{"rendered":"http:\/\/megapharm.al\/index.php\/product\/import-placeholder-for-3523\/"},"modified":"2021-01-24T10:39:52","modified_gmt":"2021-01-24T10:39:52","slug":"maquillage-mattfusion-foundation","status":"publish","type":"product","link":"https:\/\/megapharm.al\/?product=maquillage-mattfusion-foundation","title":{"rendered":"Maquillage Mattfusion Foundation"},"content":{"rendered":"<p>Maquillage Mattfusion Foundation, fondotint\u00eb ekuilibruese dhe matifikuese, uniformon l\u00ebkur\u00ebn p\u00ebr nj\u00eb pamje homogjene dhe natyrale. Tekstura fluide shkrihet but\u00ebsisht me l\u00ebkur\u00ebn duke mbuluar poret dhe ekuilibron sebumin e tep\u00ebrt. Mbron l\u00ebkur\u00ebn nga ndotja ambjentale.<br \/>\nJo komedogjenik. Hipoalergjik. Testuar klinikisht.<br \/>\nTestuar p\u00ebr Nikel, Kobalt, Krom, Paladium dhe M\u00ebrkur. P\u00ebr l\u00ebkur\u00eb t\u00eb ndjeshme.<br \/>\nGjendet ne 5 Nuanca (Porcelan 10 \/Natural 20 \/ Honey 30 \/Sand 40 \/ Moka 50)<br \/>\nP\u00ebrdorimi<br \/>\nAplikoni kremin tuaj hidratues m\u00eb pas aplikoni fondotint\u00ebn duke u nisur nga q\u00ebndra e fytyr\u00ebs drejt kontureve.<\/p>\n<p>Sasia: 30ml<\/p>\n","protected":false},"excerpt":{"rendered":"<p>Maquillage Mattfusion Foundation, fondotint\u00eb ekuilibruese dhe matifikuese, uniformon l\u00ebkur\u00ebn p\u00ebr nj\u00eb pamje homogjene dhe natyrale. Tekstura fluide shkrihet but\u00ebsisht me l\u00ebkur\u00ebn duke mbuluar poret dhe ekuilibron sebumin e tep\u00ebrt. Mbron l\u00ebkur\u00ebn nga ndotja ambjentale.<br \/>\nJo komedogjenik. Hipoalergjik. Testuar klinikisht.<br \/>\nTestuar p\u00ebr Nikel, Kobalt, Krom, Paladium dhe M\u00ebrkur. P\u00ebr l\u00ebkur\u00eb t\u00eb ndjeshme.<br \/>\nGjendet ne 5 Nuanca (Porcelan 10 \/Natural 20 \/ Honey 30 \/Sand 40 \/ Moka 50)<br \/>\nP\u00ebrdorimi<br \/>\nAplikoni kremin tuaj hidratues m\u00eb pas aplikoni fondotint\u00ebn duke u nisur nga q\u00ebndra e fytyr\u00ebs drejt kontureve.<\/p>\n<p>Sasia: 30ml<\/p>\n","protected":false},"featured_media":5906,"comment_status":"open","ping_status":"closed","template":"","meta":[],"product_cat":[123],"product_tag":[],"class_list":{"0":"post-6800","1":"product","2":"type-product","3":"status-publish","4":"has-post-thumbnail","6":"product_cat-rilastil","8":"first","9":"instock","10":"shipping-taxable","11":"product-type-simple"},"_links":{"self":[{"href":"https:\/\/megapharm.al\/index.php?rest_route=\/wp\/v2\/product\/6800","targetHints":{"allow":["GET"]}}],"collection":[{"href":"https:\/\/megapharm.al\/index.php?rest_route=\/wp\/v2\/product"}],"about":[{"href":"https:\/\/megapharm.al\/index.php?rest_route=\/wp\/v2\/types\/product"}],"replies":[{"embeddable":true,"href":"https:\/\/megapharm.al\/index.php?rest_route=%2Fwp%2Fv2%2Fcomments&post=6800"}],"wp:featuredmedia":[{"embeddable":true,"href":"https:\/\/megapharm.al\/index.php?rest_route=\/wp\/v2\/media\/5906"}],"wp:attachment":[{"href":"https:\/\/megapharm.al\/index.php?rest_route=%2Fwp%2Fv2%2Fmedia&parent=6800"}],"wp:term":[{"taxonomy":"product_cat","embeddable":true,"href":"https:\/\/megapharm.al\/index.php?rest_route=%2Fwp%2Fv2%2Fproduct_cat&post=6800"},{"taxonomy":"product_tag","embeddable":true,"href":"https:\/\/megapharm.al\/index.php?rest_route=%2Fwp%2Fv2%2Fproduct_tag&post=6800"}],"curies":[{"name":"wp","href":"https:\/\/api.w.org\/{rel}","templated":true}]}}