{"id":6799,"date":"2021-01-24T10:39:47","date_gmt":"2021-01-24T10:39:47","guid":{"rendered":"http:\/\/megapharm.al\/index.php\/product\/import-placeholder-for-3522\/"},"modified":"2021-01-24T10:39:52","modified_gmt":"2021-01-24T10:39:52","slug":"maquillage-liftrepair-foundation-spf-15","status":"publish","type":"product","link":"https:\/\/megapharm.al\/?product=maquillage-liftrepair-foundation-spf-15","title":{"rendered":"Maquillage Liftrepair Foundation SPF 15"},"content":{"rendered":"<p>Fondotint\u00eb fluide p\u00ebr korrigjimin e shenjave t\u00eb koh\u00ebs, lodhjen. I jep lekures elasticitet dhe efekt lifting . Tekstur\u00eb e leht\u00eb dhe e mendafsht\u00eb vepron ne menyre natyrale ne korrigjmin e imperfeksioneve t\u00eb l\u00ebkur\u00ebs edhe asaj m\u00eb t\u00eb ndjeshme.<br \/>\nNuk bllokon poret .Hipoalergjik.<br \/>\nTestuar klinikisht. Testuar p\u00ebr Nikel, Kobalt, Krom, Paladium dhe M\u00ebrkur.<br \/>\nGjendet ne 5 Nuanca te ndryshme ( Porcelan 10 \/ Natural 20 \/ Honey 30 \/ Sand 40 \/ Moka 50 )<br \/>\nP\u00ebrdorimi<br \/>\nAplikoni kremin tuaj hidratues m\u00eb pas aplikoni fondotint\u00ebn duke u nisur nga q\u00ebndra e fytyr\u00ebs drejt kontureve.<\/p>\n<p>Sasia: 30ml<\/p>\n","protected":false},"excerpt":{"rendered":"<p>Fondotint\u00eb fluide p\u00ebr korrigjimin e shenjave t\u00eb koh\u00ebs, lodhjen. I jep lekures elasticitet dhe efekt lifting . Tekstur\u00eb e leht\u00eb dhe e mendafsht\u00eb vepron ne menyre natyrale ne korrigjmin e imperfeksioneve t\u00eb l\u00ebkur\u00ebs edhe asaj m\u00eb t\u00eb ndjeshme.<br \/>\nNuk bllokon poret .Hipoalergjik.<br \/>\nTestuar klinikisht. Testuar p\u00ebr Nikel, Kobalt, Krom, Paladium dhe M\u00ebrkur.<br \/>\nGjendet ne 5 Nuanca te ndryshme ( Porcelan 10 \/ Natural 20 \/ Honey 30 \/ Sand 40 \/ Moka 50 )<br \/>\nP\u00ebrdorimi<br \/>\nAplikoni kremin tuaj hidratues m\u00eb pas aplikoni fondotint\u00ebn duke u nisur nga q\u00ebndra e fytyr\u00ebs drejt kontureve.<\/p>\n<p>Sasia: 30ml<\/p>\n","protected":false},"featured_media":5905,"comment_status":"open","ping_status":"closed","template":"","meta":[],"product_cat":[123],"product_tag":[],"class_list":{"0":"post-6799","1":"product","2":"type-product","3":"status-publish","4":"has-post-thumbnail","6":"product_cat-rilastil","8":"first","9":"instock","10":"shipping-taxable","11":"product-type-simple"},"_links":{"self":[{"href":"https:\/\/megapharm.al\/index.php?rest_route=\/wp\/v2\/product\/6799","targetHints":{"allow":["GET"]}}],"collection":[{"href":"https:\/\/megapharm.al\/index.php?rest_route=\/wp\/v2\/product"}],"about":[{"href":"https:\/\/megapharm.al\/index.php?rest_route=\/wp\/v2\/types\/product"}],"replies":[{"embeddable":true,"href":"https:\/\/megapharm.al\/index.php?rest_route=%2Fwp%2Fv2%2Fcomments&post=6799"}],"wp:featuredmedia":[{"embeddable":true,"href":"https:\/\/megapharm.al\/index.php?rest_route=\/wp\/v2\/media\/5905"}],"wp:attachment":[{"href":"https:\/\/megapharm.al\/index.php?rest_route=%2Fwp%2Fv2%2Fmedia&parent=6799"}],"wp:term":[{"taxonomy":"product_cat","embeddable":true,"href":"https:\/\/megapharm.al\/index.php?rest_route=%2Fwp%2Fv2%2Fproduct_cat&post=6799"},{"taxonomy":"product_tag","embeddable":true,"href":"https:\/\/megapharm.al\/index.php?rest_route=%2Fwp%2Fv2%2Fproduct_tag&post=6799"}],"curies":[{"name":"wp","href":"https:\/\/api.w.org\/{rel}","templated":true}]}}