{"id":6798,"date":"2021-01-24T10:39:47","date_gmt":"2021-01-24T10:39:47","guid":{"rendered":"http:\/\/megapharm.al\/index.php\/product\/import-placeholder-for-3470\/"},"modified":"2021-01-24T10:39:52","modified_gmt":"2021-01-24T10:39:52","slug":"xerolact-atopic-intensive-balm","status":"publish","type":"product","link":"https:\/\/megapharm.al\/?product=xerolact-atopic-intensive-balm","title":{"rendered":"Xerolact Atopic Intensive Balm"},"content":{"rendered":"<p>P\u00ebrshkrimi i produktit<br \/>\nBalsam intensiv mjaft i pasur dhe i but\u00eb. Trajtim intensiv, hidratues dhe ristrukturues i l\u00ebkur\u00ebs.<br \/>\nP\u00ebrmban vajra bimore, vitamina dhe kalium Glycyrrhizinate t\u00eb cil\u00ebt ushqejn\u00eb deri n\u00eb thell\u00ebsi l\u00ebkur\u00ebn dhe ndihmojn\u00eb n\u00eb rind\u00ebrtimin e saj.<br \/>\nP\u00ebrmban gjithashtu Omega 3, 6, 7 dhe 9.<br \/>\nHipoalergjenik<br \/>\nPa parfum, alkol, ngjyrues dhe derivate t\u00eb grurit.<br \/>\nTestuar dermatologjikisht dhe n\u00eb mbikqyrje pediatrike.<br \/>\nTestuar p\u00ebr Nikel, Kobalt, Krom, Palladium dhe M\u00ebrkur.<br \/>\nP\u00ebrdorimi<br \/>\nAplikojeni 1-2 her\u00eb n\u00eb dit\u00eb n\u00eb l\u00ebkur\u00eb t\u00eb that\u00eb. K\u00ebshillohet p\u00ebrdorimi pas dushit.<br \/>\nSasia: 200ml<\/p>\n","protected":false},"excerpt":{"rendered":"<p>P\u00ebrshkrimi i produktit<br \/>\nBalsam intensiv mjaft i pasur dhe i but\u00eb. Trajtim intensiv, hidratues dhe ristrukturues i l\u00ebkur\u00ebs.<br \/>\nP\u00ebrmban vajra bimore, vitamina dhe kalium Glycyrrhizinate t\u00eb cil\u00ebt ushqejn\u00eb deri n\u00eb thell\u00ebsi l\u00ebkur\u00ebn dhe ndihmojn\u00eb n\u00eb rind\u00ebrtimin e saj.<br \/>\nP\u00ebrmban gjithashtu Omega 3, 6, 7 dhe 9.<br \/>\nHipoalergjenik<br \/>\nPa parfum, alkol, ngjyrues dhe derivate t\u00eb grurit.<br \/>\nTestuar dermatologjikisht dhe n\u00eb mbikqyrje pediatrike.<br \/>\nTestuar p\u00ebr Nikel, Kobalt, Krom, Palladium dhe M\u00ebrkur.<br \/>\nP\u00ebrdorimi<br \/>\nAplikojeni 1-2 her\u00eb n\u00eb dit\u00eb n\u00eb l\u00ebkur\u00eb t\u00eb that\u00eb. K\u00ebshillohet p\u00ebrdorimi pas dushit.<br \/>\nSasia: 200ml<\/p>\n","protected":false},"featured_media":5904,"comment_status":"open","ping_status":"closed","template":"","meta":[],"product_cat":[123],"product_tag":[],"class_list":{"0":"post-6798","1":"product","2":"type-product","3":"status-publish","4":"has-post-thumbnail","6":"product_cat-rilastil","8":"first","9":"instock","10":"shipping-taxable","11":"product-type-simple"},"_links":{"self":[{"href":"https:\/\/megapharm.al\/index.php?rest_route=\/wp\/v2\/product\/6798","targetHints":{"allow":["GET"]}}],"collection":[{"href":"https:\/\/megapharm.al\/index.php?rest_route=\/wp\/v2\/product"}],"about":[{"href":"https:\/\/megapharm.al\/index.php?rest_route=\/wp\/v2\/types\/product"}],"replies":[{"embeddable":true,"href":"https:\/\/megapharm.al\/index.php?rest_route=%2Fwp%2Fv2%2Fcomments&post=6798"}],"wp:featuredmedia":[{"embeddable":true,"href":"https:\/\/megapharm.al\/index.php?rest_route=\/wp\/v2\/media\/5904"}],"wp:attachment":[{"href":"https:\/\/megapharm.al\/index.php?rest_route=%2Fwp%2Fv2%2Fmedia&parent=6798"}],"wp:term":[{"taxonomy":"product_cat","embeddable":true,"href":"https:\/\/megapharm.al\/index.php?rest_route=%2Fwp%2Fv2%2Fproduct_cat&post=6798"},{"taxonomy":"product_tag","embeddable":true,"href":"https:\/\/megapharm.al\/index.php?rest_route=%2Fwp%2Fv2%2Fproduct_tag&post=6798"}],"curies":[{"name":"wp","href":"https:\/\/api.w.org\/{rel}","templated":true}]}}