{"id":6797,"date":"2021-01-24T10:39:47","date_gmt":"2021-01-24T10:39:47","guid":{"rendered":"http:\/\/megapharm.al\/index.php\/product\/import-placeholder-for-3469\/"},"modified":"2021-01-24T10:39:52","modified_gmt":"2021-01-24T10:39:52","slug":"xerolat-atopic-cleansing-oil","status":"publish","type":"product","link":"https:\/\/megapharm.al\/?product=xerolat-atopic-cleansing-oil","title":{"rendered":"Xerolat atopic Cleansing Oil"},"content":{"rendered":"<p>P\u00ebrshkrimi i produktit<br \/>\nFormulim i p\u00ebrshtatsh\u00ebm p\u00ebr pastrimin e p\u00ebrditsh\u00ebm t\u00eb fytyr\u00ebs dhe trupit tuaj.<br \/>\nMund t\u00eb p\u00ebrdoret nga bebe, f\u00ebmij\u00eb dhe t\u00eb rritur.<br \/>\nUshqen, zbut l\u00ebkur\u00ebn dhe i rikthen asaj ndjesin\u00eb e komfortit.<br \/>\n-Omega 3 me veti zbut\u00ebse (vjen nga vaji i bim\u00ebs Plukenetia Volubilis dhe vitamina F).<br \/>\n-Omega 6 me veti rigjeneruese (vjen nga vaji i bim\u00ebs Plukenetia Volubilis, vaji i lule sahatit, gjalpi shea, vaji i lulediellit dhe vaji i krundeve t\u00eb orizit).<br \/>\n-Omega 7 me veti rigjeneruese (q\u00eb vjen nga vaji i bim\u00ebs sea buckthorn).<br \/>\n-Omega 9 me veti mbrojt\u00ebse t\u00eb qelizave nga faktor\u00ebt d\u00ebmtues (vjen nga vaji i bim\u00ebs Plukenetia Volubilis, vaji i lule sahatit, vaji jojoba, gjalpi shea, vaji i lulediellit dhe vaji i krundeve t\u00eb orizit).<br \/>\nP\u00ebrdorimi<br \/>\nAplikohet vaji n\u00eb l\u00ebkur\u00eb t\u00eb njom\u00eb. Kur p\u00ebrdoret p\u00ebr t\u00eb sapolindurit, rekomandohet t\u00eb mos shp\u00eblahet me uj\u00eb.<br \/>\nSasia: 250ml<\/p>\n","protected":false},"excerpt":{"rendered":"<p>P\u00ebrshkrimi i produktit<br \/>\nFormulim i p\u00ebrshtatsh\u00ebm p\u00ebr pastrimin e p\u00ebrditsh\u00ebm t\u00eb fytyr\u00ebs dhe trupit tuaj.<br \/>\nMund t\u00eb p\u00ebrdoret nga bebe, f\u00ebmij\u00eb dhe t\u00eb rritur.<br \/>\nUshqen, zbut l\u00ebkur\u00ebn dhe i rikthen asaj ndjesin\u00eb e komfortit.<br \/>\n-Omega 3 me veti zbut\u00ebse (vjen nga vaji i bim\u00ebs Plukenetia Volubilis dhe vitamina F).<br \/>\n-Omega 6 me veti rigjeneruese (vjen nga vaji i bim\u00ebs Plukenetia Volubilis, vaji i lule sahatit, gjalpi shea, vaji i lulediellit dhe vaji i krundeve t\u00eb orizit).<br \/>\n-Omega 7 me veti rigjeneruese (q\u00eb vjen nga vaji i bim\u00ebs sea buckthorn).<br \/>\n-Omega 9 me veti mbrojt\u00ebse t\u00eb qelizave nga faktor\u00ebt d\u00ebmtues (vjen nga vaji i bim\u00ebs Plukenetia Volubilis, vaji i lule sahatit, vaji jojoba, gjalpi shea, vaji i lulediellit dhe vaji i krundeve t\u00eb orizit).<br \/>\nP\u00ebrdorimi<br \/>\nAplikohet vaji n\u00eb l\u00ebkur\u00eb t\u00eb njom\u00eb. Kur p\u00ebrdoret p\u00ebr t\u00eb sapolindurit, rekomandohet t\u00eb mos shp\u00eblahet me uj\u00eb.<br \/>\nSasia: 250ml<\/p>\n","protected":false},"featured_media":5903,"comment_status":"open","ping_status":"closed","template":"","meta":[],"product_cat":[123],"product_tag":[],"class_list":{"0":"post-6797","1":"product","2":"type-product","3":"status-publish","4":"has-post-thumbnail","6":"product_cat-rilastil","8":"first","9":"instock","10":"shipping-taxable","11":"product-type-simple"},"_links":{"self":[{"href":"https:\/\/megapharm.al\/index.php?rest_route=\/wp\/v2\/product\/6797","targetHints":{"allow":["GET"]}}],"collection":[{"href":"https:\/\/megapharm.al\/index.php?rest_route=\/wp\/v2\/product"}],"about":[{"href":"https:\/\/megapharm.al\/index.php?rest_route=\/wp\/v2\/types\/product"}],"replies":[{"embeddable":true,"href":"https:\/\/megapharm.al\/index.php?rest_route=%2Fwp%2Fv2%2Fcomments&post=6797"}],"wp:featuredmedia":[{"embeddable":true,"href":"https:\/\/megapharm.al\/index.php?rest_route=\/wp\/v2\/media\/5903"}],"wp:attachment":[{"href":"https:\/\/megapharm.al\/index.php?rest_route=%2Fwp%2Fv2%2Fmedia&parent=6797"}],"wp:term":[{"taxonomy":"product_cat","embeddable":true,"href":"https:\/\/megapharm.al\/index.php?rest_route=%2Fwp%2Fv2%2Fproduct_cat&post=6797"},{"taxonomy":"product_tag","embeddable":true,"href":"https:\/\/megapharm.al\/index.php?rest_route=%2Fwp%2Fv2%2Fproduct_tag&post=6797"}],"curies":[{"name":"wp","href":"https:\/\/api.w.org\/{rel}","templated":true}]}}