{"id":6796,"date":"2021-01-24T10:39:47","date_gmt":"2021-01-24T10:39:47","guid":{"rendered":"http:\/\/megapharm.al\/index.php\/product\/import-placeholder-for-3468\/"},"modified":"2021-01-24T10:39:51","modified_gmt":"2021-01-24T10:39:51","slug":"dermastil-pedriatic-body-hair-cleanser","status":"publish","type":"product","link":"https:\/\/megapharm.al\/?product=dermastil-pedriatic-body-hair-cleanser","title":{"rendered":"Dermastil Pedriatic Body-Hair Cleanser"},"content":{"rendered":"<p>P\u00ebrshkrimi i produktit<br \/>\nE krijuar posa\u00e7\u00ebrisht p\u00ebr t\u00eb mbrojtur l\u00ebkur\u00ebn delikate t\u00eb bebeve dhe f\u00ebmij\u00ebve tuaj.<br \/>\nPastron l\u00ebkur\u00ebn pa d\u00ebmtuar shtres\u00ebn hidrolipidike t\u00eb saj.<br \/>\nMe vitamin\u00eb E dhe provitamin\u00eb B5 n\u00eb p\u00ebrmbajtje.<br \/>\nP\u00ebrmban surfaktant\u00eb miq\u00ebsor\u00eb me l\u00ebkur\u00ebn dhe ka nj\u00eb pH t\u00eb till\u00eb q\u00eb nuk shkakton djegie apo irritim t\u00eb syve.<br \/>\nP\u00ebrdorimi<br \/>\nHidhet nj\u00eb sasi shampoje n\u00eb duar dhe shp\u00ebrhapet n\u00eb trupin dhe kok\u00ebn e f\u00ebmij\u00ebs. Masazhohet, me q\u00ebllim q\u00eb t\u00eb shkumoj\u00eb dhe m\u00eb pas shp\u00eblahet me uj\u00eb t\u00eb bollsh\u00ebm. Mund t\u00eb p\u00ebrdoret \u00e7do dit\u00eb.<br \/>\nSasia: 250 ml\/400ml<\/p>\n","protected":false},"excerpt":{"rendered":"<p>P\u00ebrshkrimi i produktit<br \/>\nE krijuar posa\u00e7\u00ebrisht p\u00ebr t\u00eb mbrojtur l\u00ebkur\u00ebn delikate t\u00eb bebeve dhe f\u00ebmij\u00ebve tuaj.<br \/>\nPastron l\u00ebkur\u00ebn pa d\u00ebmtuar shtres\u00ebn hidrolipidike t\u00eb saj.<br \/>\nMe vitamin\u00eb E dhe provitamin\u00eb B5 n\u00eb p\u00ebrmbajtje.<br \/>\nP\u00ebrmban surfaktant\u00eb miq\u00ebsor\u00eb me l\u00ebkur\u00ebn dhe ka nj\u00eb pH t\u00eb till\u00eb q\u00eb nuk shkakton djegie apo irritim t\u00eb syve.<br \/>\nP\u00ebrdorimi<br \/>\nHidhet nj\u00eb sasi shampoje n\u00eb duar dhe shp\u00ebrhapet n\u00eb trupin dhe kok\u00ebn e f\u00ebmij\u00ebs. Masazhohet, me q\u00ebllim q\u00eb t\u00eb shkumoj\u00eb dhe m\u00eb pas shp\u00eblahet me uj\u00eb t\u00eb bollsh\u00ebm. Mund t\u00eb p\u00ebrdoret \u00e7do dit\u00eb.<br \/>\nSasia: 250 ml\/400ml<\/p>\n","protected":false},"featured_media":5902,"comment_status":"open","ping_status":"closed","template":"","meta":[],"product_cat":[123],"product_tag":[],"class_list":{"0":"post-6796","1":"product","2":"type-product","3":"status-publish","4":"has-post-thumbnail","6":"product_cat-rilastil","8":"first","9":"instock","10":"shipping-taxable","11":"product-type-simple"},"_links":{"self":[{"href":"https:\/\/megapharm.al\/index.php?rest_route=\/wp\/v2\/product\/6796","targetHints":{"allow":["GET"]}}],"collection":[{"href":"https:\/\/megapharm.al\/index.php?rest_route=\/wp\/v2\/product"}],"about":[{"href":"https:\/\/megapharm.al\/index.php?rest_route=\/wp\/v2\/types\/product"}],"replies":[{"embeddable":true,"href":"https:\/\/megapharm.al\/index.php?rest_route=%2Fwp%2Fv2%2Fcomments&post=6796"}],"wp:featuredmedia":[{"embeddable":true,"href":"https:\/\/megapharm.al\/index.php?rest_route=\/wp\/v2\/media\/5902"}],"wp:attachment":[{"href":"https:\/\/megapharm.al\/index.php?rest_route=%2Fwp%2Fv2%2Fmedia&parent=6796"}],"wp:term":[{"taxonomy":"product_cat","embeddable":true,"href":"https:\/\/megapharm.al\/index.php?rest_route=%2Fwp%2Fv2%2Fproduct_cat&post=6796"},{"taxonomy":"product_tag","embeddable":true,"href":"https:\/\/megapharm.al\/index.php?rest_route=%2Fwp%2Fv2%2Fproduct_tag&post=6796"}],"curies":[{"name":"wp","href":"https:\/\/api.w.org\/{rel}","templated":true}]}}