{"id":6795,"date":"2021-01-24T10:39:46","date_gmt":"2021-01-24T10:39:46","guid":{"rendered":"http:\/\/megapharm.al\/index.php\/product\/import-placeholder-for-3467\/"},"modified":"2021-01-24T10:39:51","modified_gmt":"2021-01-24T10:39:51","slug":"dermastil-pediatric-body-milk","status":"publish","type":"product","link":"https:\/\/megapharm.al\/?product=dermastil-pediatric-body-milk","title":{"rendered":"Dermastil Pediatric Body Milk"},"content":{"rendered":"<p>P\u00ebrshkrimi i produktit<br \/>\nEmulsion leht\u00ebsisht i absorbuesh\u00ebm q\u00eb ushqen l\u00ebkur\u00ebn dhe parandalon tharjen apo irritimet e saj.<br \/>\n-Omega 3, me veti zbut\u00ebse, rigjeneruese dhe mbrojt\u00ebse.<br \/>\n-Provitamin\u00eb B5 dhe gjalp\u00eb shea q\u00eb ushqejn\u00eb dhe zbut l\u00ebkur\u00ebn.<br \/>\n-Vitamin\u00eb E dhe glicerinat stearili, q\u00eb pak\u00ebsojn\u00eb inflamacionin e l\u00ebkur\u00ebs.<br \/>\nP\u00ebrdorimi<br \/>\nAplikohet n\u00eb l\u00ebkur\u00eb t\u00eb that\u00eb, pas banj\u00ebs ose aq her\u00eb n\u00eb dit\u00eb sa \u00ebsht\u00eb e nevojshme.<br \/>\nSasia: 400 ml<\/p>\n","protected":false},"excerpt":{"rendered":"<p>P\u00ebrshkrimi i produktit<br \/>\nEmulsion leht\u00ebsisht i absorbuesh\u00ebm q\u00eb ushqen l\u00ebkur\u00ebn dhe parandalon tharjen apo irritimet e saj.<br \/>\n-Omega 3, me veti zbut\u00ebse, rigjeneruese dhe mbrojt\u00ebse.<br \/>\n-Provitamin\u00eb B5 dhe gjalp\u00eb shea q\u00eb ushqejn\u00eb dhe zbut l\u00ebkur\u00ebn.<br \/>\n-Vitamin\u00eb E dhe glicerinat stearili, q\u00eb pak\u00ebsojn\u00eb inflamacionin e l\u00ebkur\u00ebs.<br \/>\nP\u00ebrdorimi<br \/>\nAplikohet n\u00eb l\u00ebkur\u00eb t\u00eb that\u00eb, pas banj\u00ebs ose aq her\u00eb n\u00eb dit\u00eb sa \u00ebsht\u00eb e nevojshme.<br \/>\nSasia: 400 ml<\/p>\n","protected":false},"featured_media":5901,"comment_status":"open","ping_status":"closed","template":"","meta":[],"product_cat":[123],"product_tag":[],"class_list":{"0":"post-6795","1":"product","2":"type-product","3":"status-publish","4":"has-post-thumbnail","6":"product_cat-rilastil","8":"first","9":"instock","10":"shipping-taxable","11":"product-type-simple"},"_links":{"self":[{"href":"https:\/\/megapharm.al\/index.php?rest_route=\/wp\/v2\/product\/6795","targetHints":{"allow":["GET"]}}],"collection":[{"href":"https:\/\/megapharm.al\/index.php?rest_route=\/wp\/v2\/product"}],"about":[{"href":"https:\/\/megapharm.al\/index.php?rest_route=\/wp\/v2\/types\/product"}],"replies":[{"embeddable":true,"href":"https:\/\/megapharm.al\/index.php?rest_route=%2Fwp%2Fv2%2Fcomments&post=6795"}],"wp:featuredmedia":[{"embeddable":true,"href":"https:\/\/megapharm.al\/index.php?rest_route=\/wp\/v2\/media\/5901"}],"wp:attachment":[{"href":"https:\/\/megapharm.al\/index.php?rest_route=%2Fwp%2Fv2%2Fmedia&parent=6795"}],"wp:term":[{"taxonomy":"product_cat","embeddable":true,"href":"https:\/\/megapharm.al\/index.php?rest_route=%2Fwp%2Fv2%2Fproduct_cat&post=6795"},{"taxonomy":"product_tag","embeddable":true,"href":"https:\/\/megapharm.al\/index.php?rest_route=%2Fwp%2Fv2%2Fproduct_tag&post=6795"}],"curies":[{"name":"wp","href":"https:\/\/api.w.org\/{rel}","templated":true}]}}