{"id":6794,"date":"2021-01-24T10:39:46","date_gmt":"2021-01-24T10:39:46","guid":{"rendered":"http:\/\/megapharm.al\/index.php\/product\/import-placeholder-for-3466\/"},"modified":"2021-01-24T10:39:51","modified_gmt":"2021-01-24T10:39:51","slug":"dermastil-pediatric-ointment","status":"publish","type":"product","link":"https:\/\/megapharm.al\/?product=dermastil-pediatric-ointment","title":{"rendered":"Dermastil Pediatric Ointment"},"content":{"rendered":"<p>P\u00ebrshkrimi i produktit<br \/>\nPomad\u00eb e formuluar p\u00ebr t\u00eb kund\u00ebrshtuar irritimet n\u00eb zon\u00ebn e pelenave.<br \/>\nPak\u00ebson skuqjen, irritimet, ndjesin\u00eb e kruarjes dhe i rikthen l\u00ebkur\u00ebs komfortin e munguar.<br \/>\n-omega 3, me veti zbut\u00ebse, rigjeneruese dhe mbrojt\u00ebse,<br \/>\n-provitamin\u00eb B5, q\u00eb ushqen dhe zbut l\u00ebkur\u00ebn,<br \/>\n-vitamin\u00eb E dhe glicerinat stearili, q\u00eb pak\u00ebsojn\u00eb inflamacionin e l\u00ebkur\u00ebs.<br \/>\nTestuar p\u00ebr nikel, krom,kobalt, m\u00ebrkur dhe paladium.<br \/>\nPa konservues, pa parfum dhe pa derivate t\u00eb grurit.<br \/>\nPa paraben\u00eb.<br \/>\nPa vazelin\u00eb ose rrjedh\u00ebs t\u00eb saj.<br \/>\nP\u00ebrdorimi<br \/>\nAplikohet n\u00eb \u00e7do nd\u00ebrrim t\u00eb pelenave. Aplikohet n\u00eb zon\u00ebn e irrituar, duke e p\u00ebrhapur n\u00eb m\u00ebnyr\u00eb uniforme.<br \/>\nSasia: 50gr<\/p>\n","protected":false},"excerpt":{"rendered":"<p>P\u00ebrshkrimi i produktit<br \/>\nPomad\u00eb e formuluar p\u00ebr t\u00eb kund\u00ebrshtuar irritimet n\u00eb zon\u00ebn e pelenave.<br \/>\nPak\u00ebson skuqjen, irritimet, ndjesin\u00eb e kruarjes dhe i rikthen l\u00ebkur\u00ebs komfortin e munguar.<br \/>\n-omega 3, me veti zbut\u00ebse, rigjeneruese dhe mbrojt\u00ebse,<br \/>\n-provitamin\u00eb B5, q\u00eb ushqen dhe zbut l\u00ebkur\u00ebn,<br \/>\n-vitamin\u00eb E dhe glicerinat stearili, q\u00eb pak\u00ebsojn\u00eb inflamacionin e l\u00ebkur\u00ebs.<br \/>\nTestuar p\u00ebr nikel, krom,kobalt, m\u00ebrkur dhe paladium.<br \/>\nPa konservues, pa parfum dhe pa derivate t\u00eb grurit.<br \/>\nPa paraben\u00eb.<br \/>\nPa vazelin\u00eb ose rrjedh\u00ebs t\u00eb saj.<br \/>\nP\u00ebrdorimi<br \/>\nAplikohet n\u00eb \u00e7do nd\u00ebrrim t\u00eb pelenave. Aplikohet n\u00eb zon\u00ebn e irrituar, duke e p\u00ebrhapur n\u00eb m\u00ebnyr\u00eb uniforme.<br \/>\nSasia: 50gr<\/p>\n","protected":false},"featured_media":5900,"comment_status":"open","ping_status":"closed","template":"","meta":[],"product_cat":[123],"product_tag":[],"class_list":{"0":"post-6794","1":"product","2":"type-product","3":"status-publish","4":"has-post-thumbnail","6":"product_cat-rilastil","8":"first","9":"instock","10":"shipping-taxable","11":"product-type-simple"},"_links":{"self":[{"href":"https:\/\/megapharm.al\/index.php?rest_route=\/wp\/v2\/product\/6794","targetHints":{"allow":["GET"]}}],"collection":[{"href":"https:\/\/megapharm.al\/index.php?rest_route=\/wp\/v2\/product"}],"about":[{"href":"https:\/\/megapharm.al\/index.php?rest_route=\/wp\/v2\/types\/product"}],"replies":[{"embeddable":true,"href":"https:\/\/megapharm.al\/index.php?rest_route=%2Fwp%2Fv2%2Fcomments&post=6794"}],"wp:featuredmedia":[{"embeddable":true,"href":"https:\/\/megapharm.al\/index.php?rest_route=\/wp\/v2\/media\/5900"}],"wp:attachment":[{"href":"https:\/\/megapharm.al\/index.php?rest_route=%2Fwp%2Fv2%2Fmedia&parent=6794"}],"wp:term":[{"taxonomy":"product_cat","embeddable":true,"href":"https:\/\/megapharm.al\/index.php?rest_route=%2Fwp%2Fv2%2Fproduct_cat&post=6794"},{"taxonomy":"product_tag","embeddable":true,"href":"https:\/\/megapharm.al\/index.php?rest_route=%2Fwp%2Fv2%2Fproduct_tag&post=6794"}],"curies":[{"name":"wp","href":"https:\/\/api.w.org\/{rel}","templated":true}]}}