{"id":6793,"date":"2021-01-24T10:39:46","date_gmt":"2021-01-24T10:39:46","guid":{"rendered":"http:\/\/megapharm.al\/index.php\/product\/import-placeholder-for-3465\/"},"modified":"2024-10-31T15:45:52","modified_gmt":"2024-10-31T15:45:52","slug":"dermastil-pediatric-water-based-cream","status":"publish","type":"product","link":"https:\/\/megapharm.al\/?product=dermastil-pediatric-water-based-cream","title":{"rendered":"Dermastil Pediatric Water Based Cream"},"content":{"rendered":"<p>P\u00ebrshkrimi i produktit<br \/>\nPast\u00eb p\u00ebr aplikim t\u00eb p\u00ebrditsh\u00ebm, mbrojt\u00ebse dhe ushqyese e l\u00ebkur\u00ebs s\u00eb ndjeshme t\u00eb foshnjeve dhe parandaluese e skuqjes, irritimit<br \/>\ndhe inflamimit t\u00eb saj, n\u00eb zon\u00ebn e pelenave.<br \/>\nParandalon alterimet q\u00eb vijn\u00eb si pasoj\u00eb e ndryshimeve n\u00eb flor\u00ebn mikrobiale normale.<br \/>\n-Omega 3, me veti zbut\u00ebse, rigjeneruese dhe mbrojt\u00ebse.<br \/>\n-Provitamin\u00ebn B5, q\u00eb ushqen dhe zbut l\u00ebkur\u00ebn.<br \/>\n-Vitamin\u00ebn E dhe glicerinatin e stearilit, q\u00eb pak\u00ebsojn\u00eb inflamacionin e l\u00ebkur\u00ebs.<br \/>\nP\u00ebrdorimi<br \/>\nAplikohet nj\u00eb sasi e konsiderueshme e kremit n\u00eb l\u00ebkur\u00ebn e pastruar paraprakisht. P\u00ebrdoret n\u00eb \u00e7do nd\u00ebrrim t\u00eb pelenave.<br \/>\nSasia: 100 ml<\/p>\n","protected":false},"excerpt":{"rendered":"<p>P\u00ebrshkrimi i produktit<br \/>\nPast\u00eb p\u00ebr aplikim t\u00eb p\u00ebrditsh\u00ebm, mbrojt\u00ebse dhe ushqyese e l\u00ebkur\u00ebs s\u00eb ndjeshme t\u00eb foshnjeve dhe parandaluese e skuqjes, irritimit<br \/>\ndhe inflamimit t\u00eb saj, n\u00eb zon\u00ebn e pelenave.<br \/>\nParandalon alterimet q\u00eb vijn\u00eb si pasoj\u00eb e ndryshimeve n\u00eb flor\u00ebn mikrobiale normale.<br \/>\n-Omega 3, me veti zbut\u00ebse, rigjeneruese dhe mbrojt\u00ebse.<br \/>\n-Provitamin\u00ebn B5, q\u00eb ushqen dhe zbut l\u00ebkur\u00ebn.<br \/>\n-Vitamin\u00ebn E dhe glicerinatin e stearilit, q\u00eb pak\u00ebsojn\u00eb inflamacionin e l\u00ebkur\u00ebs.<br \/>\nP\u00ebrdorimi<br \/>\nAplikohet nj\u00eb sasi e konsiderueshme e kremit n\u00eb l\u00ebkur\u00ebn e pastruar paraprakisht. P\u00ebrdoret n\u00eb \u00e7do nd\u00ebrrim t\u00eb pelenave.<br \/>\nSasia: 100 ml<\/p>\n","protected":false},"featured_media":5899,"comment_status":"open","ping_status":"closed","template":"","meta":[],"product_cat":[123],"product_tag":[],"class_list":{"0":"post-6793","1":"product","2":"type-product","3":"status-publish","4":"has-post-thumbnail","6":"product_cat-rilastil","8":"first","9":"instock","10":"shipping-taxable","11":"product-type-simple"},"_links":{"self":[{"href":"https:\/\/megapharm.al\/index.php?rest_route=\/wp\/v2\/product\/6793","targetHints":{"allow":["GET"]}}],"collection":[{"href":"https:\/\/megapharm.al\/index.php?rest_route=\/wp\/v2\/product"}],"about":[{"href":"https:\/\/megapharm.al\/index.php?rest_route=\/wp\/v2\/types\/product"}],"replies":[{"embeddable":true,"href":"https:\/\/megapharm.al\/index.php?rest_route=%2Fwp%2Fv2%2Fcomments&post=6793"}],"wp:featuredmedia":[{"embeddable":true,"href":"https:\/\/megapharm.al\/index.php?rest_route=\/wp\/v2\/media\/5899"}],"wp:attachment":[{"href":"https:\/\/megapharm.al\/index.php?rest_route=%2Fwp%2Fv2%2Fmedia&parent=6793"}],"wp:term":[{"taxonomy":"product_cat","embeddable":true,"href":"https:\/\/megapharm.al\/index.php?rest_route=%2Fwp%2Fv2%2Fproduct_cat&post=6793"},{"taxonomy":"product_tag","embeddable":true,"href":"https:\/\/megapharm.al\/index.php?rest_route=%2Fwp%2Fv2%2Fproduct_tag&post=6793"}],"curies":[{"name":"wp","href":"https:\/\/api.w.org\/{rel}","templated":true}]}}