{"id":6792,"date":"2021-01-24T10:39:38","date_gmt":"2021-01-24T10:39:38","guid":{"rendered":"http:\/\/megapharm.al\/index.php\/product\/import-placeholder-for-3464\/"},"modified":"2021-01-24T10:39:44","modified_gmt":"2021-01-24T10:39:44","slug":"liporeducer-remodelling-cream","status":"publish","type":"product","link":"https:\/\/megapharm.al\/?product=liporeducer-remodelling-cream","title":{"rendered":"Liporeducer Remodelling Cream"},"content":{"rendered":"<p>P\u00ebrshkrimi i produktit<br \/>\nCeluliti \u00ebsht\u00eb nj\u00eb pap\u00ebrsosm\u00ebri e shkaktuar nga akumulimi i tep\u00ebrt i yndyr\u00ebs q\u00eb prek zakonisht barkun, vithet, kofsh\u00ebt, krah\u00ebt. N\u00eb raste t\u00eb tilla, nj\u00eb trajtim specifik dermokozmetik mund t\u00eb eliminoj problemin.<br \/>\nLiporeducer Remodelling Cream \u00ebsht\u00eb trajtimi i par\u00eb dermatologjik Rilastil q\u00eb p\u00ebr shkak t\u00eb p\u00ebrqendrimit t\u00eb tij t\u00eb lart\u00eb t\u00eb parimeve aktive me efekt t\u00eb hollimit dhe rimodelimit, bie ndesh me pap\u00ebrsosm\u00ebrit\u00eb e adipozitetit t\u00eb lokalizuar.<br \/>\nP\u00ebrdorimi<br \/>\nAplikohet \u00e7do m\u00ebngjes n\u00eb l\u00ebkur\u00eb dhe masazhohet derisa t\u00eb absorbohet plot\u00ebsisht nga l\u00ebkura.<br \/>\nSasia: 200 ml<\/p>\n","protected":false},"excerpt":{"rendered":"<p>P\u00ebrshkrimi i produktit<br \/>\nCeluliti \u00ebsht\u00eb nj\u00eb pap\u00ebrsosm\u00ebri e shkaktuar nga akumulimi i tep\u00ebrt i yndyr\u00ebs q\u00eb prek zakonisht barkun, vithet, kofsh\u00ebt, krah\u00ebt. N\u00eb raste t\u00eb tilla, nj\u00eb trajtim specifik dermokozmetik mund t\u00eb eliminoj problemin.<br \/>\nLiporeducer Remodelling Cream \u00ebsht\u00eb trajtimi i par\u00eb dermatologjik Rilastil q\u00eb p\u00ebr shkak t\u00eb p\u00ebrqendrimit t\u00eb tij t\u00eb lart\u00eb t\u00eb parimeve aktive me efekt t\u00eb hollimit dhe rimodelimit, bie ndesh me pap\u00ebrsosm\u00ebrit\u00eb e adipozitetit t\u00eb lokalizuar.<br \/>\nP\u00ebrdorimi<br \/>\nAplikohet \u00e7do m\u00ebngjes n\u00eb l\u00ebkur\u00eb dhe masazhohet derisa t\u00eb absorbohet plot\u00ebsisht nga l\u00ebkura.<br \/>\nSasia: 200 ml<\/p>\n","protected":false},"featured_media":5898,"comment_status":"open","ping_status":"closed","template":"","meta":[],"product_cat":[123],"product_tag":[],"class_list":{"0":"post-6792","1":"product","2":"type-product","3":"status-publish","4":"has-post-thumbnail","6":"product_cat-rilastil","8":"first","9":"instock","10":"shipping-taxable","11":"product-type-simple"},"_links":{"self":[{"href":"https:\/\/megapharm.al\/index.php?rest_route=\/wp\/v2\/product\/6792","targetHints":{"allow":["GET"]}}],"collection":[{"href":"https:\/\/megapharm.al\/index.php?rest_route=\/wp\/v2\/product"}],"about":[{"href":"https:\/\/megapharm.al\/index.php?rest_route=\/wp\/v2\/types\/product"}],"replies":[{"embeddable":true,"href":"https:\/\/megapharm.al\/index.php?rest_route=%2Fwp%2Fv2%2Fcomments&post=6792"}],"wp:featuredmedia":[{"embeddable":true,"href":"https:\/\/megapharm.al\/index.php?rest_route=\/wp\/v2\/media\/5898"}],"wp:attachment":[{"href":"https:\/\/megapharm.al\/index.php?rest_route=%2Fwp%2Fv2%2Fmedia&parent=6792"}],"wp:term":[{"taxonomy":"product_cat","embeddable":true,"href":"https:\/\/megapharm.al\/index.php?rest_route=%2Fwp%2Fv2%2Fproduct_cat&post=6792"},{"taxonomy":"product_tag","embeddable":true,"href":"https:\/\/megapharm.al\/index.php?rest_route=%2Fwp%2Fv2%2Fproduct_tag&post=6792"}],"curies":[{"name":"wp","href":"https:\/\/api.w.org\/{rel}","templated":true}]}}