{"id":6791,"date":"2021-01-24T10:39:38","date_gmt":"2021-01-24T10:39:38","guid":{"rendered":"http:\/\/megapharm.al\/index.php\/product\/import-placeholder-for-3463\/"},"modified":"2021-01-24T10:39:44","modified_gmt":"2021-01-24T10:39:44","slug":"lipofusion-fluid","status":"publish","type":"product","link":"https:\/\/megapharm.al\/?product=lipofusion-fluid","title":{"rendered":"Lipofusion Fluid"},"content":{"rendered":"<p>P\u00ebrshkrimi i produktit<br \/>\nTrajtimi m\u00eb i fundit i linj\u00ebs Rilastil p\u00ebr trajtimin e celulitit dhe parregullsive t\u00eb krijuara prej tij.<br \/>\nAbsorbohet leht\u00ebsisht dhe plot\u00ebsisht nga l\u00ebkura dhe i jep asaj nj\u00eb ndjesi freskie.<br \/>\nN\u00eb saj\u00eb t\u00eb p\u00ebrb\u00ebr\u00ebsve t\u00eb tij ka veti t\u00eb pak\u00ebsoj\u00eb lipogjenez\u00ebn, t\u00eb rris\u00eb lipoliz\u00ebn dhe t\u00eb nxis\u00eb metabolizmin qelizor.<br \/>\nIodotrati\u00ae , Zedomina-2\u00ae, lipozomet vegjetale t\u00eb bim\u00ebs Horse-Chestnut i japin k\u00ebtij kremi vetin\u00eb t\u00eb p\u00ebrmir\u00ebsoj\u00eb mikroqarkullimin dhe t\u00eb drenoj\u00eb l\u00ebngjet e tep\u00ebrta.<br \/>\nDNA e natriumit rrit elasticitetin e l\u00ebkur\u00ebs dhe e zbut at\u00eb.<br \/>\nL\u00ebkura rimodelohet dhe b\u00ebhet m\u00eb e hidratuar se m\u00eb par\u00eb.<br \/>\nTestuar dermatologjikisht dhe mikrobiologjikisht.<br \/>\nTestuar p\u00ebr nikel, krom, kobalt, m\u00ebrkur dhe paladium.<br \/>\nHipoalergjik.<br \/>\nPa parabene, pa kafein\u00eb, pa retinol, pa bioflavonoide dhe pa derivate t\u00eb grurit.<br \/>\nP\u00ebrdorimi<br \/>\nAplikohet \u00e7do m\u00ebngjes n\u00eb l\u00ebkur\u00eb dhe masazhohet derisa t\u00eb absorbohet plot\u00ebsisht nga l\u00ebkura.<br \/>\nSasia: 250 ml<\/p>\n","protected":false},"excerpt":{"rendered":"<p>P\u00ebrshkrimi i produktit<br \/>\nTrajtimi m\u00eb i fundit i linj\u00ebs Rilastil p\u00ebr trajtimin e celulitit dhe parregullsive t\u00eb krijuara prej tij.<br \/>\nAbsorbohet leht\u00ebsisht dhe plot\u00ebsisht nga l\u00ebkura dhe i jep asaj nj\u00eb ndjesi freskie.<br \/>\nN\u00eb saj\u00eb t\u00eb p\u00ebrb\u00ebr\u00ebsve t\u00eb tij ka veti t\u00eb pak\u00ebsoj\u00eb lipogjenez\u00ebn, t\u00eb rris\u00eb lipoliz\u00ebn dhe t\u00eb nxis\u00eb metabolizmin qelizor.<br \/>\nIodotrati\u00ae , Zedomina-2\u00ae, lipozomet vegjetale t\u00eb bim\u00ebs Horse-Chestnut i japin k\u00ebtij kremi vetin\u00eb t\u00eb p\u00ebrmir\u00ebsoj\u00eb mikroqarkullimin dhe t\u00eb drenoj\u00eb l\u00ebngjet e tep\u00ebrta.<br \/>\nDNA e natriumit rrit elasticitetin e l\u00ebkur\u00ebs dhe e zbut at\u00eb.<br \/>\nL\u00ebkura rimodelohet dhe b\u00ebhet m\u00eb e hidratuar se m\u00eb par\u00eb.<br \/>\nTestuar dermatologjikisht dhe mikrobiologjikisht.<br \/>\nTestuar p\u00ebr nikel, krom, kobalt, m\u00ebrkur dhe paladium.<br \/>\nHipoalergjik.<br \/>\nPa parabene, pa kafein\u00eb, pa retinol, pa bioflavonoide dhe pa derivate t\u00eb grurit.<br \/>\nP\u00ebrdorimi<br \/>\nAplikohet \u00e7do m\u00ebngjes n\u00eb l\u00ebkur\u00eb dhe masazhohet derisa t\u00eb absorbohet plot\u00ebsisht nga l\u00ebkura.<br \/>\nSasia: 250 ml<\/p>\n","protected":false},"featured_media":5897,"comment_status":"open","ping_status":"closed","template":"","meta":[],"product_cat":[123],"product_tag":[],"class_list":{"0":"post-6791","1":"product","2":"type-product","3":"status-publish","4":"has-post-thumbnail","6":"product_cat-rilastil","8":"first","9":"instock","10":"shipping-taxable","11":"product-type-simple"},"_links":{"self":[{"href":"https:\/\/megapharm.al\/index.php?rest_route=\/wp\/v2\/product\/6791","targetHints":{"allow":["GET"]}}],"collection":[{"href":"https:\/\/megapharm.al\/index.php?rest_route=\/wp\/v2\/product"}],"about":[{"href":"https:\/\/megapharm.al\/index.php?rest_route=\/wp\/v2\/types\/product"}],"replies":[{"embeddable":true,"href":"https:\/\/megapharm.al\/index.php?rest_route=%2Fwp%2Fv2%2Fcomments&post=6791"}],"wp:featuredmedia":[{"embeddable":true,"href":"https:\/\/megapharm.al\/index.php?rest_route=\/wp\/v2\/media\/5897"}],"wp:attachment":[{"href":"https:\/\/megapharm.al\/index.php?rest_route=%2Fwp%2Fv2%2Fmedia&parent=6791"}],"wp:term":[{"taxonomy":"product_cat","embeddable":true,"href":"https:\/\/megapharm.al\/index.php?rest_route=%2Fwp%2Fv2%2Fproduct_cat&post=6791"},{"taxonomy":"product_tag","embeddable":true,"href":"https:\/\/megapharm.al\/index.php?rest_route=%2Fwp%2Fv2%2Fproduct_tag&post=6791"}],"curies":[{"name":"wp","href":"https:\/\/api.w.org\/{rel}","templated":true}]}}