{"id":6789,"date":"2021-01-24T10:39:37","date_gmt":"2021-01-24T10:39:37","guid":{"rendered":"http:\/\/megapharm.al\/index.php\/product\/import-placeholder-for-3461\/"},"modified":"2021-01-24T10:39:44","modified_gmt":"2021-01-24T10:39:44","slug":"repairing-hand-cream","status":"publish","type":"product","link":"https:\/\/megapharm.al\/?product=repairing-hand-cream","title":{"rendered":"Repairing Hand Cream"},"content":{"rendered":"<p>P\u00ebrshkrimi i produktit<br \/>\nLarja e shpesht\u00eb e duarve, p\u00ebrdorimi i desinfektant\u00ebve dhe alkoolit cojn\u00eb n\u00eb acarim t\u00eb l\u00ebkur\u00ebs. Kremi p\u00ebr riparimin e duarve Rilastil \u00ebsht\u00eb nj\u00eb trajtim rikthyes q\u00eb hidraton, ushqen dhe mbron l\u00ebkur\u00ebn e duarve, duke e l\u00ebn\u00eb at\u00eb t\u00eb but\u00eb dhe elastike.<br \/>\nP\u00ebrmban 20% gjalp Shea<br \/>\nP\u00ebr duar shum\u00eb t\u00eb thata<br \/>\nI p\u00ebrshtatsh\u00ebm p\u00ebr l\u00ebkur\u00eb t\u00eb ndjeshme<br \/>\nP\u00ebrdorimi<br \/>\nT\u00eb p\u00ebrdoret si nj\u00eb krem normal i zakonsh\u00ebm duarsh sa her\u00eb t\u00eb keni nevoj\u00eb, pasi ti keni pastruar m\u00eb par\u00eb.<br \/>\nSasia<br \/>\n30mL\/100 ml<\/p>\n","protected":false},"excerpt":{"rendered":"<p>P\u00ebrshkrimi i produktit<br \/>\nLarja e shpesht\u00eb e duarve, p\u00ebrdorimi i desinfektant\u00ebve dhe alkoolit cojn\u00eb n\u00eb acarim t\u00eb l\u00ebkur\u00ebs. Kremi p\u00ebr riparimin e duarve Rilastil \u00ebsht\u00eb nj\u00eb trajtim rikthyes q\u00eb hidraton, ushqen dhe mbron l\u00ebkur\u00ebn e duarve, duke e l\u00ebn\u00eb at\u00eb t\u00eb but\u00eb dhe elastike.<br \/>\nP\u00ebrmban 20% gjalp Shea<br \/>\nP\u00ebr duar shum\u00eb t\u00eb thata<br \/>\nI p\u00ebrshtatsh\u00ebm p\u00ebr l\u00ebkur\u00eb t\u00eb ndjeshme<br \/>\nP\u00ebrdorimi<br \/>\nT\u00eb p\u00ebrdoret si nj\u00eb krem normal i zakonsh\u00ebm duarsh sa her\u00eb t\u00eb keni nevoj\u00eb, pasi ti keni pastruar m\u00eb par\u00eb.<br \/>\nSasia<br \/>\n30mL\/100 ml<\/p>\n","protected":false},"featured_media":5895,"comment_status":"open","ping_status":"closed","template":"","meta":[],"product_cat":[123],"product_tag":[],"class_list":{"0":"post-6789","1":"product","2":"type-product","3":"status-publish","4":"has-post-thumbnail","6":"product_cat-rilastil","8":"first","9":"instock","10":"shipping-taxable","11":"product-type-simple"},"_links":{"self":[{"href":"https:\/\/megapharm.al\/index.php?rest_route=\/wp\/v2\/product\/6789","targetHints":{"allow":["GET"]}}],"collection":[{"href":"https:\/\/megapharm.al\/index.php?rest_route=\/wp\/v2\/product"}],"about":[{"href":"https:\/\/megapharm.al\/index.php?rest_route=\/wp\/v2\/types\/product"}],"replies":[{"embeddable":true,"href":"https:\/\/megapharm.al\/index.php?rest_route=%2Fwp%2Fv2%2Fcomments&post=6789"}],"wp:featuredmedia":[{"embeddable":true,"href":"https:\/\/megapharm.al\/index.php?rest_route=\/wp\/v2\/media\/5895"}],"wp:attachment":[{"href":"https:\/\/megapharm.al\/index.php?rest_route=%2Fwp%2Fv2%2Fmedia&parent=6789"}],"wp:term":[{"taxonomy":"product_cat","embeddable":true,"href":"https:\/\/megapharm.al\/index.php?rest_route=%2Fwp%2Fv2%2Fproduct_cat&post=6789"},{"taxonomy":"product_tag","embeddable":true,"href":"https:\/\/megapharm.al\/index.php?rest_route=%2Fwp%2Fv2%2Fproduct_tag&post=6789"}],"curies":[{"name":"wp","href":"https:\/\/api.w.org\/{rel}","templated":true}]}}