{"id":6788,"date":"2021-01-24T10:39:37","date_gmt":"2021-01-24T10:39:37","guid":{"rendered":"http:\/\/megapharm.al\/index.php\/product\/import-placeholder-for-3460\/"},"modified":"2021-01-24T10:39:43","modified_gmt":"2021-01-24T10:39:43","slug":"strech-marks-cream","status":"publish","type":"product","link":"https:\/\/megapharm.al\/?product=strech-marks-cream","title":{"rendered":"Strech Marks Cream"},"content":{"rendered":"<p>P\u00ebrshkrimi i produktit<br \/>\nTrajtim specifik kund\u00ebr strijave t\u00eb l\u00ebkur\u00ebs me nj\u00eb teksture kremoze dhe t\u00eb pasur q\u00eb e b\u00ebn t\u00eb p\u00ebrshtash\u00ebm p\u00ebr nj\u00eb masazh t\u00eb zgjatur. Pak\u00ebson strijat q\u00eb ndodhen n\u00eb zon\u00ebn e barkut, belit, vitheve, kofsh\u00ebve dhe krah\u00ebve. Parandalon krijimin e strijave t\u00eb reja. Ushqen l\u00ebkur\u00ebn n\u00eb thell\u00ebsi.<br \/>\nP\u00ebrdorimi<br \/>\nAplikojeni produktin n\u00eb m\u00ebngjes dhe n\u00eb dark\u00eb dhe masazhojeni deri n\u00eb p\u00ebrthithjen e plot\u00eb.<br \/>\nP\u00ebr rezultate m\u00eb t\u00eb shpejta, sidomos n\u00eb rast se strijat jan\u00eb t\u00eb kuqe\/lejla (Striae Rubrae) rekomandohet t\u00eb kombinohet p\u00ebrdorimi i kremit me RILASTIL ampula kunder strijave. Gjat\u00eb shtatzanis\u00eb \u00ebsht\u00eb i k\u00ebshilluesh\u00ebm aplikimi i kremit 2 her\u00eb n\u00eb dit\u00eb duke filluar nga muaji i tret\u00eb.<br \/>\nSasia<br \/>\n200ml<\/p>\n","protected":false},"excerpt":{"rendered":"<p>P\u00ebrshkrimi i produktit<br \/>\nTrajtim specifik kund\u00ebr strijave t\u00eb l\u00ebkur\u00ebs me nj\u00eb teksture kremoze dhe t\u00eb pasur q\u00eb e b\u00ebn t\u00eb p\u00ebrshtash\u00ebm p\u00ebr nj\u00eb masazh t\u00eb zgjatur. Pak\u00ebson strijat q\u00eb ndodhen n\u00eb zon\u00ebn e barkut, belit, vitheve, kofsh\u00ebve dhe krah\u00ebve. Parandalon krijimin e strijave t\u00eb reja. Ushqen l\u00ebkur\u00ebn n\u00eb thell\u00ebsi.<br \/>\nP\u00ebrdorimi<br \/>\nAplikojeni produktin n\u00eb m\u00ebngjes dhe n\u00eb dark\u00eb dhe masazhojeni deri n\u00eb p\u00ebrthithjen e plot\u00eb.<br \/>\nP\u00ebr rezultate m\u00eb t\u00eb shpejta, sidomos n\u00eb rast se strijat jan\u00eb t\u00eb kuqe\/lejla (Striae Rubrae) rekomandohet t\u00eb kombinohet p\u00ebrdorimi i kremit me RILASTIL ampula kunder strijave. Gjat\u00eb shtatzanis\u00eb \u00ebsht\u00eb i k\u00ebshilluesh\u00ebm aplikimi i kremit 2 her\u00eb n\u00eb dit\u00eb duke filluar nga muaji i tret\u00eb.<br \/>\nSasia<br \/>\n200ml<\/p>\n","protected":false},"featured_media":5894,"comment_status":"open","ping_status":"closed","template":"","meta":[],"product_cat":[123],"product_tag":[],"class_list":{"0":"post-6788","1":"product","2":"type-product","3":"status-publish","4":"has-post-thumbnail","6":"product_cat-rilastil","8":"first","9":"instock","10":"shipping-taxable","11":"product-type-simple"},"_links":{"self":[{"href":"https:\/\/megapharm.al\/index.php?rest_route=\/wp\/v2\/product\/6788","targetHints":{"allow":["GET"]}}],"collection":[{"href":"https:\/\/megapharm.al\/index.php?rest_route=\/wp\/v2\/product"}],"about":[{"href":"https:\/\/megapharm.al\/index.php?rest_route=\/wp\/v2\/types\/product"}],"replies":[{"embeddable":true,"href":"https:\/\/megapharm.al\/index.php?rest_route=%2Fwp%2Fv2%2Fcomments&post=6788"}],"wp:featuredmedia":[{"embeddable":true,"href":"https:\/\/megapharm.al\/index.php?rest_route=\/wp\/v2\/media\/5894"}],"wp:attachment":[{"href":"https:\/\/megapharm.al\/index.php?rest_route=%2Fwp%2Fv2%2Fmedia&parent=6788"}],"wp:term":[{"taxonomy":"product_cat","embeddable":true,"href":"https:\/\/megapharm.al\/index.php?rest_route=%2Fwp%2Fv2%2Fproduct_cat&post=6788"},{"taxonomy":"product_tag","embeddable":true,"href":"https:\/\/megapharm.al\/index.php?rest_route=%2Fwp%2Fv2%2Fproduct_tag&post=6788"}],"curies":[{"name":"wp","href":"https:\/\/api.w.org\/{rel}","templated":true}]}}