{"id":6787,"date":"2021-01-24T10:39:37","date_gmt":"2021-01-24T10:39:37","guid":{"rendered":"http:\/\/megapharm.al\/index.php\/product\/import-placeholder-for-3459\/"},"modified":"2021-01-24T10:39:43","modified_gmt":"2021-01-24T10:39:43","slug":"stretch-marks-ampoules","status":"publish","type":"product","link":"https:\/\/megapharm.al\/?product=stretch-marks-ampoules","title":{"rendered":"Stretch Marks Ampoules"},"content":{"rendered":"<p>Rilastil Stretch Marks \u00ebsht\u00eb linja e plot\u00eb q\u00eb parandalon dhe kund\u00ebrshton shenjat atrofike (shenjat e strirjes) t\u00eb shkaktuara nga prishjet e kolagjenit dhe elastin\u00ebs gjat\u00eb rinis\u00eb, shtat\u00ebz\u00ebn\u00ebsis\u00eb ose p\u00ebr shkak t\u00eb ndryshimeve t\u00eb r\u00ebnd\u00ebsishme dhe \/ ose t\u00eb papritura t\u00eb pesh\u00ebs.<br \/>\nEsht\u00eb nj\u00eb trajtim intensiv me nj\u00eb veprim &#8220;shock&#8221;, ve\u00e7an\u00ebrisht i p\u00ebrshtatsh\u00ebm p\u00ebr t\u00eb ndihmuar n\u00eb zvog\u00eblimin dhe parandalimin e shenjave te strirjes. Aplikohet leht\u00eb dhe p\u00ebrthithet me shpejt\u00ebsi, ampulat kontribuojn\u00eb p\u00ebr t\u00eb p\u00ebrmir\u00ebsuar elasticitetin dhe tonin e l\u00ebkur\u00ebs. Ato mund t\u00eb p\u00ebrdoren n\u00eb shtatz\u00ebni dhe gjat\u00eb<br \/>\ndh\u00ebnies s\u00eb gjirit.<br \/>\nThyejeni ampul\u00ebn duke p\u00ebrdorur \u00e7el\u00ebsin e ampul\u00ebs t\u00eb dh\u00ebn\u00eb p\u00ebr kete q\u00ebllim dhe aplikoni lengun. Aplikoni n\u00eb zonat e l\u00ebkur\u00ebs p\u00ebr t&#8217;u trajtuar, dhe masazhojeni but\u00eb.<br \/>\nTrajtimi &#8216;Shock&#8217;:<br \/>\nAplikoni nj\u00eb ampul\u00eb \u00e7do dit\u00eb p\u00ebr t\u00eb pakt\u00ebn 10 dit\u00eb. Vazhdoni edhe 20 dit\u00eb t\u00eb tjera, me nj\u00eb ampul\u00eb tjet\u00ebr \u00e7do dit\u00eb. Gjithmon\u00eb kombinohet me Rilastil Stretch Marks Cream.<br \/>\nTrajtimi normal:<br \/>\nAplikoni 1-2 ampula \u00e7do jav\u00eb, s\u00eb bashku me Rilastil Stretch Marks Cream.<br \/>\nKujdes:<br \/>\nThyejeni ampul\u00ebn me kujdes p\u00ebrgjat\u00eb vij\u00ebs s\u00eb thyerjes. N\u00ebse b\u00ebhet fjal\u00eb p\u00ebr fragment, mos e p\u00ebrdorni produktin dhe mos e hidhni got\u00ebn.<br \/>\nN\u00ebse p\u00ebrdoret gjat\u00eb ushqyerjes me gji, ndiqni procedur\u00ebn higjeno-ushqimore t\u00eb t\u00eb ushqyerit n\u00eb m\u00ebnyr\u00eb t\u00eb zakonshme. N\u00ebse produkti bie n\u00eb sy, shpelaje t\u00ebr\u00ebsisht me uj\u00eb. Mbajeni larg f\u00ebmij\u00ebve. Mbani larg drit\u00ebs dhe nxeht\u00ebsis\u00eb.<br \/>\nSasia<br \/>\n10 ampula<\/p>\n","protected":false},"excerpt":{"rendered":"<p>Rilastil Stretch Marks \u00ebsht\u00eb linja e plot\u00eb q\u00eb parandalon dhe kund\u00ebrshton shenjat atrofike (shenjat e strirjes) t\u00eb shkaktuara nga prishjet e kolagjenit dhe elastin\u00ebs gjat\u00eb rinis\u00eb, shtat\u00ebz\u00ebn\u00ebsis\u00eb ose p\u00ebr shkak t\u00eb ndryshimeve t\u00eb r\u00ebnd\u00ebsishme dhe \/ ose t\u00eb papritura t\u00eb pesh\u00ebs.<br \/>\nEsht\u00eb nj\u00eb trajtim intensiv me nj\u00eb veprim &#8220;shock&#8221;, ve\u00e7an\u00ebrisht i p\u00ebrshtatsh\u00ebm p\u00ebr t\u00eb ndihmuar n\u00eb zvog\u00eblimin dhe parandalimin e shenjave te strirjes. Aplikohet leht\u00eb dhe p\u00ebrthithet me shpejt\u00ebsi, ampulat kontribuojn\u00eb p\u00ebr t\u00eb p\u00ebrmir\u00ebsuar elasticitetin dhe tonin e l\u00ebkur\u00ebs. Ato mund t\u00eb p\u00ebrdoren n\u00eb shtatz\u00ebni dhe gjat\u00eb<br \/>\ndh\u00ebnies s\u00eb gjirit.<br \/>\nThyejeni ampul\u00ebn duke p\u00ebrdorur \u00e7el\u00ebsin e ampul\u00ebs t\u00eb dh\u00ebn\u00eb p\u00ebr kete q\u00ebllim dhe aplikoni lengun. Aplikoni n\u00eb zonat e l\u00ebkur\u00ebs p\u00ebr t&#8217;u trajtuar, dhe masazhojeni but\u00eb.<br \/>\nTrajtimi &#8216;Shock&#8217;:<br \/>\nAplikoni nj\u00eb ampul\u00eb \u00e7do dit\u00eb p\u00ebr t\u00eb pakt\u00ebn 10 dit\u00eb. Vazhdoni edhe 20 dit\u00eb t\u00eb tjera, me nj\u00eb ampul\u00eb tjet\u00ebr \u00e7do dit\u00eb. Gjithmon\u00eb kombinohet me Rilastil Stretch Marks Cream.<br \/>\nTrajtimi normal:<br \/>\nAplikoni 1-2 ampula \u00e7do jav\u00eb, s\u00eb bashku me Rilastil Stretch Marks Cream.<br \/>\nKujdes:<br \/>\nThyejeni ampul\u00ebn me kujdes p\u00ebrgjat\u00eb vij\u00ebs s\u00eb thyerjes. N\u00ebse b\u00ebhet fjal\u00eb p\u00ebr fragment, mos e p\u00ebrdorni produktin dhe mos e hidhni got\u00ebn.<br \/>\nN\u00ebse p\u00ebrdoret gjat\u00eb ushqyerjes me gji, ndiqni procedur\u00ebn higjeno-ushqimore t\u00eb t\u00eb ushqyerit n\u00eb m\u00ebnyr\u00eb t\u00eb zakonshme. N\u00ebse produkti bie n\u00eb sy, shpelaje t\u00ebr\u00ebsisht me uj\u00eb. Mbajeni larg f\u00ebmij\u00ebve. Mbani larg drit\u00ebs dhe nxeht\u00ebsis\u00eb.<br \/>\nSasia<br \/>\n10 ampula<\/p>\n","protected":false},"featured_media":5893,"comment_status":"open","ping_status":"closed","template":"","meta":[],"product_cat":[123],"product_tag":[],"class_list":{"0":"post-6787","1":"product","2":"type-product","3":"status-publish","4":"has-post-thumbnail","6":"product_cat-rilastil","8":"first","9":"instock","10":"shipping-taxable","11":"product-type-simple"},"_links":{"self":[{"href":"https:\/\/megapharm.al\/index.php?rest_route=\/wp\/v2\/product\/6787","targetHints":{"allow":["GET"]}}],"collection":[{"href":"https:\/\/megapharm.al\/index.php?rest_route=\/wp\/v2\/product"}],"about":[{"href":"https:\/\/megapharm.al\/index.php?rest_route=\/wp\/v2\/types\/product"}],"replies":[{"embeddable":true,"href":"https:\/\/megapharm.al\/index.php?rest_route=%2Fwp%2Fv2%2Fcomments&post=6787"}],"wp:featuredmedia":[{"embeddable":true,"href":"https:\/\/megapharm.al\/index.php?rest_route=\/wp\/v2\/media\/5893"}],"wp:attachment":[{"href":"https:\/\/megapharm.al\/index.php?rest_route=%2Fwp%2Fv2%2Fmedia&parent=6787"}],"wp:term":[{"taxonomy":"product_cat","embeddable":true,"href":"https:\/\/megapharm.al\/index.php?rest_route=%2Fwp%2Fv2%2Fproduct_cat&post=6787"},{"taxonomy":"product_tag","embeddable":true,"href":"https:\/\/megapharm.al\/index.php?rest_route=%2Fwp%2Fv2%2Fproduct_tag&post=6787"}],"curies":[{"name":"wp","href":"https:\/\/api.w.org\/{rel}","templated":true}]}}