{"id":6785,"date":"2021-01-24T10:39:37","date_gmt":"2021-01-24T10:39:37","guid":{"rendered":"http:\/\/megapharm.al\/index.php\/product\/import-placeholder-for-3457\/"},"modified":"2021-01-24T10:39:43","modified_gmt":"2021-01-24T10:39:43","slug":"xerolact-balsam-18","status":"publish","type":"product","link":"https:\/\/megapharm.al\/?product=xerolact-balsam-18","title":{"rendered":"XEROLACT  BALSAM 18%"},"content":{"rendered":"<p>P\u00ebrshkrimi i produktit<br \/>\nRilastil Xerolact Balsam 18% \u00ebsht\u00eb nj\u00eb trajtim zbut\u00ebs dhe qet\u00ebsues studiuar p\u00ebr t\u00eb luftuar hipekeratozin e lokalizuar. Rikthen elasticitetin l\u00ebkur\u00ebs.<br \/>\nIdeal p\u00ebr nj\u00eb trajtim ndihm\u00ebs n\u00eb rastet e hip\u00ebrkeratoze t\u00eb lokalizuar tek brrylet, gjunj\u00ebt, thembra.<br \/>\nLaktat natriumi: lufton hip\u00ebrkeratozen<br \/>\nGjalpI shea: jep but\u00ebsi, elsaticitet dhe qet\u00ebson zonat e dehidratuara dhe me skuama<br \/>\nVitamina E dhe Glicerina: jep komfort l\u00ebkur\u00ebs<br \/>\nPa paraben dhe derivate t\u00eb grurit. Hipoalergjenik<br \/>\nTestuar p\u00ebr Nikel, Kobalt, Krom, Palladium dhe M\u00ebrkur.<br \/>\nTestuar dermatologjikisht, klinikisht dhe mikrobiologjikisht.<br \/>\nP\u00ebrdorimi<br \/>\nAplikojeni 1-2 her\u00eb n\u00eb dite, k\u00ebshillohet pas dushit, n\u00eb zonat e thata, me skuama.<br \/>\nSasia<br \/>\n100ml<\/p>\n","protected":false},"excerpt":{"rendered":"<p>P\u00ebrshkrimi i produktit<br \/>\nRilastil Xerolact Balsam 18% \u00ebsht\u00eb nj\u00eb trajtim zbut\u00ebs dhe qet\u00ebsues studiuar p\u00ebr t\u00eb luftuar hipekeratozin e lokalizuar. Rikthen elasticitetin l\u00ebkur\u00ebs.<br \/>\nIdeal p\u00ebr nj\u00eb trajtim ndihm\u00ebs n\u00eb rastet e hip\u00ebrkeratoze t\u00eb lokalizuar tek brrylet, gjunj\u00ebt, thembra.<br \/>\nLaktat natriumi: lufton hip\u00ebrkeratozen<br \/>\nGjalpI shea: jep but\u00ebsi, elsaticitet dhe qet\u00ebson zonat e dehidratuara dhe me skuama<br \/>\nVitamina E dhe Glicerina: jep komfort l\u00ebkur\u00ebs<br \/>\nPa paraben dhe derivate t\u00eb grurit. Hipoalergjenik<br \/>\nTestuar p\u00ebr Nikel, Kobalt, Krom, Palladium dhe M\u00ebrkur.<br \/>\nTestuar dermatologjikisht, klinikisht dhe mikrobiologjikisht.<br \/>\nP\u00ebrdorimi<br \/>\nAplikojeni 1-2 her\u00eb n\u00eb dite, k\u00ebshillohet pas dushit, n\u00eb zonat e thata, me skuama.<br \/>\nSasia<br \/>\n100ml<\/p>\n","protected":false},"featured_media":5891,"comment_status":"open","ping_status":"closed","template":"","meta":[],"product_cat":[123],"product_tag":[],"class_list":{"0":"post-6785","1":"product","2":"type-product","3":"status-publish","4":"has-post-thumbnail","6":"product_cat-rilastil","8":"first","9":"instock","10":"shipping-taxable","11":"product-type-simple"},"_links":{"self":[{"href":"https:\/\/megapharm.al\/index.php?rest_route=\/wp\/v2\/product\/6785","targetHints":{"allow":["GET"]}}],"collection":[{"href":"https:\/\/megapharm.al\/index.php?rest_route=\/wp\/v2\/product"}],"about":[{"href":"https:\/\/megapharm.al\/index.php?rest_route=\/wp\/v2\/types\/product"}],"replies":[{"embeddable":true,"href":"https:\/\/megapharm.al\/index.php?rest_route=%2Fwp%2Fv2%2Fcomments&post=6785"}],"wp:featuredmedia":[{"embeddable":true,"href":"https:\/\/megapharm.al\/index.php?rest_route=\/wp\/v2\/media\/5891"}],"wp:attachment":[{"href":"https:\/\/megapharm.al\/index.php?rest_route=%2Fwp%2Fv2%2Fmedia&parent=6785"}],"wp:term":[{"taxonomy":"product_cat","embeddable":true,"href":"https:\/\/megapharm.al\/index.php?rest_route=%2Fwp%2Fv2%2Fproduct_cat&post=6785"},{"taxonomy":"product_tag","embeddable":true,"href":"https:\/\/megapharm.al\/index.php?rest_route=%2Fwp%2Fv2%2Fproduct_tag&post=6785"}],"curies":[{"name":"wp","href":"https:\/\/api.w.org\/{rel}","templated":true}]}}