{"id":6784,"date":"2021-01-24T10:39:37","date_gmt":"2021-01-24T10:39:37","guid":{"rendered":"http:\/\/megapharm.al\/index.php\/product\/import-placeholder-for-3456\/"},"modified":"2021-01-24T10:39:42","modified_gmt":"2021-01-24T10:39:42","slug":"xerolact-e-concentrate-cream-30","status":"publish","type":"product","link":"https:\/\/megapharm.al\/?product=xerolact-e-concentrate-cream-30","title":{"rendered":"XEROLACT (E) CONCENTRATE CREAM 30%"},"content":{"rendered":"<p>P\u00ebrshkrimi i produktit<br \/>\nRilastil Xerolact (E) \u00ebsht\u00eb nj\u00eb krem hidratant ekstrem. Kthen elasticitetin fiziologjik t\u00eb l\u00ebkur\u00ebs.<br \/>\nAcid hialuronik: jep elasticitetin dhe but\u00ebsin\u00eb n\u00eb zonat e trajtuara duke favorizuar rigjenerimin e l\u00ebkur\u00ebs<br \/>\nLaktat natriumi: normalizon shtres\u00ebn e l\u00ebkur\u00ebs<br \/>\nVitaminea E, gjalp shea dhe glicerina: zbusin l\u00ebkur\u00ebn<br \/>\nNiveli i hidratimit n\u00eb l\u00ebkur\u00eb normalizohet dhe shtresa e l\u00ebkur\u00ebs nuk \u00ebsht\u00eb m\u00eb aq e shpesht\u00eb.<br \/>\nP\u00ebrdorimi<br \/>\nAplikoni 1-2 her\u00eb n\u00eb dit\u00eb n\u00eb zonat ku \u00ebsht\u00eb e nevojshme. Keshillohet t\u00eb p\u00ebrdoret pas dushit.<br \/>\nP\u00ebrdoreni p\u00ebr nj\u00eb cikel prej 30 ditesh ose sipas keshill\u00ebs s\u00eb mjekut.<br \/>\nSasia: 40ml<\/p>\n","protected":false},"excerpt":{"rendered":"<p>P\u00ebrshkrimi i produktit<br \/>\nRilastil Xerolact (E) \u00ebsht\u00eb nj\u00eb krem hidratant ekstrem. Kthen elasticitetin fiziologjik t\u00eb l\u00ebkur\u00ebs.<br \/>\nAcid hialuronik: jep elasticitetin dhe but\u00ebsin\u00eb n\u00eb zonat e trajtuara duke favorizuar rigjenerimin e l\u00ebkur\u00ebs<br \/>\nLaktat natriumi: normalizon shtres\u00ebn e l\u00ebkur\u00ebs<br \/>\nVitaminea E, gjalp shea dhe glicerina: zbusin l\u00ebkur\u00ebn<br \/>\nNiveli i hidratimit n\u00eb l\u00ebkur\u00eb normalizohet dhe shtresa e l\u00ebkur\u00ebs nuk \u00ebsht\u00eb m\u00eb aq e shpesht\u00eb.<br \/>\nP\u00ebrdorimi<br \/>\nAplikoni 1-2 her\u00eb n\u00eb dit\u00eb n\u00eb zonat ku \u00ebsht\u00eb e nevojshme. Keshillohet t\u00eb p\u00ebrdoret pas dushit.<br \/>\nP\u00ebrdoreni p\u00ebr nj\u00eb cikel prej 30 ditesh ose sipas keshill\u00ebs s\u00eb mjekut.<br \/>\nSasia: 40ml<\/p>\n","protected":false},"featured_media":5890,"comment_status":"open","ping_status":"closed","template":"","meta":[],"product_cat":[123],"product_tag":[],"class_list":{"0":"post-6784","1":"product","2":"type-product","3":"status-publish","4":"has-post-thumbnail","6":"product_cat-rilastil","8":"first","9":"instock","10":"shipping-taxable","11":"product-type-simple"},"_links":{"self":[{"href":"https:\/\/megapharm.al\/index.php?rest_route=\/wp\/v2\/product\/6784","targetHints":{"allow":["GET"]}}],"collection":[{"href":"https:\/\/megapharm.al\/index.php?rest_route=\/wp\/v2\/product"}],"about":[{"href":"https:\/\/megapharm.al\/index.php?rest_route=\/wp\/v2\/types\/product"}],"replies":[{"embeddable":true,"href":"https:\/\/megapharm.al\/index.php?rest_route=%2Fwp%2Fv2%2Fcomments&post=6784"}],"wp:featuredmedia":[{"embeddable":true,"href":"https:\/\/megapharm.al\/index.php?rest_route=\/wp\/v2\/media\/5890"}],"wp:attachment":[{"href":"https:\/\/megapharm.al\/index.php?rest_route=%2Fwp%2Fv2%2Fmedia&parent=6784"}],"wp:term":[{"taxonomy":"product_cat","embeddable":true,"href":"https:\/\/megapharm.al\/index.php?rest_route=%2Fwp%2Fv2%2Fproduct_cat&post=6784"},{"taxonomy":"product_tag","embeddable":true,"href":"https:\/\/megapharm.al\/index.php?rest_route=%2Fwp%2Fv2%2Fproduct_tag&post=6784"}],"curies":[{"name":"wp","href":"https:\/\/api.w.org\/{rel}","templated":true}]}}