{"id":6783,"date":"2021-01-24T10:39:37","date_gmt":"2021-01-24T10:39:37","guid":{"rendered":"http:\/\/megapharm.al\/index.php\/product\/import-placeholder-for-3455\/"},"modified":"2021-01-24T10:39:42","modified_gmt":"2021-01-24T10:39:42","slug":"d-clar-cream","status":"publish","type":"product","link":"https:\/\/megapharm.al\/?product=d-clar-cream","title":{"rendered":"D-Clar Cream"},"content":{"rendered":"<p>P\u00ebrshkrimi i produktit<br \/>\nD-Clar \u00ebsht\u00eb nj\u00eb krem pa ngjyr\u00eb p\u00ebr t\u00eb trajtuar hiperpigmentimin dhe p\u00ebr t\u00eb uniformuar l\u00ebkur\u00ebn dhe parandaluar njollat n\u00eb fytyr\u00eb. Ka nj\u00eb veprim t\u00eb dyfisht\u00eb. Parandalon formimin e njollave n\u00eb uniformon e l\u00ebkur\u00ebs. Jep nj\u00eb freski t\u00eb re l\u00ebkur\u00ebs.<br \/>\nP\u00ebrdorimi<br \/>\nAplikojeni n\u00eb l\u00ebkur\u00eb pas serumit DClar.<br \/>\nSasia: 50ml<\/p>\n","protected":false},"excerpt":{"rendered":"<p>P\u00ebrshkrimi i produktit<br \/>\nD-Clar \u00ebsht\u00eb nj\u00eb krem pa ngjyr\u00eb p\u00ebr t\u00eb trajtuar hiperpigmentimin dhe p\u00ebr t\u00eb uniformuar l\u00ebkur\u00ebn dhe parandaluar njollat n\u00eb fytyr\u00eb. Ka nj\u00eb veprim t\u00eb dyfisht\u00eb. Parandalon formimin e njollave n\u00eb uniformon e l\u00ebkur\u00ebs. Jep nj\u00eb freski t\u00eb re l\u00ebkur\u00ebs.<br \/>\nP\u00ebrdorimi<br \/>\nAplikojeni n\u00eb l\u00ebkur\u00eb pas serumit DClar.<br \/>\nSasia: 50ml<\/p>\n","protected":false},"featured_media":5889,"comment_status":"open","ping_status":"closed","template":"","meta":[],"product_cat":[123],"product_tag":[],"class_list":{"0":"post-6783","1":"product","2":"type-product","3":"status-publish","4":"has-post-thumbnail","6":"product_cat-rilastil","8":"first","9":"instock","10":"shipping-taxable","11":"product-type-simple"},"_links":{"self":[{"href":"https:\/\/megapharm.al\/index.php?rest_route=\/wp\/v2\/product\/6783","targetHints":{"allow":["GET"]}}],"collection":[{"href":"https:\/\/megapharm.al\/index.php?rest_route=\/wp\/v2\/product"}],"about":[{"href":"https:\/\/megapharm.al\/index.php?rest_route=\/wp\/v2\/types\/product"}],"replies":[{"embeddable":true,"href":"https:\/\/megapharm.al\/index.php?rest_route=%2Fwp%2Fv2%2Fcomments&post=6783"}],"wp:featuredmedia":[{"embeddable":true,"href":"https:\/\/megapharm.al\/index.php?rest_route=\/wp\/v2\/media\/5889"}],"wp:attachment":[{"href":"https:\/\/megapharm.al\/index.php?rest_route=%2Fwp%2Fv2%2Fmedia&parent=6783"}],"wp:term":[{"taxonomy":"product_cat","embeddable":true,"href":"https:\/\/megapharm.al\/index.php?rest_route=%2Fwp%2Fv2%2Fproduct_cat&post=6783"},{"taxonomy":"product_tag","embeddable":true,"href":"https:\/\/megapharm.al\/index.php?rest_route=%2Fwp%2Fv2%2Fproduct_tag&post=6783"}],"curies":[{"name":"wp","href":"https:\/\/api.w.org\/{rel}","templated":true}]}}