{"id":6781,"date":"2021-01-24T10:39:36","date_gmt":"2021-01-24T10:39:36","guid":{"rendered":"http:\/\/megapharm.al\/index.php\/product\/import-placeholder-for-3453\/"},"modified":"2021-01-24T10:39:42","modified_gmt":"2021-01-24T10:39:42","slug":"d-clar-uniforming-and-depigmenting-cream-spf-50","status":"publish","type":"product","link":"https:\/\/megapharm.al\/?product=d-clar-uniforming-and-depigmenting-cream-spf-50","title":{"rendered":"D-Clar Uniforming and Depigmenting Cream SPF 50+"},"content":{"rendered":"<p>P\u00ebrshkrimi i produktit<br \/>\nEmulsion me ngjyr\u00eb i indikuar si trajtim dite me p\u00ebrb\u00ebr\u00ebs aktiv\u00eb me veprim kund\u00ebr njollave. Parandalon formimin e njollave n\u00eb l\u00ebkur\u00eb, mbron l\u00ebkur\u00ebn nga rrezet e diellit, korrekton pamjen e njollave q\u00eb gjenden n\u00eb l\u00ebkur\u00eb duke dh\u00ebn\u00eb nj\u00eb pamje uniforme. Aplikohet n\u00eb m\u00ebnyr\u00eb uniforme n\u00eb m\u00ebngjes ose disa her\u00eb gjat\u00eb dit\u00ebs n\u00eb rast ekspozimi n\u00eb diell.<br \/>\nP\u00ebrdorimi<br \/>\nAplikoheni n\u00eb m\u00ebngjes 30 min para ekspozimit n\u00eb diell.<br \/>\nSasia: 50ml<\/p>\n","protected":false},"excerpt":{"rendered":"<p>P\u00ebrshkrimi i produktit<br \/>\nEmulsion me ngjyr\u00eb i indikuar si trajtim dite me p\u00ebrb\u00ebr\u00ebs aktiv\u00eb me veprim kund\u00ebr njollave. Parandalon formimin e njollave n\u00eb l\u00ebkur\u00eb, mbron l\u00ebkur\u00ebn nga rrezet e diellit, korrekton pamjen e njollave q\u00eb gjenden n\u00eb l\u00ebkur\u00eb duke dh\u00ebn\u00eb nj\u00eb pamje uniforme. Aplikohet n\u00eb m\u00ebnyr\u00eb uniforme n\u00eb m\u00ebngjes ose disa her\u00eb gjat\u00eb dit\u00ebs n\u00eb rast ekspozimi n\u00eb diell.<br \/>\nP\u00ebrdorimi<br \/>\nAplikoheni n\u00eb m\u00ebngjes 30 min para ekspozimit n\u00eb diell.<br \/>\nSasia: 50ml<\/p>\n","protected":false},"featured_media":5887,"comment_status":"open","ping_status":"closed","template":"","meta":[],"product_cat":[123],"product_tag":[],"class_list":{"0":"post-6781","1":"product","2":"type-product","3":"status-publish","4":"has-post-thumbnail","6":"product_cat-rilastil","8":"first","9":"instock","10":"shipping-taxable","11":"product-type-simple"},"_links":{"self":[{"href":"https:\/\/megapharm.al\/index.php?rest_route=\/wp\/v2\/product\/6781","targetHints":{"allow":["GET"]}}],"collection":[{"href":"https:\/\/megapharm.al\/index.php?rest_route=\/wp\/v2\/product"}],"about":[{"href":"https:\/\/megapharm.al\/index.php?rest_route=\/wp\/v2\/types\/product"}],"replies":[{"embeddable":true,"href":"https:\/\/megapharm.al\/index.php?rest_route=%2Fwp%2Fv2%2Fcomments&post=6781"}],"wp:featuredmedia":[{"embeddable":true,"href":"https:\/\/megapharm.al\/index.php?rest_route=\/wp\/v2\/media\/5887"}],"wp:attachment":[{"href":"https:\/\/megapharm.al\/index.php?rest_route=%2Fwp%2Fv2%2Fmedia&parent=6781"}],"wp:term":[{"taxonomy":"product_cat","embeddable":true,"href":"https:\/\/megapharm.al\/index.php?rest_route=%2Fwp%2Fv2%2Fproduct_cat&post=6781"},{"taxonomy":"product_tag","embeddable":true,"href":"https:\/\/megapharm.al\/index.php?rest_route=%2Fwp%2Fv2%2Fproduct_tag&post=6781"}],"curies":[{"name":"wp","href":"https:\/\/api.w.org\/{rel}","templated":true}]}}