{"id":6779,"date":"2021-01-24T10:39:36","date_gmt":"2021-01-24T10:39:36","guid":{"rendered":"http:\/\/megapharm.al\/index.php\/product\/import-placeholder-for-3451\/"},"modified":"2021-01-24T10:39:41","modified_gmt":"2021-01-24T10:39:41","slug":"deliskin-rs-cream-for-normal-to-dry-skin","status":"publish","type":"product","link":"https:\/\/megapharm.al\/?product=deliskin-rs-cream-for-normal-to-dry-skin","title":{"rendered":"DELISKIN RS cream for normal to dry skin"},"content":{"rendered":"<p>P\u00ebrshkrimi i produktit<br \/>\nDeliskin RS krem p\u00ebr l\u00ebkur\u00eb normale-t\u00eb that\u00eb, \u00ebsht\u00eb nj\u00eb trajtim dermokozmetik p\u00ebr kujdesin e k\u00ebtij tipi l\u00ebkure e prirur ndaj skuqjeve dhe kup\u00ebrozes. P\u00ebrmban kompleks anti-skuqje me Hamamelis, Rutin dhe nj\u00eb tetrapeptid specifik, qet\u00ebsues, mbrojt\u00ebs dhe reduktues i skuqjeve. P\u00ebrmban dhe oligosakaride Alfa- Glukan dhe nj\u00eb pool Vitaminash p\u00ebr komfortin e l\u00ebkur\u00ebs.<br \/>\nP\u00ebr l\u00ebkur\u00eb normale-t\u00eb thata<br \/>\nP\u00ebrdorimi<br \/>\nAplikojeni kremin n\u00eb m\u00ebngjes dhe n\u00eb dark\u00eb n\u00eb l\u00ebkur\u00eb te past\u00ebr dhe t\u00eb thar\u00eb. Masazhojeni n\u00eb m\u00ebnyr\u00eb delikate nga posht\u00eb lart.<br \/>\nSasia: 40ml<\/p>\n","protected":false},"excerpt":{"rendered":"<p>P\u00ebrshkrimi i produktit<br \/>\nDeliskin RS krem p\u00ebr l\u00ebkur\u00eb normale-t\u00eb that\u00eb, \u00ebsht\u00eb nj\u00eb trajtim dermokozmetik p\u00ebr kujdesin e k\u00ebtij tipi l\u00ebkure e prirur ndaj skuqjeve dhe kup\u00ebrozes. P\u00ebrmban kompleks anti-skuqje me Hamamelis, Rutin dhe nj\u00eb tetrapeptid specifik, qet\u00ebsues, mbrojt\u00ebs dhe reduktues i skuqjeve. P\u00ebrmban dhe oligosakaride Alfa- Glukan dhe nj\u00eb pool Vitaminash p\u00ebr komfortin e l\u00ebkur\u00ebs.<br \/>\nP\u00ebr l\u00ebkur\u00eb normale-t\u00eb thata<br \/>\nP\u00ebrdorimi<br \/>\nAplikojeni kremin n\u00eb m\u00ebngjes dhe n\u00eb dark\u00eb n\u00eb l\u00ebkur\u00eb te past\u00ebr dhe t\u00eb thar\u00eb. Masazhojeni n\u00eb m\u00ebnyr\u00eb delikate nga posht\u00eb lart.<br \/>\nSasia: 40ml<\/p>\n","protected":false},"featured_media":5885,"comment_status":"open","ping_status":"closed","template":"","meta":[],"product_cat":[123],"product_tag":[],"class_list":{"0":"post-6779","1":"product","2":"type-product","3":"status-publish","4":"has-post-thumbnail","6":"product_cat-rilastil","8":"first","9":"instock","10":"shipping-taxable","11":"product-type-simple"},"_links":{"self":[{"href":"https:\/\/megapharm.al\/index.php?rest_route=\/wp\/v2\/product\/6779","targetHints":{"allow":["GET"]}}],"collection":[{"href":"https:\/\/megapharm.al\/index.php?rest_route=\/wp\/v2\/product"}],"about":[{"href":"https:\/\/megapharm.al\/index.php?rest_route=\/wp\/v2\/types\/product"}],"replies":[{"embeddable":true,"href":"https:\/\/megapharm.al\/index.php?rest_route=%2Fwp%2Fv2%2Fcomments&post=6779"}],"wp:featuredmedia":[{"embeddable":true,"href":"https:\/\/megapharm.al\/index.php?rest_route=\/wp\/v2\/media\/5885"}],"wp:attachment":[{"href":"https:\/\/megapharm.al\/index.php?rest_route=%2Fwp%2Fv2%2Fmedia&parent=6779"}],"wp:term":[{"taxonomy":"product_cat","embeddable":true,"href":"https:\/\/megapharm.al\/index.php?rest_route=%2Fwp%2Fv2%2Fproduct_cat&post=6779"},{"taxonomy":"product_tag","embeddable":true,"href":"https:\/\/megapharm.al\/index.php?rest_route=%2Fwp%2Fv2%2Fproduct_tag&post=6779"}],"curies":[{"name":"wp","href":"https:\/\/api.w.org\/{rel}","templated":true}]}}