{"id":6778,"date":"2021-01-24T10:39:36","date_gmt":"2021-01-24T10:39:36","guid":{"rendered":"http:\/\/megapharm.al\/index.php\/product\/import-placeholder-for-3450\/"},"modified":"2021-01-24T10:39:41","modified_gmt":"2021-01-24T10:39:41","slug":"deliskin-rs-fluid-normal-and-mixed-skin","status":"publish","type":"product","link":"https:\/\/megapharm.al\/?product=deliskin-rs-fluid-normal-and-mixed-skin","title":{"rendered":"Deliskin RS Fluid . Normal and mixed skin"},"content":{"rendered":"<p>P\u00ebrshkrimi i produktit<br \/>\nDeliskin Rs \u00ebsht\u00eb nj\u00eb krem p\u00ebr l\u00ebkur\u00eb normale-mikse dhe t\u00eb ndjeshme. Vepron n\u00eb skuqjet dhe kup\u00ebrozen e l\u00ebkur\u00ebs s\u00eb ndjeshme duke I zbehur ato. P\u00ebrmban komplekse anti-skuqje me Baz\u00eb Rutine, Hamamelis, dhe nj\u00eb tetrapeptid specifik, mbron, zbut dhe zbeh skuqjet e l\u00ebkur\u00ebs s\u00eb ndjeshme dhe reaktive. \u00cbsht\u00eb formuluar dhe me Alfa- Glukan Oligosakaride, dhe nj\u00eb pool vitaminash p\u00ebr ti dh\u00ebn\u00eb l\u00ebkur\u00ebs komfortin e duhur. L\u00ebkur\u00eb normale dhe mikse.<br \/>\nP\u00ebrdorimi<br \/>\nAplikojeni kremin n\u00eb m\u00ebngjes dhe n\u00eb dark\u00eb n\u00eb l\u00ebkur\u00eb te past\u00ebr dhe t\u00eb thar\u00eb. Masazhojeni n\u00eb m\u00ebnyr\u00eb delikate nga posht\u00eb lart.<br \/>\nSasia: 40ml<\/p>\n","protected":false},"excerpt":{"rendered":"<p>P\u00ebrshkrimi i produktit<br \/>\nDeliskin Rs \u00ebsht\u00eb nj\u00eb krem p\u00ebr l\u00ebkur\u00eb normale-mikse dhe t\u00eb ndjeshme. Vepron n\u00eb skuqjet dhe kup\u00ebrozen e l\u00ebkur\u00ebs s\u00eb ndjeshme duke I zbehur ato. P\u00ebrmban komplekse anti-skuqje me Baz\u00eb Rutine, Hamamelis, dhe nj\u00eb tetrapeptid specifik, mbron, zbut dhe zbeh skuqjet e l\u00ebkur\u00ebs s\u00eb ndjeshme dhe reaktive. \u00cbsht\u00eb formuluar dhe me Alfa- Glukan Oligosakaride, dhe nj\u00eb pool vitaminash p\u00ebr ti dh\u00ebn\u00eb l\u00ebkur\u00ebs komfortin e duhur. L\u00ebkur\u00eb normale dhe mikse.<br \/>\nP\u00ebrdorimi<br \/>\nAplikojeni kremin n\u00eb m\u00ebngjes dhe n\u00eb dark\u00eb n\u00eb l\u00ebkur\u00eb te past\u00ebr dhe t\u00eb thar\u00eb. Masazhojeni n\u00eb m\u00ebnyr\u00eb delikate nga posht\u00eb lart.<br \/>\nSasia: 40ml<\/p>\n","protected":false},"featured_media":5884,"comment_status":"open","ping_status":"closed","template":"","meta":[],"product_cat":[123],"product_tag":[],"class_list":{"0":"post-6778","1":"product","2":"type-product","3":"status-publish","4":"has-post-thumbnail","6":"product_cat-rilastil","8":"first","9":"instock","10":"shipping-taxable","11":"product-type-simple"},"_links":{"self":[{"href":"https:\/\/megapharm.al\/index.php?rest_route=\/wp\/v2\/product\/6778","targetHints":{"allow":["GET"]}}],"collection":[{"href":"https:\/\/megapharm.al\/index.php?rest_route=\/wp\/v2\/product"}],"about":[{"href":"https:\/\/megapharm.al\/index.php?rest_route=\/wp\/v2\/types\/product"}],"replies":[{"embeddable":true,"href":"https:\/\/megapharm.al\/index.php?rest_route=%2Fwp%2Fv2%2Fcomments&post=6778"}],"wp:featuredmedia":[{"embeddable":true,"href":"https:\/\/megapharm.al\/index.php?rest_route=\/wp\/v2\/media\/5884"}],"wp:attachment":[{"href":"https:\/\/megapharm.al\/index.php?rest_route=%2Fwp%2Fv2%2Fmedia&parent=6778"}],"wp:term":[{"taxonomy":"product_cat","embeddable":true,"href":"https:\/\/megapharm.al\/index.php?rest_route=%2Fwp%2Fv2%2Fproduct_cat&post=6778"},{"taxonomy":"product_tag","embeddable":true,"href":"https:\/\/megapharm.al\/index.php?rest_route=%2Fwp%2Fv2%2Fproduct_tag&post=6778"}],"curies":[{"name":"wp","href":"https:\/\/api.w.org\/{rel}","templated":true}]}}