{"id":6777,"date":"2021-01-24T10:39:36","date_gmt":"2021-01-24T10:39:36","guid":{"rendered":"http:\/\/megapharm.al\/index.php\/product\/import-placeholder-for-3449\/"},"modified":"2024-10-28T04:41:35","modified_gmt":"2024-10-28T04:41:35","slug":"progression-hd-eye-contour-cream","status":"publish","type":"product","link":"https:\/\/megapharm.al\/?product=progression-hd-eye-contour-cream","title":{"rendered":"Progression HD Eye Contour Cream"},"content":{"rendered":"<p>P\u00ebrshkrimi i produktit<br \/>\nProgression HD Eye Contour Cream, krem p\u00ebr zon\u00ebn rreth syve ndri\u00e7ues me nj\u00eb tekstur\u00eb t\u00eb fresk\u00ebt dhe t\u00eb thjesht\u00eb p\u00ebr t\u2019u p\u00ebrthithur. I jep shikimit nj\u00eb pamje t\u00eb \u00e7lodhur dhe t\u00eb ndritshme. Lufton formimin e rrudhave me nj\u00eb aksion mjaft efikas lifting dhe anti-rrudh\u00eb. Rezultati \u00ebsht\u00eb nj\u00eb l\u00ebkur\u00eb m\u00eb e t\u00ebrhequr, uniforme, e shndritshme dhe m\u00eb e re.<br \/>\nP\u00ebrdorimi<br \/>\nAplikojeni n\u00eb m\u00ebngjes dhe dark\u00eb n\u00eb zon\u00ebn e syve me masazh delikat.<br \/>\nSasia: 15ml<\/p>\n","protected":false},"excerpt":{"rendered":"<p>P\u00ebrshkrimi i produktit<br \/>\nProgression HD Eye Contour Cream, krem p\u00ebr zon\u00ebn rreth syve ndri\u00e7ues me nj\u00eb tekstur\u00eb t\u00eb fresk\u00ebt dhe t\u00eb thjesht\u00eb p\u00ebr t\u2019u p\u00ebrthithur. I jep shikimit nj\u00eb pamje t\u00eb \u00e7lodhur dhe t\u00eb ndritshme. Lufton formimin e rrudhave me nj\u00eb aksion mjaft efikas lifting dhe anti-rrudh\u00eb. Rezultati \u00ebsht\u00eb nj\u00eb l\u00ebkur\u00eb m\u00eb e t\u00ebrhequr, uniforme, e shndritshme dhe m\u00eb e re.<br \/>\nP\u00ebrdorimi<br \/>\nAplikojeni n\u00eb m\u00ebngjes dhe dark\u00eb n\u00eb zon\u00ebn e syve me masazh delikat.<br \/>\nSasia: 15ml<\/p>\n","protected":false},"featured_media":5883,"comment_status":"open","ping_status":"closed","template":"","meta":[],"product_cat":[123],"product_tag":[],"class_list":{"0":"post-6777","1":"product","2":"type-product","3":"status-publish","4":"has-post-thumbnail","6":"product_cat-rilastil","8":"first","9":"instock","10":"shipping-taxable","11":"product-type-simple"},"_links":{"self":[{"href":"https:\/\/megapharm.al\/index.php?rest_route=\/wp\/v2\/product\/6777","targetHints":{"allow":["GET"]}}],"collection":[{"href":"https:\/\/megapharm.al\/index.php?rest_route=\/wp\/v2\/product"}],"about":[{"href":"https:\/\/megapharm.al\/index.php?rest_route=\/wp\/v2\/types\/product"}],"replies":[{"embeddable":true,"href":"https:\/\/megapharm.al\/index.php?rest_route=%2Fwp%2Fv2%2Fcomments&post=6777"}],"wp:featuredmedia":[{"embeddable":true,"href":"https:\/\/megapharm.al\/index.php?rest_route=\/wp\/v2\/media\/5883"}],"wp:attachment":[{"href":"https:\/\/megapharm.al\/index.php?rest_route=%2Fwp%2Fv2%2Fmedia&parent=6777"}],"wp:term":[{"taxonomy":"product_cat","embeddable":true,"href":"https:\/\/megapharm.al\/index.php?rest_route=%2Fwp%2Fv2%2Fproduct_cat&post=6777"},{"taxonomy":"product_tag","embeddable":true,"href":"https:\/\/megapharm.al\/index.php?rest_route=%2Fwp%2Fv2%2Fproduct_tag&post=6777"}],"curies":[{"name":"wp","href":"https:\/\/api.w.org\/{rel}","templated":true}]}}