{"id":6776,"date":"2021-01-24T10:39:36","date_gmt":"2021-01-24T10:39:36","guid":{"rendered":"http:\/\/megapharm.al\/index.php\/product\/import-placeholder-for-3448\/"},"modified":"2021-01-24T10:39:41","modified_gmt":"2021-01-24T10:39:41","slug":"progression-hd-serum","status":"publish","type":"product","link":"https:\/\/megapharm.al\/?product=progression-hd-serum","title":{"rendered":"Progression HD serum"},"content":{"rendered":"<p>P\u00ebrshkrimi i produktit<br \/>\nRilastil Progression-Brighness Activator \u00ebsht\u00eb nj\u00eb trajtues fytyre intensiv dhe ka si veti t\u00eb ndri\u00e7oj\u00eb dhe zbus\u00eb l\u00ebkur\u00ebn. Lufton hiperpigmentimin duke zvog\u00ebluar diskromit\u00eb e l\u00ebkur\u00ebs. Ka p\u00ebrqendrim t\u00eb lart\u00eb t\u00eb principeve aktive q\u00eb kryejn\u00eb nj\u00eb veprim mjaft efektiv anti-rrudh\u00eb, liftues dhe tonifikues. L\u00ebkur\u00eb e shndritshme ( Kompleks HD 11,6%). Rigjeneron dhe tonifikon l\u00ebkur\u00ebn. I pasur me Acid Hilauronik dhe PCA Sodium. L\u00ebkura do jet\u00eb e but\u00eb dhe rrezatuese.<br \/>\nP\u00ebrdorimi<br \/>\nAplikojeni n\u00eb fytyre duke e masazhuar me levizje delikate rrethore. Mengjes dhe dark\u00eb deri n\u00eb p\u00ebrthithjen e produktit.<br \/>\nSasia: 30ml<\/p>\n","protected":false},"excerpt":{"rendered":"<p>P\u00ebrshkrimi i produktit<br \/>\nRilastil Progression-Brighness Activator \u00ebsht\u00eb nj\u00eb trajtues fytyre intensiv dhe ka si veti t\u00eb ndri\u00e7oj\u00eb dhe zbus\u00eb l\u00ebkur\u00ebn. Lufton hiperpigmentimin duke zvog\u00ebluar diskromit\u00eb e l\u00ebkur\u00ebs. Ka p\u00ebrqendrim t\u00eb lart\u00eb t\u00eb principeve aktive q\u00eb kryejn\u00eb nj\u00eb veprim mjaft efektiv anti-rrudh\u00eb, liftues dhe tonifikues. L\u00ebkur\u00eb e shndritshme ( Kompleks HD 11,6%). Rigjeneron dhe tonifikon l\u00ebkur\u00ebn. I pasur me Acid Hilauronik dhe PCA Sodium. L\u00ebkura do jet\u00eb e but\u00eb dhe rrezatuese.<br \/>\nP\u00ebrdorimi<br \/>\nAplikojeni n\u00eb fytyre duke e masazhuar me levizje delikate rrethore. Mengjes dhe dark\u00eb deri n\u00eb p\u00ebrthithjen e produktit.<br \/>\nSasia: 30ml<\/p>\n","protected":false},"featured_media":5882,"comment_status":"open","ping_status":"closed","template":"","meta":[],"product_cat":[123],"product_tag":[],"class_list":{"0":"post-6776","1":"product","2":"type-product","3":"status-publish","4":"has-post-thumbnail","6":"product_cat-rilastil","8":"first","9":"instock","10":"shipping-taxable","11":"product-type-simple"},"_links":{"self":[{"href":"https:\/\/megapharm.al\/index.php?rest_route=\/wp\/v2\/product\/6776","targetHints":{"allow":["GET"]}}],"collection":[{"href":"https:\/\/megapharm.al\/index.php?rest_route=\/wp\/v2\/product"}],"about":[{"href":"https:\/\/megapharm.al\/index.php?rest_route=\/wp\/v2\/types\/product"}],"replies":[{"embeddable":true,"href":"https:\/\/megapharm.al\/index.php?rest_route=%2Fwp%2Fv2%2Fcomments&post=6776"}],"wp:featuredmedia":[{"embeddable":true,"href":"https:\/\/megapharm.al\/index.php?rest_route=\/wp\/v2\/media\/5882"}],"wp:attachment":[{"href":"https:\/\/megapharm.al\/index.php?rest_route=%2Fwp%2Fv2%2Fmedia&parent=6776"}],"wp:term":[{"taxonomy":"product_cat","embeddable":true,"href":"https:\/\/megapharm.al\/index.php?rest_route=%2Fwp%2Fv2%2Fproduct_cat&post=6776"},{"taxonomy":"product_tag","embeddable":true,"href":"https:\/\/megapharm.al\/index.php?rest_route=%2Fwp%2Fv2%2Fproduct_tag&post=6776"}],"curies":[{"name":"wp","href":"https:\/\/api.w.org\/{rel}","templated":true}]}}