{"id":6775,"date":"2021-01-24T10:39:36","date_gmt":"2021-01-24T10:39:36","guid":{"rendered":"http:\/\/megapharm.al\/index.php\/product\/import-placeholder-for-3447\/"},"modified":"2021-01-24T10:39:40","modified_gmt":"2021-01-24T10:39:40","slug":"progression-eye-contour-cream","status":"publish","type":"product","link":"https:\/\/megapharm.al\/?product=progression-eye-contour-cream","title":{"rendered":"Progression Eye Contour Cream"},"content":{"rendered":"<p>P\u00ebrshkrimi i produktit<br \/>\nProgression Eye Contour Cream, xhel p\u00ebr zonen e syve, i cili hidraton dhe tonifikon zon\u00ebn periokulare. Mjaft delikat mbi l\u00ebkur\u00eb. I p\u00ebrb\u00ebr\u00eb me Sodium Hyaluronate (minimizon rrudhat e thella, l\u00ebmon l\u00ebkur\u00ebn), Panthenol (forcon dhe ushqen l\u00ebkur\u00ebn delikate t\u00eb syve) dhe Aloe Barbadensis (lufton qeset dhe rrath\u00ebt e syve).<br \/>\nP\u00ebrdorimi<br \/>\nAplikojeni n\u00eb m\u00ebngjes dhe dark\u00eb n\u00eb zon\u00ebn e syve.<br \/>\nSasia: 15ml<\/p>\n","protected":false},"excerpt":{"rendered":"<p>P\u00ebrshkrimi i produktit<br \/>\nProgression Eye Contour Cream, xhel p\u00ebr zonen e syve, i cili hidraton dhe tonifikon zon\u00ebn periokulare. Mjaft delikat mbi l\u00ebkur\u00eb. I p\u00ebrb\u00ebr\u00eb me Sodium Hyaluronate (minimizon rrudhat e thella, l\u00ebmon l\u00ebkur\u00ebn), Panthenol (forcon dhe ushqen l\u00ebkur\u00ebn delikate t\u00eb syve) dhe Aloe Barbadensis (lufton qeset dhe rrath\u00ebt e syve).<br \/>\nP\u00ebrdorimi<br \/>\nAplikojeni n\u00eb m\u00ebngjes dhe dark\u00eb n\u00eb zon\u00ebn e syve.<br \/>\nSasia: 15ml<\/p>\n","protected":false},"featured_media":5881,"comment_status":"open","ping_status":"closed","template":"","meta":[],"product_cat":[123],"product_tag":[],"class_list":{"0":"post-6775","1":"product","2":"type-product","3":"status-publish","4":"has-post-thumbnail","6":"product_cat-rilastil","8":"first","9":"instock","10":"shipping-taxable","11":"product-type-simple"},"_links":{"self":[{"href":"https:\/\/megapharm.al\/index.php?rest_route=\/wp\/v2\/product\/6775","targetHints":{"allow":["GET"]}}],"collection":[{"href":"https:\/\/megapharm.al\/index.php?rest_route=\/wp\/v2\/product"}],"about":[{"href":"https:\/\/megapharm.al\/index.php?rest_route=\/wp\/v2\/types\/product"}],"replies":[{"embeddable":true,"href":"https:\/\/megapharm.al\/index.php?rest_route=%2Fwp%2Fv2%2Fcomments&post=6775"}],"wp:featuredmedia":[{"embeddable":true,"href":"https:\/\/megapharm.al\/index.php?rest_route=\/wp\/v2\/media\/5881"}],"wp:attachment":[{"href":"https:\/\/megapharm.al\/index.php?rest_route=%2Fwp%2Fv2%2Fmedia&parent=6775"}],"wp:term":[{"taxonomy":"product_cat","embeddable":true,"href":"https:\/\/megapharm.al\/index.php?rest_route=%2Fwp%2Fv2%2Fproduct_cat&post=6775"},{"taxonomy":"product_tag","embeddable":true,"href":"https:\/\/megapharm.al\/index.php?rest_route=%2Fwp%2Fv2%2Fproduct_tag&post=6775"}],"curies":[{"name":"wp","href":"https:\/\/api.w.org\/{rel}","templated":true}]}}