{"id":6773,"date":"2021-01-24T10:39:35","date_gmt":"2021-01-24T10:39:35","guid":{"rendered":"http:\/\/megapharm.al\/index.php\/product\/import-placeholder-for-3445\/"},"modified":"2021-01-24T10:39:40","modified_gmt":"2021-01-24T10:39:40","slug":"hydrotenseur-lf-lifting-serum","status":"publish","type":"product","link":"https:\/\/megapharm.al\/?product=hydrotenseur-lf-lifting-serum","title":{"rendered":"Hydrotenseur &#8211; LF Lifting Serum"},"content":{"rendered":"<p>P\u00ebrshkrimi i produktit<br \/>\nRilastil Hydrotenseur LF Lifting Serum \u00ebsht\u00eb koncentrat i cili p\u00ebrthithet shpejt nga l\u00ebkura dhe ka nj\u00eb teksture t\u00eb bute si m\u00ebndafshi. P\u00ebrmban nj\u00eb kompleks ekskluziv, &#8220;Lifting Complex&#8221; , me efekt filler i cili ka veprim mbush\u00ebs dhe ridensifikues. Prania e acidit hialuronik High-Tech ka veprim p\u00ebrforcues duke b\u00ebr\u00eb q\u00eb l\u00ebkura t\u00eb jet\u00eb m\u00eb kompakte dhe elastike. L\u00ebkura do jet\u00eb e t\u00ebrhequr, m\u00eb e fort\u00eb, kompakte dhe elastike.<br \/>\nP\u00ebrdorimi<br \/>\nTrajtim i shpejt\u00eb: P\u00ebrdoreni n\u00eb m\u00ebngjes, m\u00eb pas perdorni kremin lifting.<br \/>\nTrajtim p\u00ebr mir\u00ebmbajtje: P\u00ebrdorni n\u00eb m\u00ebngjes serumin lifting m\u00eb pas kremin e zakonsh\u00ebm Rilastil.<br \/>\n\u00cbsht\u00eb nje baz\u00eb shum\u00eb e mir\u00eb pe make-up.<br \/>\nSasia: 30ml<\/p>\n","protected":false},"excerpt":{"rendered":"<p>P\u00ebrshkrimi i produktit<br \/>\nRilastil Hydrotenseur LF Lifting Serum \u00ebsht\u00eb koncentrat i cili p\u00ebrthithet shpejt nga l\u00ebkura dhe ka nj\u00eb teksture t\u00eb bute si m\u00ebndafshi. P\u00ebrmban nj\u00eb kompleks ekskluziv, &#8220;Lifting Complex&#8221; , me efekt filler i cili ka veprim mbush\u00ebs dhe ridensifikues. Prania e acidit hialuronik High-Tech ka veprim p\u00ebrforcues duke b\u00ebr\u00eb q\u00eb l\u00ebkura t\u00eb jet\u00eb m\u00eb kompakte dhe elastike. L\u00ebkura do jet\u00eb e t\u00ebrhequr, m\u00eb e fort\u00eb, kompakte dhe elastike.<br \/>\nP\u00ebrdorimi<br \/>\nTrajtim i shpejt\u00eb: P\u00ebrdoreni n\u00eb m\u00ebngjes, m\u00eb pas perdorni kremin lifting.<br \/>\nTrajtim p\u00ebr mir\u00ebmbajtje: P\u00ebrdorni n\u00eb m\u00ebngjes serumin lifting m\u00eb pas kremin e zakonsh\u00ebm Rilastil.<br \/>\n\u00cbsht\u00eb nje baz\u00eb shum\u00eb e mir\u00eb pe make-up.<br \/>\nSasia: 30ml<\/p>\n","protected":false},"featured_media":5879,"comment_status":"open","ping_status":"closed","template":"","meta":[],"product_cat":[123],"product_tag":[],"class_list":{"0":"post-6773","1":"product","2":"type-product","3":"status-publish","4":"has-post-thumbnail","6":"product_cat-rilastil","8":"first","9":"instock","10":"shipping-taxable","11":"product-type-simple"},"_links":{"self":[{"href":"https:\/\/megapharm.al\/index.php?rest_route=\/wp\/v2\/product\/6773","targetHints":{"allow":["GET"]}}],"collection":[{"href":"https:\/\/megapharm.al\/index.php?rest_route=\/wp\/v2\/product"}],"about":[{"href":"https:\/\/megapharm.al\/index.php?rest_route=\/wp\/v2\/types\/product"}],"replies":[{"embeddable":true,"href":"https:\/\/megapharm.al\/index.php?rest_route=%2Fwp%2Fv2%2Fcomments&post=6773"}],"wp:featuredmedia":[{"embeddable":true,"href":"https:\/\/megapharm.al\/index.php?rest_route=\/wp\/v2\/media\/5879"}],"wp:attachment":[{"href":"https:\/\/megapharm.al\/index.php?rest_route=%2Fwp%2Fv2%2Fmedia&parent=6773"}],"wp:term":[{"taxonomy":"product_cat","embeddable":true,"href":"https:\/\/megapharm.al\/index.php?rest_route=%2Fwp%2Fv2%2Fproduct_cat&post=6773"},{"taxonomy":"product_tag","embeddable":true,"href":"https:\/\/megapharm.al\/index.php?rest_route=%2Fwp%2Fv2%2Fproduct_tag&post=6773"}],"curies":[{"name":"wp","href":"https:\/\/api.w.org\/{rel}","templated":true}]}}