{"id":6772,"date":"2021-01-24T10:39:35","date_gmt":"2021-01-24T10:39:35","guid":{"rendered":"http:\/\/megapharm.al\/index.php\/product\/import-placeholder-for-3444\/"},"modified":"2021-01-24T10:39:40","modified_gmt":"2021-01-24T10:39:40","slug":"hydrotenseur-lf-lifting-cream","status":"publish","type":"product","link":"https:\/\/megapharm.al\/?product=hydrotenseur-lf-lifting-cream","title":{"rendered":"Hydrotenseur LF Lifting Cream"},"content":{"rendered":"<p>P\u00ebrshkrimi i produktit<br \/>\nRilastil Hydrotenseur LF Lifting Cream ka nj\u00eb tekstur\u00eb t\u00eb pasur dhe kremoze me efekt mbush\u00ebs. Lufton humbjen e tonicitetit t\u00eb l\u00ebkur\u00ebs, rrudhat m\u00eb t\u00eb shtrira dhe konturi i fytyt\u00ebs m\u00eb i mbushur dhe i ridizenjuar. Ekskluziviteti i &#8220;Lifting Complex&#8221; me efekt filleri forcon dhe tonifikon l\u00ebkur\u00ebn. P\u00ebrmban dhe acid hialuronik High Tech vepron si booster<br \/>\nP\u00ebrdorimi<br \/>\nTrajtim intensiv: Aplikoni n\u00eb m\u00ebngjes s Rilastil Hydrotenseur serum, m\u00eb pas kremin lifting Rilastil Hydrotenseur LF . Trajtim mir\u00ebmbajtes: Aplikojeni vet\u00ebm n\u00eb m\u00ebngjes Baz\u00eb e mir\u00eb p\u00ebr make-up<br \/>\nSasia: 50ml<\/p>\n","protected":false},"excerpt":{"rendered":"<p>P\u00ebrshkrimi i produktit<br \/>\nRilastil Hydrotenseur LF Lifting Cream ka nj\u00eb tekstur\u00eb t\u00eb pasur dhe kremoze me efekt mbush\u00ebs. Lufton humbjen e tonicitetit t\u00eb l\u00ebkur\u00ebs, rrudhat m\u00eb t\u00eb shtrira dhe konturi i fytyt\u00ebs m\u00eb i mbushur dhe i ridizenjuar. Ekskluziviteti i &#8220;Lifting Complex&#8221; me efekt filleri forcon dhe tonifikon l\u00ebkur\u00ebn. P\u00ebrmban dhe acid hialuronik High Tech vepron si booster<br \/>\nP\u00ebrdorimi<br \/>\nTrajtim intensiv: Aplikoni n\u00eb m\u00ebngjes s Rilastil Hydrotenseur serum, m\u00eb pas kremin lifting Rilastil Hydrotenseur LF . Trajtim mir\u00ebmbajtes: Aplikojeni vet\u00ebm n\u00eb m\u00ebngjes Baz\u00eb e mir\u00eb p\u00ebr make-up<br \/>\nSasia: 50ml<\/p>\n","protected":false},"featured_media":5878,"comment_status":"open","ping_status":"closed","template":"","meta":[],"product_cat":[123],"product_tag":[],"class_list":{"0":"post-6772","1":"product","2":"type-product","3":"status-publish","4":"has-post-thumbnail","6":"product_cat-rilastil","8":"first","9":"instock","10":"shipping-taxable","11":"product-type-simple"},"_links":{"self":[{"href":"https:\/\/megapharm.al\/index.php?rest_route=\/wp\/v2\/product\/6772","targetHints":{"allow":["GET"]}}],"collection":[{"href":"https:\/\/megapharm.al\/index.php?rest_route=\/wp\/v2\/product"}],"about":[{"href":"https:\/\/megapharm.al\/index.php?rest_route=\/wp\/v2\/types\/product"}],"replies":[{"embeddable":true,"href":"https:\/\/megapharm.al\/index.php?rest_route=%2Fwp%2Fv2%2Fcomments&post=6772"}],"wp:featuredmedia":[{"embeddable":true,"href":"https:\/\/megapharm.al\/index.php?rest_route=\/wp\/v2\/media\/5878"}],"wp:attachment":[{"href":"https:\/\/megapharm.al\/index.php?rest_route=%2Fwp%2Fv2%2Fmedia&parent=6772"}],"wp:term":[{"taxonomy":"product_cat","embeddable":true,"href":"https:\/\/megapharm.al\/index.php?rest_route=%2Fwp%2Fv2%2Fproduct_cat&post=6772"},{"taxonomy":"product_tag","embeddable":true,"href":"https:\/\/megapharm.al\/index.php?rest_route=%2Fwp%2Fv2%2Fproduct_tag&post=6772"}],"curies":[{"name":"wp","href":"https:\/\/api.w.org\/{rel}","templated":true}]}}