{"id":6771,"date":"2021-01-24T10:39:35","date_gmt":"2021-01-24T10:39:35","guid":{"rendered":"http:\/\/megapharm.al\/index.php\/product\/import-placeholder-for-3443\/"},"modified":"2021-01-24T10:39:40","modified_gmt":"2021-01-24T10:39:40","slug":"hydrotenseur-concentrate-in-drops","status":"publish","type":"product","link":"https:\/\/megapharm.al\/?product=hydrotenseur-concentrate-in-drops","title":{"rendered":"Hydrotenseur Concentrate in Drops"},"content":{"rendered":"<p>P\u00ebrshkrimi i produktit<br \/>\nKy serum i Rilastil ka efekt anti-rrudhe dhe mbush\u00ebs s\u00eb l\u00ebkur\u00ebs s\u00eb fytyr\u00ebs. Ka nj\u00eb tekstur\u00eb t\u00eb pasur q\u00eb p\u00ebrthithet shpejt nga l\u00ebkura. Karakteristikat e k\u00ebtij serumi jan\u00eb: veprim anti-oksidues (Vitamine E) nxit prodhimin e kolagjenit rrit qarkullimin qelizor (acid lactobionik) redukton rrudhat p\u00ebr veprimin lifting q\u00eb ka mbush rrudhat, riparon, hidraton l\u00ebkur\u00ebn duke e b\u00ebr\u00eb at\u00eb kompakte dhe t\u00eb l\u00ebmuar (acid hialuronik dhe ceramide)<br \/>\nP\u00ebrdorimi<br \/>\nEvitoni kontaktin me syte. T\u00eb ruhet larg nxeht\u00ebsis\u00eb, me tap\u00eb t\u00eb mbyllur.<br \/>\nSasia: 50ml<\/p>\n","protected":false},"excerpt":{"rendered":"<p>P\u00ebrshkrimi i produktit<br \/>\nKy serum i Rilastil ka efekt anti-rrudhe dhe mbush\u00ebs s\u00eb l\u00ebkur\u00ebs s\u00eb fytyr\u00ebs. Ka nj\u00eb tekstur\u00eb t\u00eb pasur q\u00eb p\u00ebrthithet shpejt nga l\u00ebkura. Karakteristikat e k\u00ebtij serumi jan\u00eb: veprim anti-oksidues (Vitamine E) nxit prodhimin e kolagjenit rrit qarkullimin qelizor (acid lactobionik) redukton rrudhat p\u00ebr veprimin lifting q\u00eb ka mbush rrudhat, riparon, hidraton l\u00ebkur\u00ebn duke e b\u00ebr\u00eb at\u00eb kompakte dhe t\u00eb l\u00ebmuar (acid hialuronik dhe ceramide)<br \/>\nP\u00ebrdorimi<br \/>\nEvitoni kontaktin me syte. T\u00eb ruhet larg nxeht\u00ebsis\u00eb, me tap\u00eb t\u00eb mbyllur.<br \/>\nSasia: 50ml<\/p>\n","protected":false},"featured_media":5877,"comment_status":"open","ping_status":"closed","template":"","meta":[],"product_cat":[123],"product_tag":[],"class_list":{"0":"post-6771","1":"product","2":"type-product","3":"status-publish","4":"has-post-thumbnail","6":"product_cat-rilastil","8":"first","9":"instock","10":"shipping-taxable","11":"product-type-simple"},"_links":{"self":[{"href":"https:\/\/megapharm.al\/index.php?rest_route=\/wp\/v2\/product\/6771","targetHints":{"allow":["GET"]}}],"collection":[{"href":"https:\/\/megapharm.al\/index.php?rest_route=\/wp\/v2\/product"}],"about":[{"href":"https:\/\/megapharm.al\/index.php?rest_route=\/wp\/v2\/types\/product"}],"replies":[{"embeddable":true,"href":"https:\/\/megapharm.al\/index.php?rest_route=%2Fwp%2Fv2%2Fcomments&post=6771"}],"wp:featuredmedia":[{"embeddable":true,"href":"https:\/\/megapharm.al\/index.php?rest_route=\/wp\/v2\/media\/5877"}],"wp:attachment":[{"href":"https:\/\/megapharm.al\/index.php?rest_route=%2Fwp%2Fv2%2Fmedia&parent=6771"}],"wp:term":[{"taxonomy":"product_cat","embeddable":true,"href":"https:\/\/megapharm.al\/index.php?rest_route=%2Fwp%2Fv2%2Fproduct_cat&post=6771"},{"taxonomy":"product_tag","embeddable":true,"href":"https:\/\/megapharm.al\/index.php?rest_route=%2Fwp%2Fv2%2Fproduct_tag&post=6771"}],"curies":[{"name":"wp","href":"https:\/\/api.w.org\/{rel}","templated":true}]}}